{"id":121470,"date":"2024-05-09T16:23:15","date_gmt":"2024-05-09T14:23:15","guid":{"rendered":"https:\/\/hammampacha.com\/shop-en\/?post_type=product&#038;p=121470"},"modified":"2024-05-13T07:06:05","modified_gmt":"2024-05-13T05:06:05","slug":"forfait-super-maman","status":"publish","type":"product","link":"https:\/\/hammampacha.com\/shop-en\/produit\/forfait-super-maman\/","title":{"rendered":"FORFAIT SUPER MAMAN"},"content":{"rendered":"<div class=\"product-name\">\n<h1>CE FORFAIT SUPER MAMAN VALABLE JUSQU&#8217;AU <span style=\"font-size: 36pt;\">30 septembre 2024<\/span> COMPREND :<\/h1>\n<\/div>\n<div class=\"short-description\">\n<table style=\"width: 100%; height: 264px;\" border=\"0\" cellspacing=\"0\" cellpadding=\"0\">\n<tbody>\n<tr style=\"height: 24px;\">\n<td style=\"height: 24px;\">1 entr\u00e9e (avec peignoir, serviette et savates fournis)<\/td>\n<td style=\"height: 24px;\">39 \u20ac<\/td>\n<\/tr>\n<tr style=\"height: 24px;\">\n<td style=\"height: 24px;\">1 tube de savon noir<\/td>\n<td style=\"height: 24px;\">12 \u20ac<\/td>\n<td style=\"height: 24px;\"><\/td>\n<\/tr>\n<tr style=\"height: 24px;\">\n<td style=\"height: 24px;\">1 gant de gommage<\/td>\n<td style=\"height: 24px;\">12 \u20ac<\/td>\n<\/tr>\n<tr style=\"height: 24px;\">\n<td style=\"height: 24px;\">1 gommage r\u00e9alis\u00e9 par l&#8217;une de nos gommeuses<\/td>\n<td style=\"height: 24px;\">20 \u20ac<\/td>\n<\/tr>\n<tr style=\"height: 24px;\">\n<td style=\"height: 24px;\">1 savonnage du corps \u00e0 la rose pour une peau douce et \u00e9clatante<\/td>\n<td style=\"height: 24px;\">20 \u20ac<\/td>\n<\/tr>\n<tr style=\"height: 24px;\">\n<td style=\"height: 24px;\">1 enveloppement du corps \u00e0 l\u2019argile<\/td>\n<td style=\"height: 24px;\">20 \u20ac<\/td>\n<\/tr>\n<tr style=\"height: 24px;\">\n<td style=\"height: 24px;\">1 soin exfoliant des jambes au Oud et \u00e0 la rose suivi d\u2019un massage plantaire \u00e0 l\u2019huile de Oud et rose pour une hydratation intense des jambes et une sensation de l\u00e9g\u00e8ret\u00e9<\/td>\n<td style=\"height: 24px;\">30 \u20ac<\/td>\n<\/tr>\n<tr style=\"height: 24px;\">\n<td style=\"height: 24px;\">1 massage du corps de 15 min \u00e0 l\u2019huile chaude de Oud et rose<\/td>\n<td style=\"height: 24px;\">33 \u20ac<\/td>\n<\/tr>\n<tr style=\"height: 24px;\">\n<td style=\"height: 24px;\">1 th\u00e9 \u00e0 la rose<\/td>\n<td style=\"height: 24px;\">5 \u20ac<\/td>\n<\/tr>\n<tr style=\"height: 24px;\">\n<td style=\"height: 24px;\">Total \u00e0 la carte :<\/td>\n<td style=\"height: 24px;\"><span style=\"text-decoration: line-through;\">191\u20ac<\/span><\/td>\n<\/tr>\n<tr style=\"height: 24px;\">\n<td style=\"height: 24px;\"><strong>Total en forfait :<\/strong><\/td>\n<td style=\"height: 24px;\"><strong>135\u20ac<\/strong><\/td>\n<\/tr>\n<\/tbody>\n<\/table>\n<p><span style=\"color: #993366;\"><strong><span style=\"font-size: 14pt;\">\u00a0<\/span><\/strong><\/span><\/p>\n<p>Pr\u00e9voir minimum 3 h 30 &#8211; Inutile de prendre rendez-vous<br \/>\n<strong><u>Ce forfait Super Maman est valable jusqu&#8217;au 30 septembre 2024<\/u><\/strong><br \/>\nValable uniquement au Hammam Pacha de PARIS<\/p>\n<p><strong>Vous pourrez t\u00e9l\u00e9charger imm\u00e9diatement votre commande d\u00e8s votre paiement effectu\u00e9.<\/strong><\/p>\n<figure id=\"attachment_89902\" aria-describedby=\"caption-attachment-89902\" style=\"width: 300px\" class=\"wp-caption alignnone\"><img loading=\"lazy\" decoding=\"async\" class=\"wp-image-89902 size-medium\" src=\"https:\/\/hammampacha.com\/shop-en\/wp-content\/uploads\/2022\/09\/Massage-du-corps-hammam-pacha-300x216.jpg\" alt=\"Forfait Super Maman\" width=\"300\" height=\"216\" title=\"\" srcset=\"https:\/\/hammampacha.com\/shop-en\/wp-content\/uploads\/2022\/09\/Massage-du-corps-hammam-pacha-300x216.jpg 300w, https:\/\/hammampacha.com\/shop-en\/wp-content\/uploads\/2022\/09\/Massage-du-corps-hammam-pacha-416x300.jpg 416w, https:\/\/hammampacha.com\/shop-en\/wp-content\/uploads\/2022\/09\/Massage-du-corps-hammam-pacha.jpg 600w\" sizes=\"(max-width: 300px) 100vw, 300px\" \/><figcaption id=\"caption-attachment-89902\" class=\"wp-caption-text\">Forfait Super Maman<\/figcaption><\/figure>\n<\/div>\n","protected":false},"excerpt":{"rendered":"<p>Forfait SUPER MAMAN comprenant : 1 gommage,\u00a0 1 enveloppement \u00e0 l&#8217;argile, 1 savonnage du corps \u00e0 la rose, 1 soin exfoliant des jambes au Oud et \u00e0 la rose suivi d\u2019un massage plantaire \u00e0 l\u2019huile de Oud et rose, 1 enveloppement \u00e0 l&#8217;argile, 1 massage du corps \u00e0 l&#8217;huile chaude de oud, 1 th\u00e9 \u00e0 la rose<\/p>\n","protected":false},"featured_media":121594,"template":"","meta":[],"product_cat":[120],"product_tag":[],"class_list":["post-121470","product","type-product","status-publish","has-post-thumbnail","hentry","product_cat-promotions"],"_links":{"self":[{"href":"https:\/\/hammampacha.com\/shop-en\/wp-json\/wp\/v2\/product\/121470"}],"collection":[{"href":"https:\/\/hammampacha.com\/shop-en\/wp-json\/wp\/v2\/product"}],"about":[{"href":"https:\/\/hammampacha.com\/shop-en\/wp-json\/wp\/v2\/types\/product"}],"wp:featuredmedia":[{"embeddable":true,"href":"https:\/\/hammampacha.com\/shop-en\/wp-json\/wp\/v2\/media\/121594"}],"wp:attachment":[{"href":"https:\/\/hammampacha.com\/shop-en\/wp-json\/wp\/v2\/media?parent=121470"}],"wp:term":[{"taxonomy":"product_cat","embeddable":true,"href":"https:\/\/hammampacha.com\/shop-en\/wp-json\/wp\/v2\/product_cat?post=121470"},{"taxonomy":"product_tag","embeddable":true,"href":"https:\/\/hammampacha.com\/shop-en\/wp-json\/wp\/v2\/product_tag?post=121470"}],"curies":[{"name":"wp","href":"https:\/\/api.w.org\/{rel}","templated":true}]}}