{"id":1217,"date":"2019-12-01T10:40:54","date_gmt":"2019-12-01T09:40:54","guid":{"rendered":"http:\/\/hammampacha.com\/shop-en\/?post_type=product&#038;p=1217"},"modified":"2024-07-11T15:17:38","modified_gmt":"2024-07-11T13:17:38","slug":"huile-dargan-100-biologique-50-ml","status":"publish","type":"product","link":"https:\/\/hammampacha.com\/shop-en\/produit\/huile-dargan-100-biologique-50-ml\/","title":{"rendered":"Huile d\u2019Argan 100 % Biologique 50 ml"},"content":{"rendered":"<div class=\"product-name\">\n<h1>Huile d\u2019Argan 100 % Biologique 50 ml<\/h1>\n<\/div>\n<div class=\"short-description\">\n<p><strong>La meilleure<br \/>\nHuile d\u2019Argan 100% Biologique<\/strong><\/p>\n<p>Un produit 100% naturel<\/p>\n<p><strong>Sa richesse en acides gras essentiels et en vitamines E <\/strong><strong>fait d\u2019elle une huile tr\u00e8s nourrissante, <\/strong><\/p>\n<p><strong>r\u00e9g\u00e9n\u00e9rante et restructurante pour la peau, les cheveux mais aussi les ongles.<br \/>\nElle est id\u00e9ale pour les peaux s\u00e8ches, <\/strong><strong>voire tr\u00e8s s\u00e8ches. <\/strong><\/p>\n<p><strong>Sa forte teneur en antioxydants favorisant la lutte <\/strong><strong>contre le dess\u00e8chement de la peau.<\/strong><\/p>\n<p><strong>Origines<\/strong><br \/>\nUtilis\u00e9e depuis des si\u00e8cles par les femmes marocaines, l\u2019huile d\u2019Argan est originaire du Maroc <strong>et plus particuli\u00e8rement du fruit de l\u2019arganier.<\/strong><\/p>\n<p>Au Hammam Pacha<br \/>\nNous vous proposons une huile d\u2019argan 100% naturelle et BIO.<\/p>\n<p><strong>Son parfum vous fera voyager et votre peau retrouvera<br \/>\ndouceur et hydratation.<\/strong><\/p>\n<p>Pot de 50 ml 12\u20ac<\/p>\n<p><u>Frais de port gratuits pour la France \u00e0 partir de 25 \u20ac d&#8217;exp\u00e9dition<\/u><\/p>\n<p><strong>2 options pour commander : <\/strong><\/p>\n<p><strong>En t\u00e9l\u00e9chargement imm\u00e9diat : les produits seront \u00e0 votre disposition lors de votre venue au Hammam Pacha. <\/strong><\/p>\n<p><strong>Par la poste : Les produits seront exp\u00e9di\u00e9s en colissimo \u00e0 votre adresse dans un coffret cadeau.<\/strong><\/p>\n<\/div>\n","protected":false},"excerpt":{"rendered":"<p>Huile d\u2019Argan 100 % Biologique 50 ml La meilleure Huile d\u2019Argan 100% Biologique Un produit 100% naturel Sa richesse en acides gras essentiels et en vitamines E fait d\u2019elle une huile tr\u00e8s nourrissante, r\u00e9g\u00e9n\u00e9rante et restructurante pour la peau, les cheveux mais aussi les ongles. Elle est id\u00e9ale pour les peaux s\u00e8ches, voire tr\u00e8s s\u00e8ches. [&hellip;]<\/p>\n","protected":false},"featured_media":123308,"template":"","meta":[],"product_cat":[119],"product_tag":[],"class_list":["post-1217","product","type-product","status-publish","has-post-thumbnail","hentry","product_cat-our-care-products"],"_links":{"self":[{"href":"https:\/\/hammampacha.com\/shop-en\/wp-json\/wp\/v2\/product\/1217"}],"collection":[{"href":"https:\/\/hammampacha.com\/shop-en\/wp-json\/wp\/v2\/product"}],"about":[{"href":"https:\/\/hammampacha.com\/shop-en\/wp-json\/wp\/v2\/types\/product"}],"wp:featuredmedia":[{"embeddable":true,"href":"https:\/\/hammampacha.com\/shop-en\/wp-json\/wp\/v2\/media\/123308"}],"wp:attachment":[{"href":"https:\/\/hammampacha.com\/shop-en\/wp-json\/wp\/v2\/media?parent=1217"}],"wp:term":[{"taxonomy":"product_cat","embeddable":true,"href":"https:\/\/hammampacha.com\/shop-en\/wp-json\/wp\/v2\/product_cat?post=1217"},{"taxonomy":"product_tag","embeddable":true,"href":"https:\/\/hammampacha.com\/shop-en\/wp-json\/wp\/v2\/product_tag?post=1217"}],"curies":[{"name":"wp","href":"https:\/\/api.w.org\/{rel}","templated":true}]}}