{"id":1439,"date":"2019-12-01T08:11:03","date_gmt":"2019-12-01T07:11:03","guid":{"rendered":"http:\/\/hammampacha.com\/shop-en\/?post_type=product&#038;p=1439"},"modified":"2023-07-12T20:47:20","modified_gmt":"2023-07-12T18:47:20","slug":"savon-noir-40-ml","status":"publish","type":"product","link":"https:\/\/hammampacha.com\/shop-en\/produit\/savon-noir-40-ml\/","title":{"rendered":"Savon noir 40 ml"},"content":{"rendered":"<p><strong>Il nettoie la peau tout en douceur<br \/>\nLe savon noir est si doux qu\u2019il peut s\u2019utiliser<br \/>\nau quotidien comme gel douche une fois dilu\u00e9 dans l\u2019eau.<br \/>\nId\u00e9al pour nettoyer \u00e9galement le visage<br \/>\n(attention ne pas s\u2019approcher trop des yeux).<br \/>\nAppliquez le savon noir en l\u2019\u00e9mulsionnant et laisser agir 10 minutes,<br \/>\npuis rincez tout en gommant avec un gant sp\u00e9cial marocain ou un gant de crin.<br \/>\nPeau douce et nette garantie.<\/strong><\/p>\n<p>Origines<br \/>\nRiche en vitamines E, le savon noir poss\u00e8de des<br \/>\npropri\u00e9t\u00e9s hydratantes et exfoliantes.<br \/>\nIl est \u00e9norm\u00e9ment utilis\u00e9 en Afrique du Nord pour purifier l\u2019\u00e9piderme.<\/p>\n<p>Au Hammam Pacha<br \/>\nNous vous proposons un savon noir pur 100% naturel<br \/>\ndirectement import\u00e9 du Maroc. C\u2019est un excellent anti rides<br \/>\ngr\u00e2ce \u00e0 son film hydrolipidique qui pr\u00e9servera \u00e0 coup s\u00fbr<br \/>\nla bonne sant\u00e9 de votre peau.<\/p>\n<p>Tube de 40 ml 12\u20ac<\/p>\n<div class=\"short-description\">\n<p><u>Frais de port gratuits pour la France \u00e0 partir de 25 \u20ac d&#8217;exp\u00e9dition<\/u><\/p>\n<p><strong>2 options pour commander : <\/strong><\/p>\n<p><strong>En t\u00e9l\u00e9chargement imm\u00e9diat : les produits seront \u00e0 votre disposition lors de votre venue au Hammam Pacha. <\/strong><\/p>\n<p><strong>Par la poste : Les produits seront exp\u00e9di\u00e9s en colissimo \u00e0 votre adresse dans un coffret cadeau.<\/strong><\/p>\n<\/div>\n","protected":false},"excerpt":{"rendered":"<p>Il nettoie la peau tout en douceur Le savon noir est si doux qu\u2019il peut s\u2019utiliser au quotidien comme gel douche une fois dilu\u00e9 dans l\u2019eau. Id\u00e9al pour nettoyer \u00e9galement le visage (attention ne pas s\u2019approcher trop des yeux). Appliquez le savon noir en l\u2019\u00e9mulsionnant et laisser agir 10 minutes, puis rincez tout en gommant [&hellip;]<\/p>\n","protected":false},"featured_media":1470,"template":"","meta":[],"product_cat":[119],"product_tag":[],"class_list":["post-1439","product","type-product","status-publish","has-post-thumbnail","hentry","product_cat-our-care-products"],"_links":{"self":[{"href":"https:\/\/hammampacha.com\/shop-en\/wp-json\/wp\/v2\/product\/1439"}],"collection":[{"href":"https:\/\/hammampacha.com\/shop-en\/wp-json\/wp\/v2\/product"}],"about":[{"href":"https:\/\/hammampacha.com\/shop-en\/wp-json\/wp\/v2\/types\/product"}],"wp:featuredmedia":[{"embeddable":true,"href":"https:\/\/hammampacha.com\/shop-en\/wp-json\/wp\/v2\/media\/1470"}],"wp:attachment":[{"href":"https:\/\/hammampacha.com\/shop-en\/wp-json\/wp\/v2\/media?parent=1439"}],"wp:term":[{"taxonomy":"product_cat","embeddable":true,"href":"https:\/\/hammampacha.com\/shop-en\/wp-json\/wp\/v2\/product_cat?post=1439"},{"taxonomy":"product_tag","embeddable":true,"href":"https:\/\/hammampacha.com\/shop-en\/wp-json\/wp\/v2\/product_tag?post=1439"}],"curies":[{"name":"wp","href":"https:\/\/api.w.org\/{rel}","templated":true}]}}