{"id":2550,"date":"2019-12-08T06:46:24","date_gmt":"2019-12-08T05:46:24","guid":{"rendered":"http:\/\/hammampacha.com\/shop-en\/?post_type=product&#038;p=2550"},"modified":"2023-07-12T20:57:56","modified_gmt":"2023-07-12T18:57:56","slug":"huile-de-massage-a-la-fleur-doranger-200-ml","status":"publish","type":"product","link":"https:\/\/hammampacha.com\/shop-en\/produit\/huile-de-massage-a-la-fleur-doranger-200-ml\/","title":{"rendered":"Huile de Massage \u00e0 la Fleur d\u2019Oranger 200 ml"},"content":{"rendered":"<div class=\"product-name\">\n<h1>Huile de Massage \u00e0 la Fleur d\u2019Oranger 200 ml<\/h1>\n<\/div>\n<div class=\"short-description\">\n<p><strong>La Magnifique<br \/>\nHuile de Massage \u00e0 la Fleur d\u2019Oranger<\/strong><\/p>\n<p>Origines<br \/>\nLa fleur d\u2019oranger distille son odeur depuis le bigaradier,<\/p>\n<p><strong>un petit arbuste, sur lequel elle pousse dans les pays<br \/>\ndu sud de l\u2019Europe et surtout en Espagne, <\/strong><strong>en Italie et au Maroc.<\/strong><\/p>\n<p><strong>Bienfaits<br \/>\nLa fleur d\u2019oranger poss\u00e8de des vertus calmantes, d\u00e9stressantes et r\u00e9g\u00e9n\u00e9rantes,<br \/>\npr\u00e9cieuses dans des soins pour le visage comme pour le corps.<\/strong><\/p>\n<p>Au Hammam Pacha<br \/>\nL\u2019huile de massage \u00e0 la fleur d\u2019oranger est utilis\u00e9e au cours<br \/>\ndes massages.<\/p>\n<p><strong>Elle favorise l\u2019absorption par la peau d\u2019une huile v\u00e9g\u00e9tale.<br \/>\nCette huile poss\u00e8de de formidables propri\u00e9t\u00e9s<br \/>\nr\u00e9g\u00e9n\u00e9ratrices de cellules, ce qui en fait un puissant anti-oxydant. <\/strong><\/p>\n<p><strong>Cette huile est donc un anti rides id\u00e9al.<br \/>\nElle sera tr\u00e8s appr\u00e9ci\u00e9e des peaux sensibles<\/strong><\/p>\n<p>Flacon de 200 ml 20\u20ac<\/p>\n<p><strong><u>Frais de port gratuits pour la France \u00e0 partir de 25 \u20ac d&#8217;exp\u00e9dition<\/u><\/strong><\/p>\n<\/div>\n<div class=\"short-description\">\n<p><strong>2 options pour commander : <\/strong><\/p>\n<p><strong>En t\u00e9l\u00e9chargement imm\u00e9diat : les produits seront \u00e0 votre disposition lors de votre venue au Hammam Pacha. <\/strong><\/p>\n<p><strong>Par la poste : Les produits seront exp\u00e9di\u00e9s en colissimo \u00e0 votre adresse dans un coffret cadeau.<\/strong><\/p>\n<\/div>\n","protected":false},"excerpt":{"rendered":"<h1><span style=\"font-size: 18pt;\">Huile de Massage \u00e0 la Fleur d\u2019Oranger 200 ml<\/span><\/h1>\n","protected":false},"featured_media":4358,"template":"","meta":[],"product_cat":[119],"product_tag":[],"class_list":["post-2550","product","type-product","status-publish","has-post-thumbnail","hentry","product_cat-our-care-products"],"_links":{"self":[{"href":"https:\/\/hammampacha.com\/shop-en\/wp-json\/wp\/v2\/product\/2550"}],"collection":[{"href":"https:\/\/hammampacha.com\/shop-en\/wp-json\/wp\/v2\/product"}],"about":[{"href":"https:\/\/hammampacha.com\/shop-en\/wp-json\/wp\/v2\/types\/product"}],"wp:featuredmedia":[{"embeddable":true,"href":"https:\/\/hammampacha.com\/shop-en\/wp-json\/wp\/v2\/media\/4358"}],"wp:attachment":[{"href":"https:\/\/hammampacha.com\/shop-en\/wp-json\/wp\/v2\/media?parent=2550"}],"wp:term":[{"taxonomy":"product_cat","embeddable":true,"href":"https:\/\/hammampacha.com\/shop-en\/wp-json\/wp\/v2\/product_cat?post=2550"},{"taxonomy":"product_tag","embeddable":true,"href":"https:\/\/hammampacha.com\/shop-en\/wp-json\/wp\/v2\/product_tag?post=2550"}],"curies":[{"name":"wp","href":"https:\/\/api.w.org\/{rel}","templated":true}]}}