{"id":2605,"date":"2019-12-08T06:57:15","date_gmt":"2019-12-08T05:57:15","guid":{"rendered":"http:\/\/hammampacha.com\/shop-en\/?post_type=product&#038;p=2605"},"modified":"2023-07-12T20:59:02","modified_gmt":"2023-07-12T18:59:02","slug":"gel-douche-a-la-fleur-doranger-200-ml","status":"publish","type":"product","link":"https:\/\/hammampacha.com\/shop-en\/produit\/gel-douche-a-la-fleur-doranger-200-ml\/","title":{"rendered":"Gel douche \u00e0 la Fleur d\u2019Oranger 200 ml"},"content":{"rendered":"<div class=\"product-name\">\n<h1>Gel douche \u00e0 la Fleur d\u2019Oranger 200 ml<\/h1>\n<\/div>\n<div class=\"short-description\">\n<p><strong>Le Soyeux<br \/>\nGel douche \u00e0 la Fleur d\u2019Oranger<\/strong><\/p>\n<p>Origines<br \/>\nLa fleur d\u2019oranger distilleson odeur depuis lebigaradier,<\/p>\n<p><strong>un petit arbuste, sur lequel elle pousse dans les pays<br \/>\ndu sud de l\u2019Europe et surtout en Espagne, <\/strong><\/p>\n<p><strong>en Italie et au Maroc.<\/strong><br \/>\n<strong>Bienfaits<br \/>\nLa fleur d\u2019oranger poss\u00e8de des vertus<br \/>\ncalmantes, d\u00e9stressantes et r\u00e9g\u00e9n\u00e9rantes,<br \/>\npr\u00e9cieuses dans des soins pour le visage<br \/>\ncomme pour le corps.<\/strong><\/p>\n<p>Au Hammam Pacha<br \/>\nLe gel douche \u00e0 la fleur d\u2019oranger est utilis\u00e9<br \/>\ndans le forfait bien\u00eatre.<br \/>\nIl r\u00e9veille l\u2019\u00e9piderme et le tonifie.<\/p>\n<p><strong>Adoucissant, il permet de r\u00e9\u00e9quilibrer les<br \/>\npeaux s\u00e8ches, de les rendre plus souples et \u00e9clatantes.<\/strong><\/p>\n<p>Flacon de 200 ml 20\u20ac<\/p>\n<p>&nbsp;<\/p>\n<p><strong><u>Frais de port gratuits pour la France \u00e0 partir de 25 \u20ac d&#8217;exp\u00e9dition<\/u><\/strong><\/p>\n<\/div>\n<p>&nbsp;<\/p>\n<div class=\"short-description\">\n<p><strong>2 options pour commander : <\/strong><\/p>\n<p><strong>En t\u00e9l\u00e9chargement imm\u00e9diat : les produits seront \u00e0 votre disposition lors de votre venue au Hammam Pacha. <\/strong><\/p>\n<p><strong>Par la poste : Les produits seront exp\u00e9di\u00e9s en colissimo \u00e0 votre adresse dans un coffret cadeau.<\/strong><\/p>\n<\/div>\n","protected":false},"excerpt":{"rendered":"<h1><span style=\"font-size: 18pt;\">Gel douche \u00e0 la Fleur d\u2019Oranger 200 ml<\/span><\/h1>\n","protected":false},"featured_media":4367,"template":"","meta":[],"product_cat":[119],"product_tag":[],"class_list":["post-2605","product","type-product","status-publish","has-post-thumbnail","hentry","product_cat-our-care-products"],"_links":{"self":[{"href":"https:\/\/hammampacha.com\/shop-en\/wp-json\/wp\/v2\/product\/2605"}],"collection":[{"href":"https:\/\/hammampacha.com\/shop-en\/wp-json\/wp\/v2\/product"}],"about":[{"href":"https:\/\/hammampacha.com\/shop-en\/wp-json\/wp\/v2\/types\/product"}],"wp:featuredmedia":[{"embeddable":true,"href":"https:\/\/hammampacha.com\/shop-en\/wp-json\/wp\/v2\/media\/4367"}],"wp:attachment":[{"href":"https:\/\/hammampacha.com\/shop-en\/wp-json\/wp\/v2\/media?parent=2605"}],"wp:term":[{"taxonomy":"product_cat","embeddable":true,"href":"https:\/\/hammampacha.com\/shop-en\/wp-json\/wp\/v2\/product_cat?post=2605"},{"taxonomy":"product_tag","embeddable":true,"href":"https:\/\/hammampacha.com\/shop-en\/wp-json\/wp\/v2\/product_tag?post=2605"}],"curies":[{"name":"wp","href":"https:\/\/api.w.org\/{rel}","templated":true}]}}