{"id":2606,"date":"2019-12-08T07:00:19","date_gmt":"2019-12-08T06:00:19","guid":{"rendered":"http:\/\/hammampacha.com\/shop-en\/?post_type=product&#038;p=2606"},"modified":"2023-07-12T20:59:36","modified_gmt":"2023-07-12T18:59:36","slug":"creme-de-jour-a-lhuile-dargan-50ml","status":"publish","type":"product","link":"https:\/\/hammampacha.com\/shop-en\/produit\/creme-de-jour-a-lhuile-dargan-50ml\/","title":{"rendered":"Cr\u00e8me de jour \u00e0 l\u2019Huile d\u2019Argan 50ml"},"content":{"rendered":"<p><strong>La sublime<br \/>\nCr\u00e8me de jour \u00e0 l\u2019Huile d\u2019Argan 50ml<\/strong><\/p>\n<p>Origines<br \/>\nUtilis\u00e9e depuis des si\u00e8cles par les femmes<br \/>\nmarocaines, l\u2019huile d\u2019Argan est originaire<br \/>\ndu Maroc et plus particuli\u00e8rement du<br \/>\nfruit de l\u2019arganier.<\/p>\n<p>Les vertus de la cr\u00e8me de jour du Hammam Pacha<br \/>\nNous vous proposons une cr\u00e8me de jour \u00e0 l\u2019Argan qui poss\u00e8de des vertus<br \/>\nr\u00e9g\u00e9n\u00e9rantes pour votre peau et lui procurera douceur et hydratation.<\/p>\n<p>Pot de 50 ml 20\u20ac<\/p>\n<p><strong><u>Frais de port gratuits pour la France \u00e0 partir de 25 \u20ac d&#8217;exp\u00e9dition<\/u><\/strong><\/p>\n<div class=\"short-description\">\n<p><strong>2 options pour commander : <\/strong><\/p>\n<p><strong>En t\u00e9l\u00e9chargement imm\u00e9diat : les produits seront \u00e0 votre disposition lors de votre venue au Hammam Pacha. <\/strong><\/p>\n<p><strong>Par la poste : Les produits seront exp\u00e9di\u00e9s en colissimo \u00e0 votre adresse dans un coffret cadeau.<\/strong><\/p>\n<\/div>\n","protected":false},"excerpt":{"rendered":"<p><strong>Cr\u00e8me \u00e0 l\u2019Huile d\u2019Argan 50ml<\/strong><\/p>\n","protected":false},"featured_media":4648,"template":"","meta":[],"product_cat":[119],"product_tag":[],"class_list":["post-2606","product","type-product","status-publish","has-post-thumbnail","hentry","product_cat-our-care-products"],"_links":{"self":[{"href":"https:\/\/hammampacha.com\/shop-en\/wp-json\/wp\/v2\/product\/2606"}],"collection":[{"href":"https:\/\/hammampacha.com\/shop-en\/wp-json\/wp\/v2\/product"}],"about":[{"href":"https:\/\/hammampacha.com\/shop-en\/wp-json\/wp\/v2\/types\/product"}],"wp:featuredmedia":[{"embeddable":true,"href":"https:\/\/hammampacha.com\/shop-en\/wp-json\/wp\/v2\/media\/4648"}],"wp:attachment":[{"href":"https:\/\/hammampacha.com\/shop-en\/wp-json\/wp\/v2\/media?parent=2606"}],"wp:term":[{"taxonomy":"product_cat","embeddable":true,"href":"https:\/\/hammampacha.com\/shop-en\/wp-json\/wp\/v2\/product_cat?post=2606"},{"taxonomy":"product_tag","embeddable":true,"href":"https:\/\/hammampacha.com\/shop-en\/wp-json\/wp\/v2\/product_tag?post=2606"}],"curies":[{"name":"wp","href":"https:\/\/api.w.org\/{rel}","templated":true}]}}