{"id":29027,"date":"2020-11-21T17:10:49","date_gmt":"2020-11-21T16:10:49","guid":{"rendered":"http:\/\/hammampacha.com\/shop-en\/?post_type=product&#038;p=29027"},"modified":"2024-03-01T19:15:43","modified_gmt":"2024-03-01T18:15:43","slug":"forfait-beaute-1","status":"publish","type":"product","link":"https:\/\/hammampacha.com\/shop-en\/produit\/forfait-beaute-1\/","title":{"rendered":"FORFAIT BEAUTE"},"content":{"rendered":"<div class=\"product-name\">\n<h1><span style=\"font-size: 18pt;\">FORFAIT BEAUTE PARIS<br \/>\n<\/span><\/h1>\n<\/div>\n<div class=\"short-description\">\n<p>Ce pack comprenant :<\/p>\n<table border=\"0\" cellspacing=\"0\" cellpadding=\"0\">\n<tbody>\n<tr>\n<td>1 entr\u00e9e avec peignoir, serviette et mules fournis<\/td>\n<td>39 \u20ac<\/td>\n<\/tr>\n<tr>\n<td>1 tube de savon noir<\/td>\n<td>12 \u20ac<\/td>\n<\/tr>\n<tr>\n<td>1 gant de gommage<\/td>\n<td>12 \u20ac<\/td>\n<\/tr>\n<tr>\n<td>1 gommage r\u00e9alis\u00e9 par l&#8217;une de nos gommeuses<\/td>\n<td>20 \u20ac<\/td>\n<\/tr>\n<tr>\n<td>1 massage corps 15 mn*<\/td>\n<td>28 \u20ac<\/td>\n<\/tr>\n<tr>\n<td>1 repas (<em>1 plat + 1 dessert + 1 boisson \u00ab\u00a0soft\u00a0\u00bb)<\/em><\/td>\n<td>30 \u20ac<\/td>\n<\/tr>\n<tr>\n<td>Total \u00e0 la carte<\/td>\n<td><span style=\"text-decoration: line-through;\">141 \u20ac<\/span><\/td>\n<\/tr>\n<tr>\n<td><strong>Total en forfait<\/strong><\/td>\n<td><strong>100 \u20ac<\/strong><\/td>\n<\/tr>\n<\/tbody>\n<\/table>\n<p><span style=\"color: #ff0000;\"><strong><span style=\"font-size: 18pt;\">\u00a0<\/span><\/strong><\/span><\/p>\n<p><strong>Le forfait d\u00e9couverte par excellence, relaxation garantie.<\/strong><b><\/b><\/p>\n<p>Pr\u00e9voir environ 4,5 heures &#8211; inutile de prendre rendez-vous<br \/>\nCe forfait et l&#8217;entr\u00e9e sont valables 1 an \u00e0 compter de leur date d&#8217;\u00e9mission<br \/>\nValable uniquement au Hammam Pacha de Paris<\/p>\n<p>*Massage non th\u00e9rapeutique<\/p>\n<p><strong>Vous pourrez t\u00e9l\u00e9charger imm\u00e9diatement votre commande d\u00e8s votre paiement effectu\u00e9.<\/strong><\/p>\n<\/div>\n","protected":false},"excerpt":{"rendered":"<p><strong>Le forfait d\u00e9couverte par excellence, relaxation garantie.<\/strong><\/p>\n","protected":false},"featured_media":118122,"template":"","meta":[],"product_cat":[],"product_tag":[],"class_list":["post-29027","product","type-product","status-publish","has-post-thumbnail","hentry"],"_links":{"self":[{"href":"https:\/\/hammampacha.com\/shop-en\/wp-json\/wp\/v2\/product\/29027"}],"collection":[{"href":"https:\/\/hammampacha.com\/shop-en\/wp-json\/wp\/v2\/product"}],"about":[{"href":"https:\/\/hammampacha.com\/shop-en\/wp-json\/wp\/v2\/types\/product"}],"wp:featuredmedia":[{"embeddable":true,"href":"https:\/\/hammampacha.com\/shop-en\/wp-json\/wp\/v2\/media\/118122"}],"wp:attachment":[{"href":"https:\/\/hammampacha.com\/shop-en\/wp-json\/wp\/v2\/media?parent=29027"}],"wp:term":[{"taxonomy":"product_cat","embeddable":true,"href":"https:\/\/hammampacha.com\/shop-en\/wp-json\/wp\/v2\/product_cat?post=29027"},{"taxonomy":"product_tag","embeddable":true,"href":"https:\/\/hammampacha.com\/shop-en\/wp-json\/wp\/v2\/product_tag?post=29027"}],"curies":[{"name":"wp","href":"https:\/\/api.w.org\/{rel}","templated":true}]}}