{"id":308,"date":"2019-11-16T11:05:15","date_gmt":"2019-11-16T10:05:15","guid":{"rendered":"http:\/\/hammampacha.com\/shop-en\/?post_type=product&#038;p=308"},"modified":"2023-08-06T01:04:27","modified_gmt":"2023-08-05T23:04:27","slug":"enveloppement-aux-algues-savonnage-a-la-fleur-doranger","status":"publish","type":"product","link":"https:\/\/hammampacha.com\/shop-en\/produit\/enveloppement-aux-algues-savonnage-a-la-fleur-doranger\/","title":{"rendered":"Enveloppement aux algues + savonnage \u00e0 la fleur d&#8217;oranger"},"content":{"rendered":"<div class=\"product-name\">\n<h1>Enveloppement aux algues + savonnage \u00e0 la fleur d&#8217;oranger<\/h1>\n<\/div>\n<div class=\"short-description\">\n<p><strong>Enveloppement aux algues + savonnage \u00e0 la fleur d&#8217;oranger<\/strong><\/p>\n<p><u><strong>Attention\u00a0 : Ce soin n\u00e9cessite une entr\u00e9e ou un forfait valide pour \u00eatre utilis\u00e9<\/strong><\/u><\/p>\n<p>Pr\u00e9voir minimum 2h \u00e0 4h selon l\u2019affluence &#8211; <strong>Sans rendez-vous<\/strong><\/p>\n<p><strong>Les d\u00e9lais indiqu\u00e9s pour chaque proc\u00e9dure peuvent \u00eatre plus longs en fonction de la charge de travail et sont donn\u00e9s \u00e0 titre indicatif.<\/strong><\/p>\n<p>Ce\u00a0soin est valable 1 an \u00e0 compter de sa date d&#8217;\u00e9mission<br \/>\nValable uniquement au Hammam Pacha de Paris<\/p>\n<\/div>\n<div class=\"short-description\">\n<p><b>Apr\u00e8s validation de votre commande, vous recevrez vos bons par mail et pourrez les\u00a0 imprimer imm\u00e9diatement.<\/b><\/p>\n<\/div>\n","protected":false},"excerpt":{"rendered":"<p><strong>Enveloppement aux algues + savonnage \u00e0 la fleur d&#8217;oranger<\/strong><\/p>\n","protected":false},"featured_media":296,"template":"","meta":[],"product_cat":[20],"product_tag":[],"class_list":["post-308","product","type-product","status-publish","has-post-thumbnail","hentry","product_cat-nos-soins"],"_links":{"self":[{"href":"https:\/\/hammampacha.com\/shop-en\/wp-json\/wp\/v2\/product\/308"}],"collection":[{"href":"https:\/\/hammampacha.com\/shop-en\/wp-json\/wp\/v2\/product"}],"about":[{"href":"https:\/\/hammampacha.com\/shop-en\/wp-json\/wp\/v2\/types\/product"}],"wp:featuredmedia":[{"embeddable":true,"href":"https:\/\/hammampacha.com\/shop-en\/wp-json\/wp\/v2\/media\/296"}],"wp:attachment":[{"href":"https:\/\/hammampacha.com\/shop-en\/wp-json\/wp\/v2\/media?parent=308"}],"wp:term":[{"taxonomy":"product_cat","embeddable":true,"href":"https:\/\/hammampacha.com\/shop-en\/wp-json\/wp\/v2\/product_cat?post=308"},{"taxonomy":"product_tag","embeddable":true,"href":"https:\/\/hammampacha.com\/shop-en\/wp-json\/wp\/v2\/product_tag?post=308"}],"curies":[{"name":"wp","href":"https:\/\/api.w.org\/{rel}","templated":true}]}}