{"id":9,"date":"2019-10-23T05:10:48","date_gmt":"2019-10-23T03:10:48","guid":{"rendered":"http:\/\/hammampacha.com\/shop\/?page_id=9"},"modified":"2025-05-24T07:04:04","modified_gmt":"2025-05-24T05:04:04","slug":"mon-compte","status":"publish","type":"page","link":"https:\/\/hammampacha.com\/shop\/mon-compte\/","title":{"rendered":"Mon compte"},"content":{"rendered":"\n<p><\/p>\n\n\n<div class=\"woocommerce\"><\/div>\n\n\n\n<p>Hammam Pacha &#8211; Mon compte<\/p>\n\n\n\n<p>Connectez vous \u00e0 votre compte Hammam Pacha afin de connaitre le solde de vos point et obtenir des r\u00e9ductions sur vos prochaines commandes. <\/p>\n\n\n\n<p>Les points de fid\u00e9lit\u00e9s sont valables 1 an. Ils sont d\u00e9finitivement perdus apr\u00e8s ce d\u00e9lai.<\/p>\n\n\n\n<p><\/p>\n","protected":false},"excerpt":{"rendered":"<p>Hammam Pacha &#8211; Mon compte Connectez vous \u00e0 votre compte Hammam Pacha afin de connaitre le solde de vos point et obtenir des r\u00e9ductions sur vos prochaines commandes. Les points de fid\u00e9lit\u00e9s sont valables 1 an. Ils sont d\u00e9finitivement perdus apr\u00e8s ce d\u00e9lai.<\/p>\n","protected":false},"author":1,"featured_media":0,"parent":0,"menu_order":0,"comment_status":"closed","ping_status":"closed","template":"","meta":{"footnotes":""},"class_list":["post-9","page","type-page","status-publish","hentry"],"_links":{"self":[{"href":"https:\/\/hammampacha.com\/shop\/wp-json\/wp\/v2\/pages\/9","targetHints":{"allow":["GET"]}}],"collection":[{"href":"https:\/\/hammampacha.com\/shop\/wp-json\/wp\/v2\/pages"}],"about":[{"href":"https:\/\/hammampacha.com\/shop\/wp-json\/wp\/v2\/types\/page"}],"author":[{"embeddable":true,"href":"https:\/\/hammampacha.com\/shop\/wp-json\/wp\/v2\/users\/1"}],"replies":[{"embeddable":true,"href":"https:\/\/hammampacha.com\/shop\/wp-json\/wp\/v2\/comments?post=9"}],"version-history":[{"count":5,"href":"https:\/\/hammampacha.com\/shop\/wp-json\/wp\/v2\/pages\/9\/revisions"}],"predecessor-version":[{"id":144183,"href":"https:\/\/hammampacha.com\/shop\/wp-json\/wp\/v2\/pages\/9\/revisions\/144183"}],"wp:attachment":[{"href":"https:\/\/hammampacha.com\/shop\/wp-json\/wp\/v2\/media?parent=9"}],"curies":[{"name":"wp","href":"https:\/\/api.w.org\/{rel}","templated":true}]}}