{"id":10000,"date":"2019-11-16T14:38:50","date_gmt":"2019-11-16T13:38:50","guid":{"rendered":"http:\/\/hammampacha.com\/shop\/produit\/geschenkgutschein-50e\/"},"modified":"2020-01-27T14:06:40","modified_gmt":"2020-01-27T13:06:40","slug":"geschenkgutschein-50e","status":"publish","type":"product","link":"https:\/\/hammampacha.com\/shop\/produit\/geschenkgutschein-50e\/?lang=de","title":{"rendered":"Geschenkgutschein 50\u20ac"},"content":{"rendered":"<p>Sie wissen nicht, welches Komplettangebot Sie ausw\u00e4hlen sollen?<br \/>\nDann \u00fcberraschen Sie Ihre Freundinnen mit einem Geschenkgutschein! Geschenkgutscheine k\u00f6nnen im Hammam Pacha in Paris eingel\u00f6st werden.<br \/>\nAbmessungen: 17,5 X 8 cm<\/p>\n<p>Geschenkgutscheine f\u00fcr das Hammam Pacha gibt es \u00fcber einen Wert von 10 \u20ac, 20 \u20ac und 50 \u20ac.<\/p>\n<p><b>W\u00e4hlen Sie den Wert Ihres Geschenks selbst!<\/b><\/p>\n<p>Hinweis: Mindestbestellwert pro Versand: 50 \u20ac<\/p>\n<p><span style=\"font-size: small;\"><b>Verwendungsbedingungen: :<br \/>\n<span style=\"font-size: xx-small;\">Jeder Geschenkgutschein kann nur einmal eingel\u00f6st werden. Er kann nicht zur\u00fcckerstattet oder umgetauscht werden und ist nur im Hammam Pacha in Paris g\u00fcltig.<br \/>\nDer Wert eines Geschenkgutscheins kann weder ganz noch teilweise ausgezahlt werden.<br \/>\nGeschenkgutscheine werden bei Verlust oder Diebstahl und nach Ablauf der G\u00fcltigkeit weder ersetzt noch erstattet. <\/span><\/b><\/span><\/p>\n<p>Geschenkgutscheine sind 1 Jahr lang g\u00fcltig.<\/p>\n<p>Sie k\u00f6nnen Ihre Geschenkgutscheine jetzt auch direkt nach Abschluss der Bestellung herunterladen und drucken. Weitere Informationen finden Sie in den allgemeinen Gesch\u00e4ftsbedingungen.<\/p>\n","protected":false},"excerpt":{"rendered":"<p>Geschenkgutschein 50\u20ac<\/p>\n","protected":false},"featured_media":858,"template":"","meta":[],"product_brand":[],"product_cat":[140],"product_tag":[],"class_list":{"0":"post-10000","1":"product","2":"type-product","3":"status-publish","4":"has-post-thumbnail","6":"product_cat-geschenkgutscheine","8":"first","9":"instock","10":"virtual","11":"taxable","12":"purchasable","13":"product-type-simple"},"_links":{"self":[{"href":"https:\/\/hammampacha.com\/shop\/wp-json\/wp\/v2\/product\/10000","targetHints":{"allow":["GET"]}}],"collection":[{"href":"https:\/\/hammampacha.com\/shop\/wp-json\/wp\/v2\/product"}],"about":[{"href":"https:\/\/hammampacha.com\/shop\/wp-json\/wp\/v2\/types\/product"}],"wp:featuredmedia":[{"embeddable":true,"href":"https:\/\/hammampacha.com\/shop\/wp-json\/wp\/v2\/media\/858"}],"wp:attachment":[{"href":"https:\/\/hammampacha.com\/shop\/wp-json\/wp\/v2\/media?parent=10000"}],"wp:term":[{"taxonomy":"product_brand","embeddable":true,"href":"https:\/\/hammampacha.com\/shop\/wp-json\/wp\/v2\/product_brand?post=10000"},{"taxonomy":"product_cat","embeddable":true,"href":"https:\/\/hammampacha.com\/shop\/wp-json\/wp\/v2\/product_cat?post=10000"},{"taxonomy":"product_tag","embeddable":true,"href":"https:\/\/hammampacha.com\/shop\/wp-json\/wp\/v2\/product_tag?post=10000"}],"curies":[{"name":"wp","href":"https:\/\/api.w.org\/{rel}","templated":true}]}}