{"id":105186,"date":"2023-06-18T17:48:24","date_gmt":"2023-06-18T15:48:24","guid":{"rendered":"https:\/\/hammampacha.com\/shop\/produit\/forfait-ephemere-douceur-2\/"},"modified":"2023-08-02T01:07:02","modified_gmt":"2023-08-01T23:07:02","slug":"ephemere-douceur-paket","status":"publish","type":"product","link":"https:\/\/hammampacha.com\/shop\/produit\/ephemere-douceur-paket\/?lang=de","title":{"rendered":"\u00c9PH\u00c9M\u00c8RE DOUCEUR-PAKET"},"content":{"rendered":"<div class=\"product-name\">\n<h1>Dieses bis zum 21. September 2023 g\u00fcltige \u00c9PH\u00c9M\u00c8RE DOUCEUR-Paket enth\u00e4lt :<\/h1>\n<\/div>\n<div class=\"short-description\">\n<table style=\"width: 100%; height: 264px;\" border=\"0\" cellspacing=\"0\" cellpadding=\"0\">\n<tbody>\n<tr style=\"height: 24px;\">\n<td style=\"height: 24px;\">1 Eingang (mit bereitgestelltem Bademantel, Handtuch und Seifen)<\/td>\n<td style=\"height: 24px;\">39 \u20ac<\/td>\n<\/tr>\n<tr style=\"height: 24px;\">\n<td style=\"height: 24px;\">1 Tube schwarze Seife<\/td>\n<td style=\"height: 24px;\">12 \u20ac<\/td>\n<td style=\"height: 24px;\"><\/td>\n<\/tr>\n<tr style=\"height: 24px;\">\n<td style=\"height: 24px;\">1 Peelinghandschuh<\/td>\n<td style=\"height: 24px;\">12 \u20ac<\/td>\n<\/tr>\n<tr style=\"height: 24px;\">\n<td style=\"height: 24px;\">1 Peeling, das von einer unserer Peeling-M\u00e4dchen durchgef\u00fchrt wurde<\/td>\n<td style=\"height: 24px;\">20 \u20ac<\/td>\n<\/tr>\n<tr style=\"height: 48px;\">\n<td style=\"height: 48px;\">1 Weichmachende Ganzk\u00f6rperpflege mit Vanille und Kokos\u00f6l<br \/>\nKokosnuss &#8211; Intensive Feuchtigkeitsversorgung und ein Gef\u00fchl von Leichtigkeit<\/td>\n<td style=\"height: 48px;\">20 \u20ac<\/td>\n<\/tr>\n<tr style=\"height: 24px;\">\n<td style=\"height: 24px;\">1 K\u00f6rperseife mit Vanille- und Kokosnuss\u00f6l<\/td>\n<td style=\"height: 24px;\">20 \u20ac<\/td>\n<\/tr>\n<tr style=\"height: 24px;\">\n<td style=\"height: 24px;\">1 Vanilletee<\/td>\n<td style=\"height: 24px;\">5 \u20ac<\/td>\n<\/tr>\n<tr style=\"height: 24px;\">\n<td style=\"height: 24px;\"><strong>Gesamt \u00e0 la carte :<\/strong><\/td>\n<td style=\"height: 24px;\"><span style=\"text-decoration: line-through;\">128\u20ac<\/span><\/td>\n<\/tr>\n<tr style=\"height: 24px;\">\n<td style=\"height: 24px;\"><strong>Gesamt in Pauschalen :<\/strong><\/td>\n<td style=\"height: 24px;\"><strong>95\u20ac<\/strong><\/td>\n<\/tr>\n<\/tbody>\n<\/table>\n<p><span style=\"color: #993366;\"><strong><span style=\"font-size: 14pt;\">\u00a0<\/span><\/strong><\/span><\/p>\n<p>Mindestens 3 Stunden einplanen &#8211; Ohne Termin<br \/>\n<strong>Dieses kurzlebige Glanzlichter-Paket ist bis zum 21. SEPTEMBER 2023 g\u00fcltig.<\/strong><br \/>\nNur g\u00fcltig im Hammam Pacha in PARIS<\/p>\n<p><strong>Sie k\u00f6nnen Ihre Bestellung sofort herunterladen, sobald Ihre Zahlung erfolgt ist.<\/strong><\/p>\n<p><img loading=\"lazy\" decoding=\"async\" class=\"wp-image-89902 size-medium\" src=\"https:\/\/hammampacha.com\/shop\/wp-content\/uploads\/2022\/09\/Massage-du-corps-hammam-pacha-300x216.jpg\" alt=\"Massage du corps Hammam Pacha\" width=\"300\" height=\"216\" title=\"\" srcset=\"https:\/\/hammampacha.com\/shop\/wp-content\/uploads\/2022\/09\/Massage-du-corps-hammam-pacha-300x216.jpg 300w, https:\/\/hammampacha.com\/shop\/wp-content\/uploads\/2022\/09\/Massage-du-corps-hammam-pacha-416x300.jpg 416w, https:\/\/hammampacha.com\/shop\/wp-content\/uploads\/2022\/09\/Massage-du-corps-hammam-pacha.jpg 600w\" sizes=\"auto, (max-width: 300px) 100vw, 300px\" \/><\/p>\n<p>\u00c9PH\u00c9M\u00c8RE DOUCEUR-Paket<\/p>\n<\/div>\n","protected":false},"excerpt":{"rendered":"<p>Dieses bis zum 21. September 2023 g\u00fcltige \u00c9PH\u00c9M\u00c8RE DOUCEUR-Paket enth\u00e4lt : 1 Eingang (mit bereitgestelltem Bademantel, Handtuch und Seifen) 39 \u20ac 1 Tube schwarze Seife 12 \u20ac 1 Peelinghandschuh 12 \u20ac 1 Peeling, das von einer unserer Peeling-M\u00e4dchen durchgef\u00fchrt wurde 20 \u20ac 1 Weichmachende Ganzk\u00f6rperpflege mit Vanille und Kokos\u00f6l Kokosnuss &#8211; Intensive Feuchtigkeitsversorgung und ein [&hellip;]<\/p>\n","protected":false},"featured_media":106416,"template":"","meta":[],"product_brand":[],"product_cat":[249],"product_tag":[],"class_list":{"0":"post-105186","1":"product","2":"type-product","3":"status-publish","4":"has-post-thumbnail","6":"product_cat-promotion-de","8":"first","9":"instock","10":"sale","11":"virtual","12":"taxable","13":"purchasable","14":"product-type-simple"},"_links":{"self":[{"href":"https:\/\/hammampacha.com\/shop\/wp-json\/wp\/v2\/product\/105186","targetHints":{"allow":["GET"]}}],"collection":[{"href":"https:\/\/hammampacha.com\/shop\/wp-json\/wp\/v2\/product"}],"about":[{"href":"https:\/\/hammampacha.com\/shop\/wp-json\/wp\/v2\/types\/product"}],"wp:featuredmedia":[{"embeddable":true,"href":"https:\/\/hammampacha.com\/shop\/wp-json\/wp\/v2\/media\/106416"}],"wp:attachment":[{"href":"https:\/\/hammampacha.com\/shop\/wp-json\/wp\/v2\/media?parent=105186"}],"wp:term":[{"taxonomy":"product_brand","embeddable":true,"href":"https:\/\/hammampacha.com\/shop\/wp-json\/wp\/v2\/product_brand?post=105186"},{"taxonomy":"product_cat","embeddable":true,"href":"https:\/\/hammampacha.com\/shop\/wp-json\/wp\/v2\/product_cat?post=105186"},{"taxonomy":"product_tag","embeddable":true,"href":"https:\/\/hammampacha.com\/shop\/wp-json\/wp\/v2\/product_tag?post=105186"}],"curies":[{"name":"wp","href":"https:\/\/api.w.org\/{rel}","templated":true}]}}