{"id":105191,"date":"2023-06-18T17:48:24","date_gmt":"2023-06-18T15:48:24","guid":{"rendered":"https:\/\/hammampacha.com\/shop\/produit\/forfait-ephemere-douceur-2\/"},"modified":"2023-08-02T01:00:26","modified_gmt":"2023-08-01T23:00:26","slug":"paquete-efimero-douceur-2","status":"publish","type":"product","link":"https:\/\/hammampacha.com\/shop\/produit\/paquete-efimero-douceur-2\/?lang=es","title":{"rendered":"PAQUETE EFIMERO DOUCEUR"},"content":{"rendered":"<div class=\"product-name\">\n<h1>ESTE PAQUETE EFIMERO DOUCEUR V\u00c1LIDO HASTA EL 21 DE SEPTIEMBRE DE 2023 INCLUYE :<\/h1>\n<\/div>\n<div class=\"short-description\">\n<table style=\"width: 100%; height: 264px;\" border=\"0\" cellspacing=\"0\" cellpadding=\"0\">\n<tbody>\n<tr style=\"height: 24px;\">\n<td style=\"height: 24px;\">1 entrada (con albornoz, toalla y zapatillas incluidas)<\/td>\n<td style=\"height: 24px;\">39 \u20ac<\/td>\n<\/tr>\n<tr style=\"height: 24px;\">\n<td style=\"height: 24px;\">1 tubo de jab\u00f3n negro<\/td>\n<td style=\"height: 24px;\">12 \u20ac<\/td>\n<td style=\"height: 24px;\"><\/td>\n<\/tr>\n<tr style=\"height: 24px;\">\n<td style=\"height: 24px;\">1 guante de fregar<\/td>\n<td style=\"height: 24px;\">12 \u20ac<\/td>\n<\/tr>\n<tr style=\"height: 24px;\">\n<td style=\"height: 24px;\">1 Exfoliaci\u00f3n realizada por uno de nuestros exfoliadore<\/td>\n<td style=\"height: 24px;\">20 \u20ac<\/td>\n<\/tr>\n<tr style=\"height: 48px;\">\n<td style=\"height: 48px;\">1 Cuidado corporal completo emoliente con vainilla y aceite de coco<br \/>\nHidrataci\u00f3n intensa y sensaci\u00f3n de ligereza<\/td>\n<td style=\"height: 48px;\">20 \u20ac<\/td>\n<\/tr>\n<tr style=\"height: 24px;\">\n<td style=\"height: 24px;\">1 gel de ba\u00f1o con vainilla y aceite de coco<\/td>\n<td style=\"height: 24px;\">20 \u20ac<\/td>\n<\/tr>\n<tr style=\"height: 24px;\">\n<td style=\"height: 24px;\">1 t\u00e9 a la vainilla<\/td>\n<td style=\"height: 24px;\">5 \u20ac<\/td>\n<\/tr>\n<tr style=\"height: 24px;\">\n<td style=\"height: 24px;\"><strong>Total \u00e0 la carte :<\/strong><\/td>\n<td style=\"height: 24px;\"><span style=\"text-decoration: line-through;\">128\u20ac<\/span><\/td>\n<\/tr>\n<tr style=\"height: 24px;\">\n<td style=\"height: 24px;\"><strong>Paquete total :<\/strong><\/td>\n<td style=\"height: 24px;\"><strong>95\u20ac<\/strong><\/td>\n<\/tr>\n<\/tbody>\n<\/table>\n<p><span style=\"color: #993366;\"><strong><span style=\"font-size: 14pt;\">\u00a0<\/span><\/strong><\/span><\/p>\n<p>3 horas como m\u00ednimo &#8211; <strong>Sin cita previa<\/strong><br \/>\n<strong>Este paquete de regalo ef\u00edmero es v\u00e1lido hasta el 21 DE SEPTIEMBRE DE 2023.<\/strong><br \/>\nV\u00e1lido \u00fanicamente en el Hammam Pacha de PAR\u00cdS<\/p>\n<p><strong>Podr\u00e1 descargar su pedido en cuanto haya efectuado el pago.<\/strong><\/p>\n<p><img loading=\"lazy\" decoding=\"async\" class=\"wp-image-89902 size-medium\" src=\"https:\/\/hammampacha.com\/shop\/wp-content\/uploads\/2022\/09\/Massage-du-corps-hammam-pacha-300x216.jpg\" alt=\"Massage du corps Hammam Pacha\" width=\"300\" height=\"216\" title=\"\" srcset=\"https:\/\/hammampacha.com\/shop\/wp-content\/uploads\/2022\/09\/Massage-du-corps-hammam-pacha-300x216.jpg 300w, https:\/\/hammampacha.com\/shop\/wp-content\/uploads\/2022\/09\/Massage-du-corps-hammam-pacha-416x300.jpg 416w, https:\/\/hammampacha.com\/shop\/wp-content\/uploads\/2022\/09\/Massage-du-corps-hammam-pacha.jpg 600w\" sizes=\"auto, (max-width: 300px) 100vw, 300px\" \/><\/p>\n<p>Paquete ef\u00edmero Douceur<\/p>\n<\/div>\n","protected":false},"excerpt":{"rendered":"<p>ESTE PAQUETE EFIMERO DOUCEUR V\u00c1LIDO HASTA EL 21 DE SEPTIEMBRE DE 2023 INCLUYE : 1 entrada (con albornoz, toalla y zapatillas incluidas) 39 \u20ac 1 tubo de jab\u00f3n negro 12 \u20ac 1 guante de fregar 12 \u20ac 1 Exfoliaci\u00f3n realizada por uno de nuestros exfoliadore 20 \u20ac 1 Cuidado corporal completo emoliente con vainilla y [&hellip;]<\/p>\n","protected":false},"featured_media":106421,"template":"","meta":[],"product_brand":[],"product_cat":[254],"product_tag":[],"class_list":{"0":"post-105191","1":"product","2":"type-product","3":"status-publish","4":"has-post-thumbnail","6":"product_cat-promotion-es","8":"first","9":"instock","10":"sale","11":"virtual","12":"taxable","13":"purchasable","14":"product-type-simple"},"_links":{"self":[{"href":"https:\/\/hammampacha.com\/shop\/wp-json\/wp\/v2\/product\/105191","targetHints":{"allow":["GET"]}}],"collection":[{"href":"https:\/\/hammampacha.com\/shop\/wp-json\/wp\/v2\/product"}],"about":[{"href":"https:\/\/hammampacha.com\/shop\/wp-json\/wp\/v2\/types\/product"}],"wp:featuredmedia":[{"embeddable":true,"href":"https:\/\/hammampacha.com\/shop\/wp-json\/wp\/v2\/media\/106421"}],"wp:attachment":[{"href":"https:\/\/hammampacha.com\/shop\/wp-json\/wp\/v2\/media?parent=105191"}],"wp:term":[{"taxonomy":"product_brand","embeddable":true,"href":"https:\/\/hammampacha.com\/shop\/wp-json\/wp\/v2\/product_brand?post=105191"},{"taxonomy":"product_cat","embeddable":true,"href":"https:\/\/hammampacha.com\/shop\/wp-json\/wp\/v2\/product_cat?post=105191"},{"taxonomy":"product_tag","embeddable":true,"href":"https:\/\/hammampacha.com\/shop\/wp-json\/wp\/v2\/product_tag?post=105191"}],"curies":[{"name":"wp","href":"https:\/\/api.w.org\/{rel}","templated":true}]}}