{"id":12303,"date":"2019-12-06T14:35:49","date_gmt":"2019-12-06T13:35:49","guid":{"rendered":"http:\/\/hammampacha.com\/shop\/produit\/cartao-entradas-ilimitadas-valido-1-ano\/"},"modified":"2020-01-28T13:27:32","modified_gmt":"2020-01-28T12:27:32","slug":"cartao-entradas-ilimitadas-valido-1-ano","status":"publish","type":"product","link":"https:\/\/hammampacha.com\/shop\/produit\/cartao-entradas-ilimitadas-valido-1-ano\/?lang=pt-pt","title":{"rendered":"CART\u00c3O ENTRADAS ILIMITADAS V\u00c1LIDO 1 ANO"},"content":{"rendered":"<p>CART\u00c3O ENTRADAS ILIMITADAS\u00a0 V\u00c1LIDO 1 ANO<\/p>\n<p>Pagamento em 3 ou 4 vezes no local ou por telefone<\/p>\n<p>Esta subscri\u00e7\u00e3o permite-lhe ir ao Hammam Pacha Paris<br \/>\nquantas vezes quiser durante 1 ano.<br \/>\n(V\u00e1lido todos os dias, incluindo fins de semana e feriados)<\/p>\n<p>2 convites inclu\u00eddos: Tire proveito de seus 2 amigos os benef\u00edcios de Hammam.<\/p>\n<p>convite utiliz\u00e1vel en 1 ou 2 vezes.<\/p>\n<p>Desfrutar ilimitado todas as nossas instala\u00e7\u00f5es durante um ano:<br \/>\nentrada, vesti\u00e1rio, sala de vapor, sauna, hidromassagem, sala de relaxamento.<\/p>\n<p>O passe ser\u00e1 entregue a voc\u00ea em sua primeira visita<br \/>\nestar\u00e1 presente em cada visita ao Hammam Pacha PARIS<\/p>\n","protected":false},"excerpt":{"rendered":"<p>CART\u00c3O ENTRADAS ILIMITADAS V\u00c1LIDO 1 ANO<\/p>\n","protected":false},"featured_media":2303,"template":"","meta":[],"product_brand":[],"product_cat":[136],"product_tag":[],"class_list":{"0":"post-12303","1":"product","2":"type-product","3":"status-publish","4":"has-post-thumbnail","6":"product_cat-assinaturas","8":"first","9":"instock","10":"virtual","11":"taxable","12":"purchasable","13":"product-type-simple"},"_links":{"self":[{"href":"https:\/\/hammampacha.com\/shop\/wp-json\/wp\/v2\/product\/12303","targetHints":{"allow":["GET"]}}],"collection":[{"href":"https:\/\/hammampacha.com\/shop\/wp-json\/wp\/v2\/product"}],"about":[{"href":"https:\/\/hammampacha.com\/shop\/wp-json\/wp\/v2\/types\/product"}],"wp:featuredmedia":[{"embeddable":true,"href":"https:\/\/hammampacha.com\/shop\/wp-json\/wp\/v2\/media\/2303"}],"wp:attachment":[{"href":"https:\/\/hammampacha.com\/shop\/wp-json\/wp\/v2\/media?parent=12303"}],"wp:term":[{"taxonomy":"product_brand","embeddable":true,"href":"https:\/\/hammampacha.com\/shop\/wp-json\/wp\/v2\/product_brand?post=12303"},{"taxonomy":"product_cat","embeddable":true,"href":"https:\/\/hammampacha.com\/shop\/wp-json\/wp\/v2\/product_cat?post=12303"},{"taxonomy":"product_tag","embeddable":true,"href":"https:\/\/hammampacha.com\/shop\/wp-json\/wp\/v2\/product_tag?post=12303"}],"curies":[{"name":"wp","href":"https:\/\/api.w.org\/{rel}","templated":true}]}}