{"id":12317,"date":"2019-12-06T14:53:20","date_gmt":"2019-12-06T13:53:20","guid":{"rendered":"http:\/\/hammampacha.com\/shop\/produit\/zeitkarte-pflegeanwendungen-1-jahr-gultig\/"},"modified":"2020-01-28T13:11:00","modified_gmt":"2020-01-28T12:11:00","slug":"zeitkarte-pflegeanwendungen-1-jahr-gultig","status":"publish","type":"product","link":"https:\/\/hammampacha.com\/shop\/produit\/zeitkarte-pflegeanwendungen-1-jahr-gultig\/?lang=de","title":{"rendered":"ZEITKARTE PFLEGEANWENDUNGEN: 1 JAHR G\u00dcLTIG"},"content":{"rendered":"<p>Karte f\u00fcr 46 Leistungen (1 Jahr g\u00fcltig):<\/p>\n<p>(pers\u00f6nliche Karte zur Vorlage bei jedem Besuch)<\/p>\n<p><strong>NEU : Bezahlung in 3 oder 4 Raten<\/strong><\/p>\n<p><strong>Davon 5 Einladungen: Sie k\u00f6nnen bis zu f\u00fcnf Freundinnen zu einem Hammam-Besuch einladen.<\/strong><\/p>\n<p>Contactez-nous pendant les horaires d&rsquo;ouverture du Hammam Pacha pour plus de renseignements<\/p>\n<table class=\" cke_show_border\">\n<tbody>\n<tr>\n<td valign=\"top\" width=\"44%\">\n<div align=\"left\">\n<p>25 Eintritt f\u00fcr das Hammam Pacha in Paris (einschlie\u00dflich Bademantel, Handtuch und Badeschuhe)<\/p>\n<div align=\"left\">10 <span style=\"color: #4e2222;\">K\u00f6rper peeling<\/span><\/div>\n<div align=\"left\"><span style=\"color: #4e2222;\">6 K\u00f6rpermassage &#8211; 15min<\/span><\/div>\n<div align=\"left\"><span style=\"color: #4e2222;\">2 Algenpackung <\/span><\/div>\n<div align=\"left\"><span style=\"color: #4e2222;\">3 Sch\u00f6nheitsmaskeund<\/span><\/div>\n<div><span style=\"color: #4e2222;\">Total\u00a0 : <\/span><\/div>\n<div align=\"left\"><span style=\"color: #4e2222;\"><strong>TARIF SPECIAL : <\/strong><\/span><\/div>\n<\/div>\n<\/td>\n<td align=\"right\" valign=\"top\" width=\"20%\">875,00 Euros<\/p>\n<p>200,00 Euros<br \/>\n150,00 Euros<br \/>\n76,00 Euros<br \/>\n90,00 Euros<br \/>\n<span style=\"text-decoration: line-through;\">1 391,00 Euros <\/span><br \/>\n<strong>990,00 euros <\/strong><\/p>\n<p>&nbsp;<\/td>\n<\/tr>\n<\/tbody>\n<\/table>\n","protected":false},"excerpt":{"rendered":"<p>ZEITKARTE PFLEGEANWENDUNGEN: 1 JAHR G\u00dcLTIG<\/p>\n","protected":false},"featured_media":2291,"template":"","meta":[],"product_brand":[],"product_cat":[133],"product_tag":[],"class_list":{"0":"post-12317","1":"product","2":"type-product","3":"status-publish","4":"has-post-thumbnail","6":"product_cat-abonnements","8":"first","9":"instock","10":"taxable","11":"shipping-taxable","12":"purchasable","13":"product-type-simple"},"_links":{"self":[{"href":"https:\/\/hammampacha.com\/shop\/wp-json\/wp\/v2\/product\/12317","targetHints":{"allow":["GET"]}}],"collection":[{"href":"https:\/\/hammampacha.com\/shop\/wp-json\/wp\/v2\/product"}],"about":[{"href":"https:\/\/hammampacha.com\/shop\/wp-json\/wp\/v2\/types\/product"}],"wp:featuredmedia":[{"embeddable":true,"href":"https:\/\/hammampacha.com\/shop\/wp-json\/wp\/v2\/media\/2291"}],"wp:attachment":[{"href":"https:\/\/hammampacha.com\/shop\/wp-json\/wp\/v2\/media?parent=12317"}],"wp:term":[{"taxonomy":"product_brand","embeddable":true,"href":"https:\/\/hammampacha.com\/shop\/wp-json\/wp\/v2\/product_brand?post=12317"},{"taxonomy":"product_cat","embeddable":true,"href":"https:\/\/hammampacha.com\/shop\/wp-json\/wp\/v2\/product_cat?post=12317"},{"taxonomy":"product_tag","embeddable":true,"href":"https:\/\/hammampacha.com\/shop\/wp-json\/wp\/v2\/product_tag?post=12317"}],"curies":[{"name":"wp","href":"https:\/\/api.w.org\/{rel}","templated":true}]}}