{"id":12320,"date":"2019-12-06T14:53:20","date_gmt":"2019-12-06T13:53:20","guid":{"rendered":"http:\/\/hammampacha.com\/shop\/produit\/cartao-cuidados-de-beleza-valido-1-ano\/"},"modified":"2020-01-28T13:15:47","modified_gmt":"2020-01-28T12:15:47","slug":"cartao-cuidados-de-beleza-valido-1-ano","status":"publish","type":"product","link":"https:\/\/hammampacha.com\/shop\/produit\/cartao-cuidados-de-beleza-valido-1-ano\/?lang=pt-pt","title":{"rendered":"CART\u00c3O CUIDADOS DE BELEZA V\u00c1LIDO 1 ANO"},"content":{"rendered":"<p>Cart\u00e3o de 46 presta\u00e7\u00f5es v\u00e1lido 1 ano com:<\/p>\n<p>(cart\u00e3o nominativo que dever\u00e1 ser apresentado a cada visita)<\/p>\n<p><strong>NOVIDADE : Pagamento em 3 ou 4 presta\u00e7\u00f5es no Hammam Pacha !<\/strong><\/p>\n<p><strong>Inclui 5 convites: convide at\u00e9 cinco amigas a partilhar as vantagens do Hammam.<\/strong><\/p>\n<p>Contactez-nous pendant les horaires d&rsquo;ouverture du Hammam Pacha pour plus de renseignements<\/p>\n<table class=\" cke_show_border\">\n<tbody>\n<tr>\n<td valign=\"top\" width=\"44%\">\n<div align=\"left\">25 entradas incluindo roup\u00e3o, toalha e chinelos inclu\u00eddos<\/div>\n<div align=\"left\"><\/div>\n<div align=\"left\">10 Esfolia\u00e7\u00e3os<\/div>\n<div align=\"left\">6 massagems de 15 minutos<\/div>\n<div align=\"left\">2 Envolvimentos com algas<\/div>\n<div align=\"left\">3 M\u00e1scara de beleza<\/div>\n<div>Total\u00a0 :<\/div>\n<div align=\"left\"><strong>TARIF SPECIAL : <\/strong><\/div>\n<\/td>\n<td align=\"right\" valign=\"top\" width=\"20%\">875,00 Euros<\/p>\n<p>200,00 Euros<br \/>\n150,00 Euros<br \/>\n76,00 Euros<br \/>\n90,00 Euros<br \/>\n<span style=\"text-decoration: line-through;\">1 391,00 Euros <\/span><br \/>\n<strong>990,00 euros <\/strong><\/p>\n<p>&nbsp;<\/td>\n<\/tr>\n<\/tbody>\n<\/table>\n","protected":false},"excerpt":{"rendered":"<p>CART\u00c3O CUIDADOS DE BELEZA V\u00c1LIDO 1 ANO<\/p>\n","protected":false},"featured_media":2294,"template":"","meta":[],"product_brand":[],"product_cat":[136],"product_tag":[],"class_list":{"0":"post-12320","1":"product","2":"type-product","3":"status-publish","4":"has-post-thumbnail","6":"product_cat-assinaturas","8":"first","9":"instock","10":"taxable","11":"shipping-taxable","12":"purchasable","13":"product-type-simple"},"_links":{"self":[{"href":"https:\/\/hammampacha.com\/shop\/wp-json\/wp\/v2\/product\/12320","targetHints":{"allow":["GET"]}}],"collection":[{"href":"https:\/\/hammampacha.com\/shop\/wp-json\/wp\/v2\/product"}],"about":[{"href":"https:\/\/hammampacha.com\/shop\/wp-json\/wp\/v2\/types\/product"}],"wp:featuredmedia":[{"embeddable":true,"href":"https:\/\/hammampacha.com\/shop\/wp-json\/wp\/v2\/media\/2294"}],"wp:attachment":[{"href":"https:\/\/hammampacha.com\/shop\/wp-json\/wp\/v2\/media?parent=12320"}],"wp:term":[{"taxonomy":"product_brand","embeddable":true,"href":"https:\/\/hammampacha.com\/shop\/wp-json\/wp\/v2\/product_brand?post=12320"},{"taxonomy":"product_cat","embeddable":true,"href":"https:\/\/hammampacha.com\/shop\/wp-json\/wp\/v2\/product_cat?post=12320"},{"taxonomy":"product_tag","embeddable":true,"href":"https:\/\/hammampacha.com\/shop\/wp-json\/wp\/v2\/product_tag?post=12320"}],"curies":[{"name":"wp","href":"https:\/\/api.w.org\/{rel}","templated":true}]}}