{"id":12770,"date":"2020-01-01T10:10:57","date_gmt":"2020-01-01T09:10:57","guid":{"rendered":"http:\/\/hammampacha.com\/shop\/produit\/forfait-bienestar-paris\/"},"modified":"2020-01-01T10:10:57","modified_gmt":"2020-01-01T09:10:57","slug":"forfait-bienestar-paris","status":"publish","type":"product","link":"https:\/\/hammampacha.com\/shop\/produit\/forfait-bienestar-paris\/?lang=es","title":{"rendered":"FORFAIT BIENESTAR PARIS"},"content":{"rendered":"<p>Este forfait incluye:<br \/>\n1 entrada (con albornoz, toalla y zapatillas)<br \/>\n1 engomado<br \/>\n1 mascarilla de belleza y masaje del rostro<br \/>\n1 tarro de crema de Argan<br \/>\n1 jab\u00f3n negro<br \/>\n1 guante de engomado<\/p>\n<p>Envisage to stay 2h30 to 3h00 &#8211; Useless to take Appointment<br \/>\nThis voucher is valid 1 year after its date of emission<br \/>\nYou can use this voucher only at Hammam Pacha PARIS<\/p>\n<p><span style=\"color: #4e2222;\"><b> \u00a1NUEVO!<\/p>\n<p>Ahora puede descargar e imprimir directamente sus bonos de regalo en cuanto su pedido est\u00e9 terminado. Ver las condiciones de venta para m\u00e1s informaci\u00f3n.<\/b><\/span><\/p>\n","protected":false},"excerpt":{"rendered":"<p>Este forfait incluye: 1 entrada (con albornoz, toalla y zapatillas) 1 engomado 1 mascarilla de belleza y masaje del rostro 1 tarro de crema de Argan 1 jab\u00f3n negro 1 guante de engomado Envisage to stay 2h30 to 3h00 &#8211; Useless to take Appointment This voucher is valid 1 year after its date of emission [&hellip;]<\/p>\n","protected":false},"featured_media":608,"template":"","meta":[],"product_brand":[],"product_cat":[15,254],"product_tag":[],"class_list":{"0":"post-12770","1":"product","2":"type-product","3":"status-publish","4":"has-post-thumbnail","6":"product_cat-non-classe","7":"product_cat-promotion-es","9":"first","10":"instock","11":"virtual","12":"taxable","13":"purchasable","14":"product-type-woosb"},"_links":{"self":[{"href":"https:\/\/hammampacha.com\/shop\/wp-json\/wp\/v2\/product\/12770","targetHints":{"allow":["GET"]}}],"collection":[{"href":"https:\/\/hammampacha.com\/shop\/wp-json\/wp\/v2\/product"}],"about":[{"href":"https:\/\/hammampacha.com\/shop\/wp-json\/wp\/v2\/types\/product"}],"wp:featuredmedia":[{"embeddable":true,"href":"https:\/\/hammampacha.com\/shop\/wp-json\/wp\/v2\/media\/608"}],"wp:attachment":[{"href":"https:\/\/hammampacha.com\/shop\/wp-json\/wp\/v2\/media?parent=12770"}],"wp:term":[{"taxonomy":"product_brand","embeddable":true,"href":"https:\/\/hammampacha.com\/shop\/wp-json\/wp\/v2\/product_brand?post=12770"},{"taxonomy":"product_cat","embeddable":true,"href":"https:\/\/hammampacha.com\/shop\/wp-json\/wp\/v2\/product_cat?post=12770"},{"taxonomy":"product_tag","embeddable":true,"href":"https:\/\/hammampacha.com\/shop\/wp-json\/wp\/v2\/product_tag?post=12770"}],"curies":[{"name":"wp","href":"https:\/\/api.w.org\/{rel}","templated":true}]}}