{"id":12776,"date":"2020-01-01T10:04:31","date_gmt":"2020-01-01T09:04:31","guid":{"rendered":"http:\/\/hammampacha.com\/shop\/produit\/komplettangebot-beauty-paris-4\/"},"modified":"2020-01-01T10:04:31","modified_gmt":"2020-01-01T09:04:31","slug":"komplettangebot-beauty-paris-4","status":"publish","type":"product","link":"https:\/\/hammampacha.com\/shop\/produit\/komplettangebot-beauty-paris-4\/?lang=de","title":{"rendered":"KOMPLETTANGEBOT BEAUTY PARIS"},"content":{"rendered":"<p>Dieses Angebot umfasst :<\/p>\n<p>1 Eintritt (einschlie\u00dflich Bademantel, Handtuch und Badeschuhe)<br \/>\n1 Peeling<br \/>\n1 massage 15 min.<br \/>\n1 Savon Noir (schwarze Seife)<br \/>\n1 Peelinghandschuh<br \/>\n1 Mahlzeit<\/p>\n<p>3 \u00bd &#8211; 4 Stunden einplanen \u2013 Voranmeldung nicht erforderlich.<br \/>\nDieser Eintritt ist ab dem Ausstellungsdatum 1 Jahr lang g\u00fcltig.<br \/>\nNur g\u00fcltig f\u00fcr das Hammam Pacha in Paris.<\/p>\n<p><span style=\"color: #4e2222;\"><b>NEU!<\/p>\n<p>Sie k\u00f6nnen Ihre Geschenkgutscheine jetzt auch direkt nach Abschluss der Bestellung herunterladen und drucken. Weitere Informationen finden Sie in den allgemeinen Gesch\u00e4ftsbedingungen.<\/b><\/span><\/p>\n","protected":false},"excerpt":{"rendered":"<p>Dieses Angebot umfasst : 1 Eintritt (einschlie\u00dflich Bademantel, Handtuch und Badeschuhe) 1 Peeling 1 massage 15 min. 1 Savon Noir (schwarze Seife) 1 Peelinghandschuh 1 Mahlzeit 3 \u00bd &#8211; 4 Stunden einplanen \u2013 Voranmeldung nicht erforderlich. Dieser Eintritt ist ab dem Ausstellungsdatum 1 Jahr lang g\u00fcltig. Nur g\u00fcltig f\u00fcr das Hammam Pacha in Paris. NEU! [&hellip;]<\/p>\n","protected":false},"featured_media":547,"template":"","meta":[],"product_brand":[],"product_cat":[15,249],"product_tag":[],"class_list":{"0":"post-12776","1":"product","2":"type-product","3":"status-publish","4":"has-post-thumbnail","6":"product_cat-non-classe","7":"product_cat-promotion-de","9":"first","10":"instock","11":"virtual","12":"taxable","13":"purchasable","14":"product-type-woosb"},"_links":{"self":[{"href":"https:\/\/hammampacha.com\/shop\/wp-json\/wp\/v2\/product\/12776","targetHints":{"allow":["GET"]}}],"collection":[{"href":"https:\/\/hammampacha.com\/shop\/wp-json\/wp\/v2\/product"}],"about":[{"href":"https:\/\/hammampacha.com\/shop\/wp-json\/wp\/v2\/types\/product"}],"wp:featuredmedia":[{"embeddable":true,"href":"https:\/\/hammampacha.com\/shop\/wp-json\/wp\/v2\/media\/547"}],"wp:attachment":[{"href":"https:\/\/hammampacha.com\/shop\/wp-json\/wp\/v2\/media?parent=12776"}],"wp:term":[{"taxonomy":"product_brand","embeddable":true,"href":"https:\/\/hammampacha.com\/shop\/wp-json\/wp\/v2\/product_brand?post=12776"},{"taxonomy":"product_cat","embeddable":true,"href":"https:\/\/hammampacha.com\/shop\/wp-json\/wp\/v2\/product_cat?post=12776"},{"taxonomy":"product_tag","embeddable":true,"href":"https:\/\/hammampacha.com\/shop\/wp-json\/wp\/v2\/product_tag?post=12776"}],"curies":[{"name":"wp","href":"https:\/\/api.w.org\/{rel}","templated":true}]}}