{"id":12780,"date":"2020-01-01T10:04:31","date_gmt":"2020-01-01T09:04:31","guid":{"rendered":"http:\/\/hammampacha.com\/shop\/produit\/forfait-belleza-paris\/"},"modified":"2020-01-01T10:04:31","modified_gmt":"2020-01-01T09:04:31","slug":"forfait-belleza-paris","status":"publish","type":"product","link":"https:\/\/hammampacha.com\/shop\/produit\/forfait-belleza-paris\/?lang=es","title":{"rendered":"FORFAIT BELLEZA PARIS"},"content":{"rendered":"<p>Este forfait incluye:<\/p>\n<p>1 entrada (con albornoz, toalla y zapatillas)<br \/>\n1 engomado<br \/>\n1 masaje 15 mn<br \/>\n1 jab\u00f3n negro<br \/>\n1 guante de engomado<br \/>\n1 comida<\/p>\n<p>Prever 3 horas y media \u00f3 4 horas \u2013 No es necesario pedir hora Esta entrada tiene vigencia durante 1 a\u00f1o a partir de su fecha de emisi\u00f3n. V\u00e1lido \u00fanicamente en el Hammam Pacha de Paris<\/p>\n<p><span style=\"color: #4e2222;\"><b>\u00a1NUEVO!<\/p>\n<p>Ahora puede descargar e imprimir directamente sus bonos de regalo en cuanto su pedido est\u00e9 terminado. Ver las condiciones de venta para m\u00e1s informaci\u00f3n.<\/b><\/span><\/p>\n","protected":false},"excerpt":{"rendered":"<p>Este forfait incluye: 1 entrada (con albornoz, toalla y zapatillas) 1 engomado 1 masaje 15 mn 1 jab\u00f3n negro 1 guante de engomado 1 comida Prever 3 horas y media \u00f3 4 horas \u2013 No es necesario pedir hora Esta entrada tiene vigencia durante 1 a\u00f1o a partir de su fecha de emisi\u00f3n. V\u00e1lido \u00fanicamente [&hellip;]<\/p>\n","protected":false},"featured_media":552,"template":"","meta":[],"product_brand":[],"product_cat":[15,254],"product_tag":[],"class_list":{"0":"post-12780","1":"product","2":"type-product","3":"status-publish","4":"has-post-thumbnail","6":"product_cat-non-classe","7":"product_cat-promotion-es","9":"first","10":"instock","11":"virtual","12":"taxable","13":"purchasable","14":"product-type-woosb"},"_links":{"self":[{"href":"https:\/\/hammampacha.com\/shop\/wp-json\/wp\/v2\/product\/12780","targetHints":{"allow":["GET"]}}],"collection":[{"href":"https:\/\/hammampacha.com\/shop\/wp-json\/wp\/v2\/product"}],"about":[{"href":"https:\/\/hammampacha.com\/shop\/wp-json\/wp\/v2\/types\/product"}],"wp:featuredmedia":[{"embeddable":true,"href":"https:\/\/hammampacha.com\/shop\/wp-json\/wp\/v2\/media\/552"}],"wp:attachment":[{"href":"https:\/\/hammampacha.com\/shop\/wp-json\/wp\/v2\/media?parent=12780"}],"wp:term":[{"taxonomy":"product_brand","embeddable":true,"href":"https:\/\/hammampacha.com\/shop\/wp-json\/wp\/v2\/product_brand?post=12780"},{"taxonomy":"product_cat","embeddable":true,"href":"https:\/\/hammampacha.com\/shop\/wp-json\/wp\/v2\/product_cat?post=12780"},{"taxonomy":"product_tag","embeddable":true,"href":"https:\/\/hammampacha.com\/shop\/wp-json\/wp\/v2\/product_tag?post=12780"}],"curies":[{"name":"wp","href":"https:\/\/api.w.org\/{rel}","templated":true}]}}