{"id":13001,"date":"2019-11-14T02:32:21","date_gmt":"2019-11-14T01:32:21","guid":{"rendered":"http:\/\/hammampacha.com\/shop\/produit\/eintritt-hammam-pacha-paris\/"},"modified":"2023-08-05T01:51:12","modified_gmt":"2023-08-04T23:51:12","slug":"eintritt-hammam-pacha-paris","status":"publish","type":"product","link":"https:\/\/hammampacha.com\/shop\/produit\/eintritt-hammam-pacha-paris\/?lang=de","title":{"rendered":"EINTRITT HAMMAM PACHA PARIS"},"content":{"rendered":"<p>Dieses Paket beinhaltet :<\/p>\n<p>1 Eintritt in das Hammam Pacha in Paris<\/p>\n<p>mit Bademantel, Handtuch und Seifen bereitgestellt<\/p>\n<p>Minimum 1 Stunde 30 Minuten &#8211; <strong>Ohne Termin<\/strong><\/p>\n<p><strong>Die f\u00fcr die einzelnen Verfahren angegebenen Zeiten k\u00f6nnen je nach Arbeitsaufwand l\u00e4nger sein und dienen nur als Richtwerte.<\/strong><\/p>\n<p>Diese Eintrittskarte ist ab dem Ausstellungsdatum 1 Jahr lang g\u00fcltig.<br \/>\nNur g\u00fcltig im Hammam Pacha in Paris.<\/p>\n<p>Sie k\u00f6nnen Ihre Geschenkgutscheine direkt herunterladen und ausdrucken, sobald Ihre Bestellung abgeschlossen ist. Sie erhalten sofort eine E-Mail mit der PDF-Datei.<\/p>\n<p>&nbsp;<\/p>\n","protected":false},"excerpt":{"rendered":"<p>EINTRITT HAMMAM PACHA PARIS<\/p>\n","protected":false},"featured_media":587,"template":"","meta":[],"product_brand":[],"product_cat":[146,125],"product_tag":[],"class_list":{"0":"post-13001","1":"product","2":"type-product","3":"status-publish","4":"has-post-thumbnail","6":"product_cat-eintrittspreise","7":"product_cat-komplettangebote","9":"first","10":"instock","11":"featured","12":"virtual","13":"taxable","14":"purchasable","15":"product-type-simple"},"_links":{"self":[{"href":"https:\/\/hammampacha.com\/shop\/wp-json\/wp\/v2\/product\/13001","targetHints":{"allow":["GET"]}}],"collection":[{"href":"https:\/\/hammampacha.com\/shop\/wp-json\/wp\/v2\/product"}],"about":[{"href":"https:\/\/hammampacha.com\/shop\/wp-json\/wp\/v2\/types\/product"}],"wp:featuredmedia":[{"embeddable":true,"href":"https:\/\/hammampacha.com\/shop\/wp-json\/wp\/v2\/media\/587"}],"wp:attachment":[{"href":"https:\/\/hammampacha.com\/shop\/wp-json\/wp\/v2\/media?parent=13001"}],"wp:term":[{"taxonomy":"product_brand","embeddable":true,"href":"https:\/\/hammampacha.com\/shop\/wp-json\/wp\/v2\/product_brand?post=13001"},{"taxonomy":"product_cat","embeddable":true,"href":"https:\/\/hammampacha.com\/shop\/wp-json\/wp\/v2\/product_cat?post=13001"},{"taxonomy":"product_tag","embeddable":true,"href":"https:\/\/hammampacha.com\/shop\/wp-json\/wp\/v2\/product_tag?post=13001"}],"curies":[{"name":"wp","href":"https:\/\/api.w.org\/{rel}","templated":true}]}}