{"id":13033,"date":"2019-11-16T11:10:00","date_gmt":"2019-11-16T10:10:00","guid":{"rendered":"http:\/\/hammampacha.com\/shop\/produit\/massagem-com-pedras-quentes-20-mn\/"},"modified":"2023-08-06T01:30:21","modified_gmt":"2023-08-05T23:30:21","slug":"massagem-com-pedras-quentes-20-mn","status":"publish","type":"product","link":"https:\/\/hammampacha.com\/shop\/produit\/massagem-com-pedras-quentes-20-mn\/?lang=pt-pt","title":{"rendered":"Massagem com pedras quentes 20 min"},"content":{"rendered":"<p><strong>Massagem com pedras quentes\u00a0 20 min<\/strong>\u00a0<strong>Hammam Pacha<\/strong><\/p>\n<p>Massagem, com \u00f3leo \u00e0 escolha<\/p>\n<p><strong><u>NB: as massagens e cuidados s\u00f3 podem ser efetuados mediante a compra de uma entrada no Hammam ou de um pacote.<\/u><\/strong><\/p>\n<p><strong>M\u00ednimo de 2 a 4 horas, consoante a ocupa\u00e7\u00e3o<\/strong> &#8211; <strong>Sem marca\u00e7\u00e3o<\/strong><\/p>\n<p><strong>Os tempos indicados para cada procedimento podem ser mais longos em fun\u00e7\u00e3o do volume de trabalho e s\u00e3o dados a t\u00edtulo indicativo.<\/strong><\/p>\n<p>Estes pacotes s\u00e3o v\u00e1lidos durante 1 ano<br \/>\nV\u00e1lido exclusivamente no Hammam Pacha de PARIS<\/p>\n<p>Massagens n\u00e3o terap\u00eauticas<\/p>\n<p><b>Depois de validar a sua encomenda poder\u00e1 fazer o download e imprimir diretamente os seus vales de oferta.\u00a0<\/b><\/p>\n","protected":false},"excerpt":{"rendered":"<p><strong>Massagem com pedras quentes 20 mn<\/strong><\/p>\n","protected":false},"featured_media":726,"template":"","meta":[],"product_brand":[],"product_cat":[163],"product_tag":[],"class_list":{"0":"post-13033","1":"product","2":"type-product","3":"status-publish","4":"has-post-thumbnail","6":"product_cat-cuidados-a-carta","8":"first","9":"instock","10":"virtual","11":"taxable","12":"purchasable","13":"product-type-simple"},"_links":{"self":[{"href":"https:\/\/hammampacha.com\/shop\/wp-json\/wp\/v2\/product\/13033","targetHints":{"allow":["GET"]}}],"collection":[{"href":"https:\/\/hammampacha.com\/shop\/wp-json\/wp\/v2\/product"}],"about":[{"href":"https:\/\/hammampacha.com\/shop\/wp-json\/wp\/v2\/types\/product"}],"wp:featuredmedia":[{"embeddable":true,"href":"https:\/\/hammampacha.com\/shop\/wp-json\/wp\/v2\/media\/726"}],"wp:attachment":[{"href":"https:\/\/hammampacha.com\/shop\/wp-json\/wp\/v2\/media?parent=13033"}],"wp:term":[{"taxonomy":"product_brand","embeddable":true,"href":"https:\/\/hammampacha.com\/shop\/wp-json\/wp\/v2\/product_brand?post=13033"},{"taxonomy":"product_cat","embeddable":true,"href":"https:\/\/hammampacha.com\/shop\/wp-json\/wp\/v2\/product_cat?post=13033"},{"taxonomy":"product_tag","embeddable":true,"href":"https:\/\/hammampacha.com\/shop\/wp-json\/wp\/v2\/product_tag?post=13033"}],"curies":[{"name":"wp","href":"https:\/\/api.w.org\/{rel}","templated":true}]}}