{"id":13076,"date":"2019-12-16T15:52:38","date_gmt":"2019-12-16T14:52:38","guid":{"rendered":"http:\/\/hammampacha.com\/shop\/produit\/forfait-ephemere-douceur-a-la-fleur-d-ylang-ylang\/"},"modified":"2020-03-22T00:00:06","modified_gmt":"2020-03-21T23:00:06","slug":"forfait-ephemere-douceur-a-la-fleur-d-ylang-ylang","status":"publish","type":"product","link":"https:\/\/hammampacha.com\/shop\/produit\/forfait-ephemere-douceur-a-la-fleur-d-ylang-ylang\/?lang=es","title":{"rendered":"FORFAIT EPHEMERE DOUCEUR \u00c0 LA FLEUR D\u2019 YLANG YLANG"},"content":{"rendered":"<div class=\"product-name\">\n<h1>CE FORFAIT VALABLE JUSQU&rsquo;AU 21 mars 2020 COMPREND :<\/h1>\n<\/div>\n<div class=\"short-description\">\n<table style=\"width: 100%; height: 288px;\" border=\"0\" cellspacing=\"0\" cellpadding=\"0\">\n<tbody>\n<tr style=\"height: 24px;\">\n<td style=\"height: 24px;\">1 entr\u00e9e (avec peignoir, serviette et savates fournis)<\/td>\n<td style=\"height: 24px;\">35 \u20ac<\/td>\n<\/tr>\n<tr style=\"height: 24px;\">\n<td style=\"height: 24px;\">1 tube de savon noir<\/td>\n<td style=\"height: 24px;\">10 \u20ac<\/td>\n<td style=\"height: 24px;\"><\/td>\n<\/tr>\n<tr style=\"height: 24px;\">\n<td style=\"height: 24px;\">1 gant de gommage<\/td>\n<td style=\"height: 24px;\">10 \u20ac<\/td>\n<\/tr>\n<tr style=\"height: 24px;\">\n<td style=\"height: 24px;\">1 gommage r\u00e9alis\u00e9 par l&rsquo;une de nos gommeuses<\/td>\n<td style=\"height: 24px;\">20 \u20ac<\/td>\n<\/tr>\n<tr style=\"height: 24px;\">\n<td style=\"height: 24px;\">1 enveloppement du corps \u00e0 l\u2019argile<\/td>\n<td style=\"height: 24px;\">20 \u20ac<\/td>\n<\/tr>\n<tr style=\"height: 48px;\">\n<td style=\"height: 48px;\">1 massage plantaire \u00e0 l\u2019huile chaude de Ylang Ylang pour r\u00e9hydrater et tonifier les jambes dess\u00e9ch\u00e9es par le froid<\/td>\n<td style=\"height: 48px;\">30 \u20ac<\/td>\n<\/tr>\n<tr style=\"height: 24px;\">\n<td style=\"height: 24px;\">1 th\u00e9i\u00e8re de th\u00e9 noir Ylang Ylang<\/td>\n<td style=\"height: 24px;\">5 \u20ac<\/td>\n<\/tr>\n<tr style=\"height: 24px;\">\n<td style=\"height: 24px;\">Total \u00e0 la carte :<\/td>\n<td style=\"height: 24px;\"><span style=\"text-decoration: line-through;\">185\u20ac<\/span><\/td>\n<\/tr>\n<tr style=\"height: 24px;\">\n<td style=\"height: 24px;\"><strong>Total en forfait :<\/strong><\/td>\n<td style=\"height: 24px;\"><strong>130 \u20ac<\/strong><\/td>\n<\/tr>\n<\/tbody>\n<\/table>\n<p><strong>Pour une peau radieuse tout l&rsquo;automne<\/strong><\/p>\n<p>Pr\u00e9voir environ 2 h &#8211; Inutile de prendre rendez-vous<br \/>\n<strong><u>Ce forfait est valable jusqu&rsquo;au 21 mars 2020<\/u><\/strong><br \/>\nValable uniquement au Hammam Pacha de PARIS<\/p>\n<\/div>\n","protected":false},"excerpt":{"rendered":"<p>CE FORFAIT VALABLE JUSQU&rsquo;AU 21 mars 2020 COMPREND : 1 entr\u00e9e (avec peignoir, serviette et savates fournis) 35 \u20ac 1 tube de savon noir 10 \u20ac 1 gant de gommage 10 \u20ac 1 gommage r\u00e9alis\u00e9 par l&rsquo;une de nos gommeuses 20 \u20ac 1 enveloppement du corps \u00e0 l\u2019argile 20 \u20ac 1 massage plantaire \u00e0 l\u2019huile [&hellip;]<\/p>\n","protected":false},"featured_media":162502,"template":"","meta":[],"product_brand":[],"product_cat":[121],"product_tag":[],"class_list":{"0":"post-13076","1":"product","2":"type-product","3":"status-publish","4":"has-post-thumbnail","6":"product_cat-forfaits","8":"first","9":"instock","10":"sale","11":"virtual","12":"taxable","13":"purchasable","14":"product-type-simple"},"_links":{"self":[{"href":"https:\/\/hammampacha.com\/shop\/wp-json\/wp\/v2\/product\/13076","targetHints":{"allow":["GET"]}}],"collection":[{"href":"https:\/\/hammampacha.com\/shop\/wp-json\/wp\/v2\/product"}],"about":[{"href":"https:\/\/hammampacha.com\/shop\/wp-json\/wp\/v2\/types\/product"}],"wp:featuredmedia":[{"embeddable":true,"href":"https:\/\/hammampacha.com\/shop\/wp-json\/wp\/v2\/media\/162502"}],"wp:attachment":[{"href":"https:\/\/hammampacha.com\/shop\/wp-json\/wp\/v2\/media?parent=13076"}],"wp:term":[{"taxonomy":"product_brand","embeddable":true,"href":"https:\/\/hammampacha.com\/shop\/wp-json\/wp\/v2\/product_brand?post=13076"},{"taxonomy":"product_cat","embeddable":true,"href":"https:\/\/hammampacha.com\/shop\/wp-json\/wp\/v2\/product_cat?post=13076"},{"taxonomy":"product_tag","embeddable":true,"href":"https:\/\/hammampacha.com\/shop\/wp-json\/wp\/v2\/product_tag?post=13076"}],"curies":[{"name":"wp","href":"https:\/\/api.w.org\/{rel}","templated":true}]}}