{"id":160,"date":"2019-11-14T02:32:21","date_gmt":"2019-11-14T01:32:21","guid":{"rendered":"http:\/\/hammampacha.com\/shop\/?post_type=product&#038;p=160"},"modified":"2023-12-21T22:44:01","modified_gmt":"2023-12-21T21:44:01","slug":"entree-hammam-pacha-paris","status":"publish","type":"product","link":"https:\/\/hammampacha.com\/shop\/produit\/entree-hammam-pacha-paris\/","title":{"rendered":"Entree Hammam Pacha Paris"},"content":{"rendered":"<p>Ce forfait comprend :<\/p>\n<p>1 entr\u00e9e au Hammam Pacha de Paris<\/p>\n<p>avec peignoir, serviette et savates fournis<\/p>\n<p>Pr\u00e9voir minimum 1h30- Inutile de prendre Rendez-Vous<\/p>\n<p><strong>Les d\u00e9lais indiqu\u00e9s pour chaque proc\u00e9dure peuvent \u00eatre plus longs en fonction de la charge de travail et sont donn\u00e9s \u00e0 titre indicatif.<\/strong><\/p>\n<p>Cette entr\u00e9e est valable 1 an \u00e0 compter de sa date d&#8217;\u00e9mission<br \/>\nValable uniquement au Hammam Pacha de Paris<\/p>\n<p>Vous pourrez t\u00e9l\u00e9charger et imprimer directement vos bons cadeau d\u00e8s que votre commande sera termin\u00e9e. Vous recevrez imm\u00e9diatement un e-mail contenant le fichier PDF.<\/p>\n<p>&nbsp;<\/p>\n","protected":false},"excerpt":{"rendered":"<p>Entree Hammam Pacha Paris<\/p>\n","protected":false},"featured_media":251,"template":"","meta":[],"product_brand":[],"product_cat":[21,19],"product_tag":[],"class_list":{"0":"post-160","1":"product","2":"type-product","3":"status-publish","4":"has-post-thumbnail","6":"product_cat-nos-entrees","7":"product_cat-nos-forfaits","9":"first","10":"instock","11":"featured","12":"virtual","13":"taxable","14":"purchasable","15":"product-type-simple"},"_links":{"self":[{"href":"https:\/\/hammampacha.com\/shop\/wp-json\/wp\/v2\/product\/160","targetHints":{"allow":["GET"]}}],"collection":[{"href":"https:\/\/hammampacha.com\/shop\/wp-json\/wp\/v2\/product"}],"about":[{"href":"https:\/\/hammampacha.com\/shop\/wp-json\/wp\/v2\/types\/product"}],"wp:featuredmedia":[{"embeddable":true,"href":"https:\/\/hammampacha.com\/shop\/wp-json\/wp\/v2\/media\/251"}],"wp:attachment":[{"href":"https:\/\/hammampacha.com\/shop\/wp-json\/wp\/v2\/media?parent=160"}],"wp:term":[{"taxonomy":"product_brand","embeddable":true,"href":"https:\/\/hammampacha.com\/shop\/wp-json\/wp\/v2\/product_brand?post=160"},{"taxonomy":"product_cat","embeddable":true,"href":"https:\/\/hammampacha.com\/shop\/wp-json\/wp\/v2\/product_cat?post=160"},{"taxonomy":"product_tag","embeddable":true,"href":"https:\/\/hammampacha.com\/shop\/wp-json\/wp\/v2\/product_tag?post=160"}],"curies":[{"name":"wp","href":"https:\/\/api.w.org\/{rel}","templated":true}]}}