{"id":163431,"date":"2026-04-14T07:34:19","date_gmt":"2026-04-14T05:34:19","guid":{"rendered":"https:\/\/hammampacha.com\/shop\/?post_type=product&#038;p=163431"},"modified":"2026-04-14T07:38:41","modified_gmt":"2026-04-14T05:38:41","slug":"forfait-grande-beaute-1-forfait-basic-offert","status":"publish","type":"product","link":"https:\/\/hammampacha.com\/shop\/produit\/forfait-grande-beaute-1-forfait-basic-offert\/","title":{"rendered":"FORFAIT GRANDE BEAUTE  <b style='color: red';> <b style=font-size:130%;> + 1 Forfait basic offert<\/b>"},"content":{"rendered":"<div class=\"product-name\">\n<h1><span style=\"font-size: 18pt;\">FORFAIT GRANDE BEAUTE PARIS<br \/>\n<\/span><\/h1>\n<\/div>\n<div class=\"short-description\">\n<p>CE PACK COMPREND :<\/p>\n<table border=\"0\" cellspacing=\"0\" cellpadding=\"0\">\n<tbody>\n<tr>\n<td>1 entr\u00e9e avec peignoir, serviette et savates fournis<\/td>\n<td>39 \u20ac<\/td>\n<\/tr>\n<tr>\n<td>1 tube de savon noir<\/td>\n<td>12 \u20ac<\/td>\n<\/tr>\n<tr>\n<td>1 gant de gommage<\/td>\n<td>12 \u20ac<\/td>\n<\/tr>\n<tr>\n<td>1 pot de cr\u00e8me d&rsquo;Argan<\/td>\n<td>20 \u20ac<\/td>\n<\/tr>\n<tr>\n<td>1 gommage r\u00e9alis\u00e9 par l&rsquo;une de nos gommeuses<\/td>\n<td>20 \u20ac<\/td>\n<\/tr>\n<tr>\n<td>1 massage corps 15 mn*<\/td>\n<td>28 \u20ac<\/td>\n<\/tr>\n<tr>\n<td>1 masque de beaut\u00e9 et massage du visage<\/td>\n<td>30 \u20ac<\/td>\n<\/tr>\n<tr>\n<td>1 repas comprenant <em>1 plat + 1 dessert + 1 boisson \u00ab\u00a0soft\u00a0\u00bb<\/em><\/td>\n<td>30 \u20ac<\/td>\n<\/tr>\n<tr>\n<td>Total \u00e0 la carte :<\/td>\n<td><span style=\"text-decoration: line-through;\">191 \u20ac<\/span><\/td>\n<\/tr>\n<tr>\n<td><strong>Total en forfait :<\/strong><\/td>\n<td><strong>140 \u20ac<\/strong><\/td>\n<\/tr>\n<\/tbody>\n<\/table>\n<p><strong>Un soin complet qui allie d\u00e9tente, hydratation intense du visage et du corps. A ne manquer sous aucun pr\u00e9texte\u2026<\/strong><\/p>\n<p><span style=\"font-size: 14pt; color: #800080;\"><strong>+ 1 forfait basic offert !<\/strong><\/span><\/p>\n<p>Pr\u00e9voir 4 heures 30 minimum pour le forfait grande beaut\u00e9, 2h30 minimum pour le forfait basic &#8211; Inutile de prendre rendez-vous<br \/>\nCes forfaits sont valables 1 an \u00e0 compter de leur date d&rsquo;\u00e9mission<br \/>\nValable uniquement au Hammam Pacha de PARIS<\/p>\n<p>*Massage non th\u00e9rapeutique<\/p>\n<p>&nbsp;<\/p>\n<p><strong>Vous pourrez t\u00e9l\u00e9charger imm\u00e9diatement votre commande d\u00e8s votre payement effectu\u00e9.<\/strong><\/p>\n<\/div>\n","protected":false},"excerpt":{"rendered":"<p><strong>Un soin complet qui allie d\u00e9tente, hydratation intense du visage et du corps. A ne manquer sous aucun pr\u00e9texte\u2026<\/strong><\/p>\n","protected":false},"featured_media":29046,"template":"","meta":[],"product_brand":[],"product_cat":[120],"product_tag":[],"class_list":{"0":"post-163431","1":"product","2":"type-product","3":"status-publish","4":"has-post-thumbnail","6":"product_cat-promotions","8":"first","9":"instock","10":"sale","11":"virtual","12":"taxable","13":"purchasable","14":"product-type-woosb"},"_links":{"self":[{"href":"https:\/\/hammampacha.com\/shop\/wp-json\/wp\/v2\/product\/163431","targetHints":{"allow":["GET"]}}],"collection":[{"href":"https:\/\/hammampacha.com\/shop\/wp-json\/wp\/v2\/product"}],"about":[{"href":"https:\/\/hammampacha.com\/shop\/wp-json\/wp\/v2\/types\/product"}],"wp:featuredmedia":[{"embeddable":true,"href":"https:\/\/hammampacha.com\/shop\/wp-json\/wp\/v2\/media\/29046"}],"wp:attachment":[{"href":"https:\/\/hammampacha.com\/shop\/wp-json\/wp\/v2\/media?parent=163431"}],"wp:term":[{"taxonomy":"product_brand","embeddable":true,"href":"https:\/\/hammampacha.com\/shop\/wp-json\/wp\/v2\/product_brand?post=163431"},{"taxonomy":"product_cat","embeddable":true,"href":"https:\/\/hammampacha.com\/shop\/wp-json\/wp\/v2\/product_cat?post=163431"},{"taxonomy":"product_tag","embeddable":true,"href":"https:\/\/hammampacha.com\/shop\/wp-json\/wp\/v2\/product_tag?post=163431"}],"curies":[{"name":"wp","href":"https:\/\/api.w.org\/{rel}","templated":true}]}}