{"id":260,"date":"2019-11-16T07:51:28","date_gmt":"2019-11-16T06:51:28","guid":{"rendered":"http:\/\/hammampacha.com\/shop\/?post_type=product&#038;p=260"},"modified":"2024-06-27T15:17:48","modified_gmt":"2024-06-27T13:17:48","slug":"forfait-delice","status":"publish","type":"product","link":"https:\/\/hammampacha.com\/shop\/produit\/forfait-delice\/","title":{"rendered":"FORFAIT DELICE"},"content":{"rendered":"<div class=\"product-name\">\n<h1><span style=\"font-size: 18pt;\">FORFAIT DELICE PARIS<\/span><\/h1>\n<\/div>\n<div class=\"short-description\">\n<p>Ce forfait comprend :<\/p>\n<table border=\"0\" cellspacing=\"0\" cellpadding=\"0\">\n<tbody>\n<tr>\n<td>1 entr\u00e9e avec peignoir, serviette et savates fournis<\/td>\n<td>39 \u20ac<\/td>\n<\/tr>\n<tr>\n<td>1 Tajine Keftas ou v\u00e9g\u00e9tarien<\/td>\n<td>20 \u20ac<\/td>\n<\/tr>\n<tr>\n<td>1 dessert<\/td>\n<td>\u00a0 7 \u20ac<\/td>\n<\/tr>\n<tr>\n<td>1 boisson soft<\/td>\n<td>\u00a0 4 \u20ac<\/td>\n<\/tr>\n<tr>\n<td>Total :<\/td>\n<td><span style=\"text-decoration: line-through;\">70 \u20ac<\/span><\/td>\n<\/tr>\n<tr>\n<td><strong>En forfait<\/strong><\/td>\n<td><strong>60 \u20ac<\/strong><\/td>\n<\/tr>\n<\/tbody>\n<\/table>\n<p>&nbsp;<\/p>\n<p><strong>Que du plaisir\u00a0! Notre tajine bio est bon et sain<\/strong><\/p>\n<p>Pr\u00e9voir minimum 2 heures &#8211; <strong>Sans rendez-vous<\/strong><\/p>\n<p><strong>Les d\u00e9lais indiqu\u00e9s pour chaque proc\u00e9dure peuvent \u00eatre plus longs en fonction de la charge de travail et sont donn\u00e9s \u00e0 titre indicatif.<\/strong><\/p>\n<p>Ce forfait est valable 1 an \u00e0 compter de sa date d&rsquo;\u00e9mission<br \/>\nValable uniquement au Hammam Pacha de PARIS<\/p>\n<p><strong>Vous pourrez t\u00e9l\u00e9charger imm\u00e9diatement votre commande d\u00e8s votre payement effectu\u00e9.<\/strong><\/p>\n<\/div>\n","protected":false},"excerpt":{"rendered":"<p><strong>Que du plaisir\u00a0! Notre tajine bio est bon et sain<\/strong><\/p>\n","protected":false},"featured_media":261,"template":"","meta":[],"product_brand":[],"product_cat":[19],"product_tag":[],"class_list":{"0":"post-260","1":"product","2":"type-product","3":"status-publish","4":"has-post-thumbnail","6":"product_cat-nos-forfaits","8":"first","9":"instock","10":"featured","11":"virtual","12":"taxable","13":"purchasable","14":"product-type-simple"},"_links":{"self":[{"href":"https:\/\/hammampacha.com\/shop\/wp-json\/wp\/v2\/product\/260","targetHints":{"allow":["GET"]}}],"collection":[{"href":"https:\/\/hammampacha.com\/shop\/wp-json\/wp\/v2\/product"}],"about":[{"href":"https:\/\/hammampacha.com\/shop\/wp-json\/wp\/v2\/types\/product"}],"wp:featuredmedia":[{"embeddable":true,"href":"https:\/\/hammampacha.com\/shop\/wp-json\/wp\/v2\/media\/261"}],"wp:attachment":[{"href":"https:\/\/hammampacha.com\/shop\/wp-json\/wp\/v2\/media?parent=260"}],"wp:term":[{"taxonomy":"product_brand","embeddable":true,"href":"https:\/\/hammampacha.com\/shop\/wp-json\/wp\/v2\/product_brand?post=260"},{"taxonomy":"product_cat","embeddable":true,"href":"https:\/\/hammampacha.com\/shop\/wp-json\/wp\/v2\/product_cat?post=260"},{"taxonomy":"product_tag","embeddable":true,"href":"https:\/\/hammampacha.com\/shop\/wp-json\/wp\/v2\/product_tag?post=260"}],"curies":[{"name":"wp","href":"https:\/\/api.w.org\/{rel}","templated":true}]}}