{"id":273,"date":"2019-11-16T08:35:32","date_gmt":"2019-11-16T07:35:32","guid":{"rendered":"http:\/\/hammampacha.com\/shop\/?post_type=product&#038;p=273"},"modified":"2025-03-24T06:41:23","modified_gmt":"2025-03-24T05:41:23","slug":"forfait-peau-neuve","status":"publish","type":"product","link":"https:\/\/hammampacha.com\/shop\/produit\/forfait-peau-neuve\/","title":{"rendered":"FORFAIT PEAU NEUVE"},"content":{"rendered":"<div class=\"product-name\">\n<h1><span style=\"font-size: 18pt;\">FORFAIT PEAU NEUVE<br \/>\n<\/span><\/h1>\n<\/div>\n<div class=\"short-description\">\n<p>Ce forfait comprend :<\/p>\n<table border=\"0\" width=\"420\" cellspacing=\"0\" cellpadding=\"0\">\n<tbody>\n<tr>\n<td>1 entr\u00e9e (entr\u00e9e avec peignoir, serviette et mules fournis)<\/td>\n<td>39 \u20ac<\/td>\n<\/tr>\n<tr>\n<td>1 gant de gommage<\/td>\n<td>12 \u20ac<\/td>\n<\/tr>\n<tr>\n<td>1 tube de savon noir<\/td>\n<td>12 \u20ac<\/td>\n<\/tr>\n<tr>\n<td>1 gommage r\u00e9alis\u00e9 par l&rsquo;une de nos gommeuses<\/td>\n<td>20 \u20ac<\/td>\n<\/tr>\n<tr>\n<td>\n<div id=\"gt-src-tools\">\n<div id=\"gt-src-tools-l\"><span id=\"result_box\" class=\"short_text\" lang=\"en\">1 enveloppement \u00e0 l&rsquo;argile + savonnage \u00e0 la fleur d&rsquo;oranger<\/span><\/div>\n<\/div>\n<\/td>\n<td>30 \u20ac<\/td>\n<\/tr>\n<tr>\n<td>Total \u00e0 la carte :<\/td>\n<td><span style=\"text-decoration: line-through;\">113 \u20ac<\/span><\/td>\n<\/tr>\n<tr>\n<td><strong>Total en forfait :<\/strong><\/td>\n<td><strong>85 \u20ac<\/strong><\/td>\n<\/tr>\n<\/tbody>\n<\/table>\n<p><strong>Un forfait apaisant qui vous donnera la peau de b\u00e9b\u00e9 douce et parfum\u00e9e<\/strong><\/p>\n<p>Pr\u00e9voir 3 heures minimum &#8211; <strong>Sans rendez-vous <\/strong><\/p>\n<p><span class=\"Y2IQFc\" lang=\"fr\">Les d\u00e9lais indiqu\u00e9s pour chaque forfait peuvent \u00eatre plus longs en fonction de la charge de travail et sont donn\u00e9s \u00e0 titre indicatif.<\/span><\/p>\n<p>Ce forfait est valable 1 an \u00e0 compter de sa date d&rsquo;\u00e9mission<br \/>\nValable uniquement au Hammam Pacha de PARIS<\/p>\n<p><strong>Vous pourrez t\u00e9l\u00e9charger imm\u00e9diatement votre commande d\u00e8s votre payement effectu\u00e9.<\/strong><\/p>\n<\/div>\n","protected":false},"excerpt":{"rendered":"<p><strong>Un forfait apaisant qui vous donnera la peau de b\u00e9b\u00e9 douce et parfum\u00e9e<\/strong><\/p>\n","protected":false},"featured_media":267,"template":"","meta":[],"product_brand":[],"product_cat":[19],"product_tag":[],"class_list":{"0":"post-273","1":"product","2":"type-product","3":"status-publish","4":"has-post-thumbnail","6":"product_cat-nos-forfaits","8":"first","9":"instock","10":"featured","11":"virtual","12":"taxable","13":"purchasable","14":"product-type-simple"},"_links":{"self":[{"href":"https:\/\/hammampacha.com\/shop\/wp-json\/wp\/v2\/product\/273","targetHints":{"allow":["GET"]}}],"collection":[{"href":"https:\/\/hammampacha.com\/shop\/wp-json\/wp\/v2\/product"}],"about":[{"href":"https:\/\/hammampacha.com\/shop\/wp-json\/wp\/v2\/types\/product"}],"wp:featuredmedia":[{"embeddable":true,"href":"https:\/\/hammampacha.com\/shop\/wp-json\/wp\/v2\/media\/267"}],"wp:attachment":[{"href":"https:\/\/hammampacha.com\/shop\/wp-json\/wp\/v2\/media?parent=273"}],"wp:term":[{"taxonomy":"product_brand","embeddable":true,"href":"https:\/\/hammampacha.com\/shop\/wp-json\/wp\/v2\/product_brand?post=273"},{"taxonomy":"product_cat","embeddable":true,"href":"https:\/\/hammampacha.com\/shop\/wp-json\/wp\/v2\/product_cat?post=273"},{"taxonomy":"product_tag","embeddable":true,"href":"https:\/\/hammampacha.com\/shop\/wp-json\/wp\/v2\/product_tag?post=273"}],"curies":[{"name":"wp","href":"https:\/\/api.w.org\/{rel}","templated":true}]}}