{"id":275,"date":"2019-11-16T08:39:42","date_gmt":"2019-11-16T07:39:42","guid":{"rendered":"http:\/\/hammampacha.com\/shop\/?post_type=product&#038;p=275"},"modified":"2025-03-24T06:43:49","modified_gmt":"2025-03-24T05:43:49","slug":"forfait-marin","status":"publish","type":"product","link":"https:\/\/hammampacha.com\/shop\/produit\/forfait-marin\/","title":{"rendered":"FORFAIT MARIN"},"content":{"rendered":"<div class=\"short-description\">\n<p>FORFAIT MARIN<\/p>\n<p>Ce forfait comprend :<\/p>\n<table border=\"0\" cellspacing=\"0\" cellpadding=\"0\">\n<tbody>\n<tr>\n<td>1 entr\u00e9e avec peignoir, serviette et mules fournis<\/td>\n<td>39 \u20ac<\/td>\n<\/tr>\n<tr>\n<td>1 gant de gommage<\/td>\n<td>12 \u20ac<\/td>\n<\/tr>\n<tr>\n<td>1 tube de savon noir<\/td>\n<td>12 \u20ac<\/td>\n<\/tr>\n<tr>\n<td>1 pot de cr\u00e8me d&rsquo;argan<\/td>\n<td>20 \u20ac<\/td>\n<\/tr>\n<tr>\n<td>1 gommage r\u00e9alis\u00e9 par l&rsquo;une de nos gommeuses<\/td>\n<td>20 \u20ac<\/td>\n<\/tr>\n<tr>\n<td>1 massage corps aux huiles (au choix) 30mn<\/td>\n<td>50 \u20ac<\/td>\n<\/tr>\n<tr>\n<td>1 masque de beaut\u00e9 et massage du visage<\/td>\n<td>30 \u20ac<\/td>\n<\/tr>\n<tr>\n<td>1 enveloppement d&rsquo;algues + savonnage \u00e0 la fleur d&rsquo;oranger<\/td>\n<td>40 \u20ac<\/td>\n<\/tr>\n<tr>\n<td>1 repas comprenant <em>1 plat + 1 dessert + 1 boisson \u00ab\u00a0soft\u00a0\u00bb<\/em><\/td>\n<td>30 \u20ac<\/td>\n<\/tr>\n<tr>\n<td>Total \u00e0 la carte<\/td>\n<td><span style=\"text-decoration: line-through;\">253 \u20ac<\/span><\/td>\n<\/tr>\n<tr>\n<td><strong>Total en forfait<\/strong><\/td>\n<td><strong>185 \u20ac<\/strong><\/td>\n<\/tr>\n<\/tbody>\n<\/table>\n<p>&nbsp;<\/p>\n<p><strong>Un moment inoubliable. Un soin antioxydant, excellent pour se ressourcer. Simplement divin\u00a0!!!<\/strong><\/p>\n<p>Pr\u00e9voir 5 h minimum &#8211; <strong>Sans rendez-vous<\/strong><\/p>\n<p><strong>Les d\u00e9lais indiqu\u00e9s pour chaque proc\u00e9dure peuvent \u00eatre plus longs en fonction de la charge de travail et sont donn\u00e9s \u00e0 titre indicatif.<\/strong><\/p>\n<p>Ce forfait est valable 1 an \u00e0 compter de sa date d&rsquo;\u00e9mission<br \/>\nValable uniquement au Hammam Pacha de PARIS<\/p>\n<p>Massage non th\u00e9rapeutique<\/p>\n<p><strong>Vous pourrez t\u00e9l\u00e9charger imm\u00e9diatement votre commande d\u00e8s votre paiement effectu\u00e9.<\/strong><\/p>\n<\/div>\n","protected":false},"excerpt":{"rendered":"<p><strong>Un moment inoubliable. Un soin antioxydant, excellent pour se ressourcer. Simplement divin\u00a0!!!<\/strong><\/p>\n","protected":false},"featured_media":265,"template":"","meta":[],"product_brand":[],"product_cat":[19],"product_tag":[],"class_list":{"0":"post-275","1":"product","2":"type-product","3":"status-publish","4":"has-post-thumbnail","6":"product_cat-nos-forfaits","8":"first","9":"instock","10":"featured","11":"virtual","12":"taxable","13":"purchasable","14":"product-type-simple"},"_links":{"self":[{"href":"https:\/\/hammampacha.com\/shop\/wp-json\/wp\/v2\/product\/275","targetHints":{"allow":["GET"]}}],"collection":[{"href":"https:\/\/hammampacha.com\/shop\/wp-json\/wp\/v2\/product"}],"about":[{"href":"https:\/\/hammampacha.com\/shop\/wp-json\/wp\/v2\/types\/product"}],"wp:featuredmedia":[{"embeddable":true,"href":"https:\/\/hammampacha.com\/shop\/wp-json\/wp\/v2\/media\/265"}],"wp:attachment":[{"href":"https:\/\/hammampacha.com\/shop\/wp-json\/wp\/v2\/media?parent=275"}],"wp:term":[{"taxonomy":"product_brand","embeddable":true,"href":"https:\/\/hammampacha.com\/shop\/wp-json\/wp\/v2\/product_brand?post=275"},{"taxonomy":"product_cat","embeddable":true,"href":"https:\/\/hammampacha.com\/shop\/wp-json\/wp\/v2\/product_cat?post=275"},{"taxonomy":"product_tag","embeddable":true,"href":"https:\/\/hammampacha.com\/shop\/wp-json\/wp\/v2\/product_tag?post=275"}],"curies":[{"name":"wp","href":"https:\/\/api.w.org\/{rel}","templated":true}]}}