{"id":304,"date":"2019-11-16T09:56:43","date_gmt":"2019-11-16T08:56:43","guid":{"rendered":"http:\/\/hammampacha.com\/shop\/?post_type=product&#038;p=304"},"modified":"2023-08-05T23:37:39","modified_gmt":"2023-08-05T21:37:39","slug":"massage-plantaire-15mn","status":"publish","type":"product","link":"https:\/\/hammampacha.com\/shop\/produit\/massage-plantaire-15mn\/","title":{"rendered":"MASSAGE PLANTAIRE 15 min"},"content":{"rendered":"<div class=\"product-name\">\n<h1><span style=\"font-size: 18pt;\">Massage plantaire aux huiles de 15 minute<\/span><span style=\"font-size: 18pt;\">s<\/span><\/h1>\n<\/div>\n<div class=\"short-description\">\n<p><u><strong>Attention\u00a0 : Ce soin n\u00e9cessite une entr\u00e9e ou un forfait valide pour \u00eatre utilis\u00e9<\/strong><\/u><\/p>\n<p><strong>Pr\u00e9voir minimum 2 \u00e0 4h, selon l\u2019affluence <\/strong>&#8211; <strong>Sans rendez-vous<\/strong><\/p>\n<p><strong>Les d\u00e9lais indiqu\u00e9s pour chaque proc\u00e9dure peuvent \u00eatre plus longs en fonction de la charge de travail et sont donn\u00e9s \u00e0 titre indicatif.<\/strong><\/p>\n<p>Ce\u00a0soin est valable 1 an \u00e0 compter de sa date d&rsquo;\u00e9mission<br \/>\nValable uniquement au Hammam Pacha de Paris<\/p>\n<p>Massage non th\u00e9rapeutique<\/p>\n<\/div>\n<div class=\"short-description\">\n<p><b>Apr\u00e8s validation de votre commande, vous recevrez vos bons par mail et pourrez les\u00a0 imprimer imm\u00e9diatement.<\/b><\/p>\n<\/div>\n","protected":false},"excerpt":{"rendered":"<p>Massage plantaire aux huiles de 15 minutes Attention\u00a0 : Ce soin n\u00e9cessite une entr\u00e9e ou un forfait valide pour \u00eatre utilis\u00e9 Pr\u00e9voir minimum 2 \u00e0 4h, selon l\u2019affluence &#8211; Sans rendez-vous Les d\u00e9lais indiqu\u00e9s pour chaque proc\u00e9dure peuvent \u00eatre plus longs en fonction de la charge de travail et sont donn\u00e9s \u00e0 titre indicatif. Ce\u00a0soin [&hellip;]<\/p>\n","protected":false},"featured_media":299,"template":"","meta":[],"product_brand":[],"product_cat":[20],"product_tag":[],"class_list":{"0":"post-304","1":"product","2":"type-product","3":"status-publish","4":"has-post-thumbnail","6":"product_cat-nos-soins","8":"first","9":"instock","10":"virtual","11":"taxable","12":"purchasable","13":"product-type-simple"},"_links":{"self":[{"href":"https:\/\/hammampacha.com\/shop\/wp-json\/wp\/v2\/product\/304","targetHints":{"allow":["GET"]}}],"collection":[{"href":"https:\/\/hammampacha.com\/shop\/wp-json\/wp\/v2\/product"}],"about":[{"href":"https:\/\/hammampacha.com\/shop\/wp-json\/wp\/v2\/types\/product"}],"wp:featuredmedia":[{"embeddable":true,"href":"https:\/\/hammampacha.com\/shop\/wp-json\/wp\/v2\/media\/299"}],"wp:attachment":[{"href":"https:\/\/hammampacha.com\/shop\/wp-json\/wp\/v2\/media?parent=304"}],"wp:term":[{"taxonomy":"product_brand","embeddable":true,"href":"https:\/\/hammampacha.com\/shop\/wp-json\/wp\/v2\/product_brand?post=304"},{"taxonomy":"product_cat","embeddable":true,"href":"https:\/\/hammampacha.com\/shop\/wp-json\/wp\/v2\/product_cat?post=304"},{"taxonomy":"product_tag","embeddable":true,"href":"https:\/\/hammampacha.com\/shop\/wp-json\/wp\/v2\/product_tag?post=304"}],"curies":[{"name":"wp","href":"https:\/\/api.w.org\/{rel}","templated":true}]}}