{"id":31,"date":"2019-10-23T06:24:07","date_gmt":"2019-10-23T04:24:07","guid":{"rendered":"http:\/\/hammampacha.com\/shop\/?post_type=product&#038;p=31"},"modified":"2026-02-26T12:36:01","modified_gmt":"2026-02-26T11:36:01","slug":"forfait-basic","status":"publish","type":"product","link":"https:\/\/hammampacha.com\/shop\/produit\/forfait-basic\/","title":{"rendered":"FORFAIT BASIC"},"content":{"rendered":"<p>Le forfait basic comprend :<\/p>\n<table class=\" cke_show_border\" border=\"0\" cellspacing=\"0\" cellpadding=\"0\">\n<tbody>\n<tr>\n<td>1 entr\u00e9e avec peignoir, serviette et mules fournis<\/td>\n<td>39 \u20ac<\/td>\n<\/tr>\n<tr>\n<td>1 tube de savon noir<\/td>\n<td>12 \u20ac<\/td>\n<\/tr>\n<tr>\n<td>1 gant de gommage<\/td>\n<td>12 \u20ac<\/td>\n<\/tr>\n<tr>\n<td>1 gommage r\u00e9alis\u00e9 par l&rsquo;une de nos gommeuses<\/td>\n<td>20 \u20ac<\/td>\n<\/tr>\n<tr>\n<td>Total :<\/td>\n<td><span style=\"text-decoration: line-through;\">83 \u20ac<\/span><\/td>\n<\/tr>\n<tr>\n<td><strong>En forfait<\/strong><\/td>\n<td><strong>65 \u20ac<\/strong><\/td>\n<\/tr>\n<\/tbody>\n<\/table>\n<p><strong>Soin indispensable au hammam. D\u00e9tox de la peau\u00a0: adieu les peaux mortes, retrouvez une peau nette sur tout le corps.<\/strong><\/p>\n<p>Pr\u00e9voir\u00a0 2 heures minimum &#8211; <strong>Sans rendez-vous<\/strong><\/p>\n<p><strong>Les d\u00e9lais indiqu\u00e9s pour chaque proc\u00e9dure peuvent \u00eatre plus longs en fonction de la charge de travail et sont donn\u00e9s \u00e0 titre indicatif.<\/strong><\/p>\n<p>Ce forfait est valable 1 an \u00e0 compter de sa date d&rsquo;\u00e9mission<br \/>\nValable uniquement au Hammam Pacha de PARIS<\/p>\n<p><strong> Vous pourrez t\u00e9l\u00e9charger imm\u00e9diatement votre commande d\u00e8s votre paiement effectu\u00e9.<\/strong><\/p>\n<p><a title=\"Forfait basic alternatives\" href=\"https:\/\/hammampacha.com\/shop\/produit\/forfait-peau-neuve\/\">Voir forfait peau neuve<\/a>\u00a0 <a title=\"Forfait basic alternatives\" href=\"https:\/\/hammampacha.com\/shop\/produit\/forfait-bien-etre\/\">Voir forfait bien-\u00eatre<\/a><\/p>\n<figure id=\"attachment_52\" aria-describedby=\"caption-attachment-52\" style=\"width: 290px\" class=\"wp-caption alignnone\"><img loading=\"lazy\" decoding=\"async\" class=\"wp-image-52 size-medium\" title=\"Forfait basic - entr\u00e9e gommage - l'indispensable au Hammam\" src=\"https:\/\/hammampacha.com\/shop\/wp-content\/uploads\/2019\/10\/logo-dore-fond-noir-650px-290x300.jpg\" alt=\"Forfait basic - entr\u00e9e gommage - l'indispensable au Hammam\" width=\"290\" height=\"300\" srcset=\"https:\/\/hammampacha.com\/shop\/wp-content\/uploads\/2019\/10\/logo-dore-fond-noir-650px-290x300.jpg 290w, https:\/\/hammampacha.com\/shop\/wp-content\/uploads\/2019\/10\/logo-dore-fond-noir-650px-416x431.jpg 416w, https:\/\/hammampacha.com\/shop\/wp-content\/uploads\/2019\/10\/logo-dore-fond-noir-650px.jpg 674w\" sizes=\"auto, (max-width: 290px) 100vw, 290px\" \/><figcaption id=\"caption-attachment-52\" class=\"wp-caption-text\">Forfait Basic &#8211; entr\u00e9e gommage &#8211; l&rsquo;indispensable au Hammam<\/figcaption><\/figure>\n<p>&nbsp;<\/p>\n","protected":false},"excerpt":{"rendered":"<p><strong>Soin indispensable au hammam. D\u00e9tox de la peau\u00a0: adieu les peaux mortes, retrouvez une peau nette sur tout le corps.<\/strong><\/p>\n","protected":false},"featured_media":54,"template":"","meta":[],"product_brand":[],"product_cat":[19],"product_tag":[],"class_list":{"0":"post-31","1":"product","2":"type-product","3":"status-publish","4":"has-post-thumbnail","6":"product_cat-nos-forfaits","8":"first","9":"instock","10":"featured","11":"virtual","12":"taxable","13":"purchasable","14":"product-type-simple"},"_links":{"self":[{"href":"https:\/\/hammampacha.com\/shop\/wp-json\/wp\/v2\/product\/31","targetHints":{"allow":["GET"]}}],"collection":[{"href":"https:\/\/hammampacha.com\/shop\/wp-json\/wp\/v2\/product"}],"about":[{"href":"https:\/\/hammampacha.com\/shop\/wp-json\/wp\/v2\/types\/product"}],"wp:featuredmedia":[{"embeddable":true,"href":"https:\/\/hammampacha.com\/shop\/wp-json\/wp\/v2\/media\/54"}],"wp:attachment":[{"href":"https:\/\/hammampacha.com\/shop\/wp-json\/wp\/v2\/media?parent=31"}],"wp:term":[{"taxonomy":"product_brand","embeddable":true,"href":"https:\/\/hammampacha.com\/shop\/wp-json\/wp\/v2\/product_brand?post=31"},{"taxonomy":"product_cat","embeddable":true,"href":"https:\/\/hammampacha.com\/shop\/wp-json\/wp\/v2\/product_cat?post=31"},{"taxonomy":"product_tag","embeddable":true,"href":"https:\/\/hammampacha.com\/shop\/wp-json\/wp\/v2\/product_tag?post=31"}],"curies":[{"name":"wp","href":"https:\/\/api.w.org\/{rel}","templated":true}]}}