{"id":310,"date":"2019-11-16T11:15:38","date_gmt":"2019-11-16T10:15:38","guid":{"rendered":"http:\/\/hammampacha.com\/shop\/?post_type=product&#038;p=310"},"modified":"2023-08-06T01:36:56","modified_gmt":"2023-08-05T23:36:56","slug":"massage-corps-30-mn","status":"publish","type":"product","link":"https:\/\/hammampacha.com\/shop\/produit\/massage-corps-30-mn\/","title":{"rendered":"Massage corps 30 min"},"content":{"rendered":"<div class=\"product-name\">\n<h1>Massage corps 30 min<\/h1>\n<\/div>\n<div class=\"short-description\">\n<p>Massage corps de 30 min Hammam Pacha<\/p>\n<p><u><strong>1 massage aux huiles (au choix)<\/strong><\/u><\/p>\n<p><u><strong>Attention\u00a0 : Ce soin n\u00e9cessite une entr\u00e9e ou un forfait valide pour \u00eatre utilis\u00e9<\/strong><\/u><\/p>\n<p><strong>Pr\u00e9voir minimum 2 \u00e0 4h, selon l\u2019affluence<\/strong> &#8211; <strong>Sans rendez-vous<\/strong><br \/>\nValable 1 an uniquement au Hammam Pacha de Paris<\/p>\n<\/div>\n<div class=\"short-description\">\n<p>Massage non th\u00e9rapeutique<\/p>\n<\/div>\n<div class=\"short-description\">\n<p><b>Apr\u00e8s validation de votre commande, vous recevrez vos bons par mail et pourrez les\u00a0 imprimer imm\u00e9diatement.<\/b><\/p>\n<\/div>\n","protected":false},"excerpt":{"rendered":"<p>Massage corps 30 min Massage corps de 30 min Hammam Pacha 1 massage aux huiles (au choix) Attention\u00a0 : Ce soin n\u00e9cessite une entr\u00e9e ou un forfait valide pour \u00eatre utilis\u00e9 Pr\u00e9voir minimum 2 \u00e0 4h, selon l\u2019affluence &#8211; Sans rendez-vous Valable 1 an uniquement au Hammam Pacha de Paris Massage non th\u00e9rapeutique Apr\u00e8s validation [&hellip;]<\/p>\n","protected":false},"featured_media":294,"template":"","meta":[],"product_brand":[],"product_cat":[20],"product_tag":[],"class_list":{"0":"post-310","1":"product","2":"type-product","3":"status-publish","4":"has-post-thumbnail","6":"product_cat-nos-soins","8":"first","9":"instock","10":"virtual","11":"taxable","12":"purchasable","13":"product-type-simple"},"_links":{"self":[{"href":"https:\/\/hammampacha.com\/shop\/wp-json\/wp\/v2\/product\/310","targetHints":{"allow":["GET"]}}],"collection":[{"href":"https:\/\/hammampacha.com\/shop\/wp-json\/wp\/v2\/product"}],"about":[{"href":"https:\/\/hammampacha.com\/shop\/wp-json\/wp\/v2\/types\/product"}],"wp:featuredmedia":[{"embeddable":true,"href":"https:\/\/hammampacha.com\/shop\/wp-json\/wp\/v2\/media\/294"}],"wp:attachment":[{"href":"https:\/\/hammampacha.com\/shop\/wp-json\/wp\/v2\/media?parent=310"}],"wp:term":[{"taxonomy":"product_brand","embeddable":true,"href":"https:\/\/hammampacha.com\/shop\/wp-json\/wp\/v2\/product_brand?post=310"},{"taxonomy":"product_cat","embeddable":true,"href":"https:\/\/hammampacha.com\/shop\/wp-json\/wp\/v2\/product_cat?post=310"},{"taxonomy":"product_tag","embeddable":true,"href":"https:\/\/hammampacha.com\/shop\/wp-json\/wp\/v2\/product_tag?post=310"}],"curies":[{"name":"wp","href":"https:\/\/api.w.org\/{rel}","templated":true}]}}