{"id":314,"date":"2019-11-16T11:38:32","date_gmt":"2019-11-16T10:38:32","guid":{"rendered":"http:\/\/hammampacha.com\/shop\/?post_type=product&#038;p=314"},"modified":"2023-08-06T23:39:24","modified_gmt":"2023-08-06T21:39:24","slug":"massage-a-4-mains-30-mn","status":"publish","type":"product","link":"https:\/\/hammampacha.com\/shop\/produit\/massage-a-4-mains-30-mn\/","title":{"rendered":"Massage \u00e0 4 mains 30 min"},"content":{"rendered":"<div class=\"product-name\">\n<h1><span style=\"font-size: 18pt;\">Massage \u00e0 4 mains 30 min<\/span><\/h1>\n<\/div>\n<div class=\"short-description\">\n<p><strong>Massage corps \u00e0 4 mains 30 min<\/strong>\u00a0<strong>Hammam Pacha<\/strong><\/p>\n<p>Massage aux huiles (au choix)<\/p>\n<p><u><strong>Attention\u00a0 : Ce soin n\u00e9cessite une entr\u00e9e ou un forfait valide pour \u00eatre utilis\u00e9<\/strong><\/u><\/p>\n<p><strong>Pr\u00e9voir minimum 2 \u00e0 4h, selon l\u2019affluence<\/strong> &#8211; <strong>Sans rendez-vous<\/strong><\/p>\n<p><strong>Les d\u00e9lais indiqu\u00e9s pour chaque proc\u00e9dure peuvent \u00eatre plus longs en fonction de la charge de travail et sont donn\u00e9s \u00e0 titre indicatif.<\/strong><\/p>\n<p>Ce forfait est valable 1 an \u00e0 compter de sa date d&rsquo;\u00e9mission<br \/>\nValable uniquement au Hammam Pacha de Paris<\/p>\n<\/div>\n<div class=\"short-description\">\n<p>Massage non th\u00e9rapeutique<\/p>\n<\/div>\n<div class=\"short-description\">\n<p><strong>Vous pourrez t\u00e9l\u00e9charger imm\u00e9diatement votre commande d\u00e8s votre payement effectu\u00e9.<\/strong><\/p>\n<\/div>\n","protected":false},"excerpt":{"rendered":"<p><strong>Massage corps \u00e0 4 mains 30 min<\/strong><\/p>\n","protected":false},"featured_media":290,"template":"","meta":[],"product_brand":[],"product_cat":[20],"product_tag":[],"class_list":{"0":"post-314","1":"product","2":"type-product","3":"status-publish","4":"has-post-thumbnail","6":"product_cat-nos-soins","8":"first","9":"instock","10":"virtual","11":"taxable","12":"purchasable","13":"product-type-simple"},"_links":{"self":[{"href":"https:\/\/hammampacha.com\/shop\/wp-json\/wp\/v2\/product\/314","targetHints":{"allow":["GET"]}}],"collection":[{"href":"https:\/\/hammampacha.com\/shop\/wp-json\/wp\/v2\/product"}],"about":[{"href":"https:\/\/hammampacha.com\/shop\/wp-json\/wp\/v2\/types\/product"}],"wp:featuredmedia":[{"embeddable":true,"href":"https:\/\/hammampacha.com\/shop\/wp-json\/wp\/v2\/media\/290"}],"wp:attachment":[{"href":"https:\/\/hammampacha.com\/shop\/wp-json\/wp\/v2\/media?parent=314"}],"wp:term":[{"taxonomy":"product_brand","embeddable":true,"href":"https:\/\/hammampacha.com\/shop\/wp-json\/wp\/v2\/product_brand?post=314"},{"taxonomy":"product_cat","embeddable":true,"href":"https:\/\/hammampacha.com\/shop\/wp-json\/wp\/v2\/product_cat?post=314"},{"taxonomy":"product_tag","embeddable":true,"href":"https:\/\/hammampacha.com\/shop\/wp-json\/wp\/v2\/product_tag?post=314"}],"curies":[{"name":"wp","href":"https:\/\/api.w.org\/{rel}","templated":true}]}}