{"id":330,"date":"2019-11-16T14:08:02","date_gmt":"2019-11-16T13:08:02","guid":{"rendered":"http:\/\/hammampacha.com\/shop\/?post_type=product&#038;p=330"},"modified":"2024-04-17T10:28:08","modified_gmt":"2024-04-17T08:28:08","slug":"cheque-cadeau-5-euros","status":"publish","type":"product","link":"https:\/\/hammampacha.com\/shop\/produit\/cheque-cadeau-5-euros\/","title":{"rendered":"Ch\u00e8que cadeau 5 euros"},"content":{"rendered":"<p><span style=\"font-family: arial, helvetica, sans-serif;\">Vous ne savez pas quel forfait choisir ?<\/span><br \/>\n<span style=\"font-family: arial, helvetica, sans-serif;\">Offrez des ch\u00e8ques cadeaux \u00e0 vos amies ! Ils sont utilisables au <b>Hammam Pacha de Paris<\/b><\/span><br \/>\n<span style=\"font-family: arial, helvetica, sans-serif;\">Dimensions : 17,5 x 8 cm<\/span><\/p>\n<p><span style=\"font-family: arial, helvetica, sans-serif;\">Les ch\u00e8ques cadeaux Hammam Pacha existent en 5 \u20ac, 10 \u20ac, 20 \u20ac et 50 \u20ac.<\/span><\/p>\n<p><span style=\"font-family: arial, helvetica, sans-serif;\"><b>Offrez un cadeau du montant qui vous plait !<\/b><\/span><\/p>\n<p><span style=\"font-family: arial, helvetica, sans-serif;\">Conditions d&#8217;utilisation :<\/span><br \/>\n<span style=\"font-family: arial, helvetica, sans-serif;\">Chaque ch\u00e8que cadeau est utilisable en une seule fois est n&#8217;est ni remboursable, ni \u00e9changeable <\/span><span style=\"font-family: arial, helvetica, sans-serif;\">et est valable uniquement aux Hammam Pacha de Paris.<br \/>\nAucune contrepartie financi\u00e8re ne pourra \u00eatre accord\u00e9e en \u00e9change de ce ch\u00e8que cadeau et aucune monnaie<br \/>\nne pourra \u00eatre rendue lors de son utilisation.<br \/>\nIl ne peut \u00eatre ni remplac\u00e9 ni rembours\u00e9 en cas de perte ou de vol ou \u00e0 l&#8217;expiration de sa date de validit\u00e9.<\/span><\/p>\n<p><span style=\"font-size: 12pt;\">Les ch\u00e8ques cadeaux sont valables 1 an<\/span>.<\/p>\n<div class=\"short-description\">\n<p><span style=\"font-family: arial, helvetica, sans-serif;\"><b>Apr\u00e8s validation de votre commande, vous recevrez vos ch\u00e8ques cadeaux par mail et pourrez les imprimer imm\u00e9diatement.<\/b><\/span><\/p>\n<\/div>\n","protected":false},"excerpt":{"rendered":"<p>Ch\u00e8que cadeau 5 euros &#8211; valable 1 an au Hammam Pacha Paris &#8211; Vous pouvez payer avec ces ch\u00e8ques cadeaux toutes les prestation du Hammam pacha<\/p>\n","protected":false},"featured_media":401,"template":"","meta":[],"product_brand":[],"product_cat":[23],"product_tag":[],"class_list":{"0":"post-330","1":"product","2":"type-product","3":"status-publish","4":"has-post-thumbnail","6":"product_cat-cheques-cadeaux","8":"first","9":"instock","10":"virtual","11":"taxable","12":"purchasable","13":"product-type-simple"},"_links":{"self":[{"href":"https:\/\/hammampacha.com\/shop\/wp-json\/wp\/v2\/product\/330","targetHints":{"allow":["GET"]}}],"collection":[{"href":"https:\/\/hammampacha.com\/shop\/wp-json\/wp\/v2\/product"}],"about":[{"href":"https:\/\/hammampacha.com\/shop\/wp-json\/wp\/v2\/types\/product"}],"wp:featuredmedia":[{"embeddable":true,"href":"https:\/\/hammampacha.com\/shop\/wp-json\/wp\/v2\/media\/401"}],"wp:attachment":[{"href":"https:\/\/hammampacha.com\/shop\/wp-json\/wp\/v2\/media?parent=330"}],"wp:term":[{"taxonomy":"product_brand","embeddable":true,"href":"https:\/\/hammampacha.com\/shop\/wp-json\/wp\/v2\/product_brand?post=330"},{"taxonomy":"product_cat","embeddable":true,"href":"https:\/\/hammampacha.com\/shop\/wp-json\/wp\/v2\/product_cat?post=330"},{"taxonomy":"product_tag","embeddable":true,"href":"https:\/\/hammampacha.com\/shop\/wp-json\/wp\/v2\/product_tag?post=330"}],"curies":[{"name":"wp","href":"https:\/\/api.w.org\/{rel}","templated":true}]}}