{"id":351,"date":"2019-11-16T14:34:42","date_gmt":"2019-11-16T13:34:42","guid":{"rendered":"http:\/\/hammampacha.com\/shop\/?post_type=product&#038;p=351"},"modified":"2025-04-11T17:50:06","modified_gmt":"2025-04-11T15:50:06","slug":"cheque-cadeau-10-euros","status":"publish","type":"product","link":"https:\/\/hammampacha.com\/shop\/produit\/cheque-cadeau-10-euros\/","title":{"rendered":"Ch\u00e8que cadeau 10 euros"},"content":{"rendered":"<p><span style=\"font-family: arial, helvetica, sans-serif;\">Vous ne savez pas quel forfait choisir ?<\/span><br \/>\n<span style=\"font-family: arial, helvetica, sans-serif;\">Offrez des ch\u00e8ques cadeaux \u00e0 vos amies ! Ils sont utilisables au <b>Hammam Pacha de Paris<\/b><\/span><br \/>\n<span style=\"font-family: arial, helvetica, sans-serif;\">Dimensions : 18 x 8 cm<\/span><\/p>\n<p><span style=\"font-family: arial, helvetica, sans-serif;\">Les ch\u00e8ques cadeaux Hammam Pacha existent en 5 \u20ac, 10 \u20ac, 20 \u20ac et 50 \u20ac.<\/span><\/p>\n<p><span style=\"font-family: arial, helvetica, sans-serif;\"><b>Offrez un cadeau du montant qui vous plait !<\/b><\/span><\/p>\n<p><span style=\"font-family: arial, helvetica, sans-serif;\">Conditions d&rsquo;utilisation :<\/span><br \/>\n<span style=\"font-family: arial, helvetica, sans-serif;\">Chaque ch\u00e8que cadeau est utilisable en une seule fois est n&rsquo;est ni remboursable, ni \u00e9changeable <\/span><span style=\"font-family: arial, helvetica, sans-serif;\">et est valable uniquement aux Hammam Pacha de Paris.<\/span><\/p>\n<p><span style=\"font-family: arial, helvetica, sans-serif;\"><br \/>\nAucune contrepartie financi\u00e8re ne pourra \u00eatre accord\u00e9e en \u00e9change de ce ch\u00e8que cadeau et aucune monnaie<br \/>\nne pourra \u00eatre rendue lors de son utilisation.<\/span><\/p>\n<p><span style=\"font-family: arial, helvetica, sans-serif;\"><br \/>\nIl ne peut \u00eatre ni remplac\u00e9 ni rembours\u00e9 en cas de perte ou de vol ou \u00e0 l&rsquo;expiration de sa date de validit\u00e9.<\/span><\/p>\n<p><span style=\"font-size: 12pt;\">Les ch\u00e8ques cadeaux sont valables 1 an<\/span>.<\/p>\n<div class=\"short-description\">\n<p><span style=\"font-family: arial, helvetica, sans-serif;\"><b>Apr\u00e8s validation de votre commande, vous recevrez vos ch\u00e8ques cadeaux par mail et pourrez les imprimer imm\u00e9diatement.<\/b><\/span><\/p>\n<\/div>\n<figure id=\"attachment_348\" aria-describedby=\"caption-attachment-348\" style=\"width: 300px\" class=\"wp-caption alignnone\"><img loading=\"lazy\" decoding=\"async\" class=\"wp-image-348 size-medium\" src=\"https:\/\/hammampacha.com\/shop\/wp-content\/uploads\/2019\/11\/chequekdo_pacha_10_euros_new1-300x300.jpg\" alt=\"Ch\u00e8que cadeau de 10 euros Hammam Pacha - Vous permet de r\u00e9gler toutes les prestations du Hammam Pacha\" width=\"300\" height=\"300\" title=\"\" srcset=\"https:\/\/hammampacha.com\/shop\/wp-content\/uploads\/2019\/11\/chequekdo_pacha_10_euros_new1-300x300.jpg 300w, https:\/\/hammampacha.com\/shop\/wp-content\/uploads\/2019\/11\/chequekdo_pacha_10_euros_new1-1024x1024.jpg 1024w, https:\/\/hammampacha.com\/shop\/wp-content\/uploads\/2019\/11\/chequekdo_pacha_10_euros_new1-150x150.jpg 150w, https:\/\/hammampacha.com\/shop\/wp-content\/uploads\/2019\/11\/chequekdo_pacha_10_euros_new1-768x768.jpg 768w, https:\/\/hammampacha.com\/shop\/wp-content\/uploads\/2019\/11\/chequekdo_pacha_10_euros_new1-1536x1536.jpg 1536w, https:\/\/hammampacha.com\/shop\/wp-content\/uploads\/2019\/11\/chequekdo_pacha_10_euros_new1-2048x2048.jpg 2048w, https:\/\/hammampacha.com\/shop\/wp-content\/uploads\/2019\/11\/chequekdo_pacha_10_euros_new1-324x324.jpg 324w, https:\/\/hammampacha.com\/shop\/wp-content\/uploads\/2019\/11\/chequekdo_pacha_10_euros_new1-416x416.jpg 416w, https:\/\/hammampacha.com\/shop\/wp-content\/uploads\/2019\/11\/chequekdo_pacha_10_euros_new1-100x100.jpg 100w\" sizes=\"auto, (max-width: 300px) 100vw, 300px\" \/><figcaption id=\"caption-attachment-348\" class=\"wp-caption-text\">Ch\u00e8que cadeau de 10 euros Hammam Pacha &#8211; Vous permet de r\u00e9gler toutes les prestations du Hammam Pacha<\/figcaption><\/figure>\n<p>&nbsp;<\/p>\n<p><a href=\"https:\/\/hammampacha.com\/shop\/produit\/cheque-cadeau-20-euros\/\">Voir ch\u00e8que cadeau de 20 \u20ac<\/a>\u00a0\u00a0\u00a0\u00a0<a href=\"https:\/\/hammampacha.com\/shop\/produit\/cheque-cadeau-50-euros\/\"> Voir ch\u00e8que cadeau de 50 euros<\/a><\/p>\n","protected":false},"excerpt":{"rendered":"<p>Ch\u00e8que cadeau 10 euros &#8211; valable 1 an au Hammam Pacha Paris &#8211; Vous pouvez payer avec ces ch\u00e8ques cadeaux toutes les prestation du Hammam pacha<\/p>\n","protected":false},"featured_media":405,"template":"","meta":[],"product_brand":[],"product_cat":[23],"product_tag":[],"class_list":{"0":"post-351","1":"product","2":"type-product","3":"status-publish","4":"has-post-thumbnail","6":"product_cat-cheques-cadeaux","8":"first","9":"instock","10":"virtual","11":"taxable","12":"purchasable","13":"product-type-simple"},"_links":{"self":[{"href":"https:\/\/hammampacha.com\/shop\/wp-json\/wp\/v2\/product\/351","targetHints":{"allow":["GET"]}}],"collection":[{"href":"https:\/\/hammampacha.com\/shop\/wp-json\/wp\/v2\/product"}],"about":[{"href":"https:\/\/hammampacha.com\/shop\/wp-json\/wp\/v2\/types\/product"}],"wp:featuredmedia":[{"embeddable":true,"href":"https:\/\/hammampacha.com\/shop\/wp-json\/wp\/v2\/media\/405"}],"wp:attachment":[{"href":"https:\/\/hammampacha.com\/shop\/wp-json\/wp\/v2\/media?parent=351"}],"wp:term":[{"taxonomy":"product_brand","embeddable":true,"href":"https:\/\/hammampacha.com\/shop\/wp-json\/wp\/v2\/product_brand?post=351"},{"taxonomy":"product_cat","embeddable":true,"href":"https:\/\/hammampacha.com\/shop\/wp-json\/wp\/v2\/product_cat?post=351"},{"taxonomy":"product_tag","embeddable":true,"href":"https:\/\/hammampacha.com\/shop\/wp-json\/wp\/v2\/product_tag?post=351"}],"curies":[{"name":"wp","href":"https:\/\/api.w.org\/{rel}","templated":true}]}}