{"id":5157,"date":"2025-12-16T14:06:01","date_gmt":"2025-12-16T13:06:01","guid":{"rendered":"http:\/\/hammampacha.com\/shop\/?post_type=product&#038;p=5157"},"modified":"2026-04-07T09:33:55","modified_gmt":"2026-04-07T07:33:55","slug":"forfait-ephemere-infinie-douceur-a-la-fleur-d-ylang-ylang","status":"publish","type":"product","link":"https:\/\/hammampacha.com\/shop\/produit\/forfait-ephemere-infinie-douceur-a-la-fleur-d-ylang-ylang\/","title":{"rendered":"FORFAIT EPHEMERE DOUCEUR EXTREME \u00c0 LA FLEUR D\u2019 YLANG YLANG"},"content":{"rendered":"<div class=\"product-name\">\n<h1>CE FORFAIT VALABLE JUSQU&rsquo;AU 20 JUIN 2026 COMPREND :<\/h1>\n<\/div>\n<div class=\"short-description\">\n<table style=\"width: 100%; height: 288px;\" border=\"0\" cellspacing=\"0\" cellpadding=\"0\">\n<tbody>\n<tr style=\"height: 24px;\">\n<td style=\"height: 24px;\">1 entr\u00e9e (avec peignoir, serviette et savates fournis)<\/td>\n<td style=\"height: 24px;\">39 \u20ac<\/td>\n<\/tr>\n<tr style=\"height: 24px;\">\n<td style=\"height: 24px;\">1 tube de savon noir<\/td>\n<td style=\"height: 24px;\">12 \u20ac<\/td>\n<td style=\"height: 24px;\"><\/td>\n<\/tr>\n<tr style=\"height: 24px;\">\n<td style=\"height: 24px;\">1 gant de gommage<\/td>\n<td style=\"height: 24px;\">12 \u20ac<\/td>\n<\/tr>\n<tr style=\"height: 24px;\">\n<td style=\"height: 24px;\">1 gommage r\u00e9alis\u00e9 par l&rsquo;une de nos gommeuses<\/td>\n<td style=\"height: 24px;\">20 \u20ac<\/td>\n<\/tr>\n<tr style=\"height: 24px;\">\n<td style=\"height: 24px;\">1 enveloppement du corps \u00e0 l\u2019argile<\/td>\n<td style=\"height: 24px;\">15 \u20ac<\/td>\n<\/tr>\n<tr style=\"height: 48px;\">\n<td style=\"height: 48px;\">1 savonnage \u00e0 l\u2019Ylang Ylang<\/td>\n<td style=\"height: 48px;\">15 \u20ac<\/td>\n<\/tr>\n<tr style=\"height: 24px;\">\n<td style=\"height: 24px;\">1 massage du corps \u00e0 l\u2019huile chaude de Ylang Ylang de 15 Minutes<\/td>\n<td style=\"height: 24px;\">40 \u20ac<\/td>\n<\/tr>\n<tr style=\"height: 24px;\">\n<td style=\"height: 24px;\">1 massage plantaire de 10 min \u00e0 l\u2019huile chaude d\u2019Ylang Ylang<\/td>\n<td style=\"height: 24px;\">35 \u20ac<\/td>\n<\/tr>\n<tr style=\"height: 24px;\">\n<td style=\"height: 24px;\">1 th\u00e9 saveur au choix<\/td>\n<td style=\"height: 24px;\">4 \u20ac<\/td>\n<\/tr>\n<tr style=\"height: 24px;\">\n<td style=\"height: 24px;\">Total \u00e0 la carte :<\/td>\n<td style=\"height: 24px;\"><span style=\"text-decoration: line-through;\">192\u20ac<\/span><\/td>\n<\/tr>\n<tr style=\"height: 24px;\">\n<td style=\"height: 24px;\"><strong>Total en forfait :<\/strong><\/td>\n<td style=\"height: 24px;\"><strong>135\u20ac<\/strong><\/td>\n<\/tr>\n<\/tbody>\n<\/table>\n<p>&nbsp;<\/p>\n<p>Pr\u00e9voir minimum 3 h 30 &#8211; Inutile de prendre rendez-vous<br \/>\n<strong><u>Ce forfait est valable jusqu&rsquo;au 20 juin 2026<\/u><\/strong><br \/>\nValable uniquement au Hammam Pacha de PARIS<\/p>\n<p><strong>Vous pourrez t\u00e9l\u00e9charger imm\u00e9diatement votre commande d\u00e8s votre payement effectu\u00e9.<\/strong><\/p>\n<\/div>\n","protected":false},"excerpt":{"rendered":"<p><strong>Ce soin 100% enveloppant donnera un coup d\u2019\u00e9clat \u00e0 votre peau et du tonus \u00e0 votre esprit<\/strong><\/p>\n","protected":false},"featured_media":162487,"template":"","meta":[],"product_brand":[],"product_cat":[19],"product_tag":[],"class_list":{"0":"post-5157","1":"product","2":"type-product","3":"status-publish","4":"has-post-thumbnail","6":"product_cat-nos-forfaits","8":"first","9":"instock","10":"sale","11":"virtual","12":"taxable","13":"purchasable","14":"product-type-simple"},"_links":{"self":[{"href":"https:\/\/hammampacha.com\/shop\/wp-json\/wp\/v2\/product\/5157","targetHints":{"allow":["GET"]}}],"collection":[{"href":"https:\/\/hammampacha.com\/shop\/wp-json\/wp\/v2\/product"}],"about":[{"href":"https:\/\/hammampacha.com\/shop\/wp-json\/wp\/v2\/types\/product"}],"wp:featuredmedia":[{"embeddable":true,"href":"https:\/\/hammampacha.com\/shop\/wp-json\/wp\/v2\/media\/162487"}],"wp:attachment":[{"href":"https:\/\/hammampacha.com\/shop\/wp-json\/wp\/v2\/media?parent=5157"}],"wp:term":[{"taxonomy":"product_brand","embeddable":true,"href":"https:\/\/hammampacha.com\/shop\/wp-json\/wp\/v2\/product_brand?post=5157"},{"taxonomy":"product_cat","embeddable":true,"href":"https:\/\/hammampacha.com\/shop\/wp-json\/wp\/v2\/product_cat?post=5157"},{"taxonomy":"product_tag","embeddable":true,"href":"https:\/\/hammampacha.com\/shop\/wp-json\/wp\/v2\/product_tag?post=5157"}],"curies":[{"name":"wp","href":"https:\/\/api.w.org\/{rel}","templated":true}]}}