{"id":8615,"date":"2020-01-01T10:20:54","date_gmt":"2020-01-01T09:20:54","guid":{"rendered":"http:\/\/hammampacha.com\/shop\/produit\/pack-de-3-forfait-basic\/"},"modified":"2020-01-01T10:20:54","modified_gmt":"2020-01-01T09:20:54","slug":"pack-de-3-forfait-basic","status":"publish","type":"product","link":"https:\/\/hammampacha.com\/shop\/produit\/pack-de-3-forfait-basic\/?lang=es","title":{"rendered":"PAQUETE DE 3 PAQUETES B\u00c1SICOS"},"content":{"rendered":"<p>Este forfait incluye:<\/p>\n<table class=\" cke_show_border\" border=\"0\" cellspacing=\"0\" cellpadding=\"0\">\n<tbody>\n<tr>\n<td>1 entrada con albornoz, toalla y zapatillas<\/td>\n<td>35 \u20ac<\/td>\n<\/tr>\n<tr>\n<td>1 jab\u00f3n negro<\/td>\n<td>10 \u20ac<\/td>\n<\/tr>\n<tr>\n<td>1 guante de engomado<\/td>\n<td>10 \u20ac<\/td>\n<\/tr>\n<tr>\n<td>1 engomado<\/td>\n<td>20 \u20ac<\/td>\n<\/tr>\n<tr>\n<td>Total \u00ab\u00a0a la carta\u00a0\u00bb<\/td>\n<td><span style=\"text-decoration: line-through;\">75 \u20ac<\/span><\/td>\n<\/tr>\n<tr>\n<td><strong>En el paquete<\/strong><\/td>\n<td><strong>60 \u20ac<\/strong><\/td>\n<\/tr>\n<\/tbody>\n<\/table>\n<p><strong>Cuidado indispensable en el hammam. Desintoxicaci\u00f3n de la piel: adi\u00f3s a las pieles muertas, vuelva a tener una piel libre de impurezas en todo el cuerpo.<\/strong><\/p>\n<p>Prever 2 horas \u2013 No es necesario pedir hora<br \/>\nEsta entrada tiene vigencia durante 1 a\u00f1o a partir de su fecha de emisi\u00f3n.<br \/>\nV\u00e1lido \u00fanicamente en el Hammam Pacha de Paris<\/p>\n<p><span style=\"color: #4e2222;\"><b>Ahora puede descargar e imprimir directamente sus bonos de regalo en cuanto su pedido est\u00e9 terminado. Ver las condiciones de venta para m\u00e1s informaci\u00f3n.<br \/>\n<\/b><\/span><\/p>\n","protected":false},"excerpt":{"rendered":"<p><strong>Cuidado indispensable en el hammam. Desintoxicaci\u00f3n de la piel: adi\u00f3s a las pieles muertas, vuelva a tener una piel libre de impurezas en todo el cuerpo.<\/strong><\/p>\n<p>&nbsp;<\/p>\n","protected":false},"featured_media":560,"template":"","meta":[],"product_brand":[],"product_cat":[15,254],"product_tag":[],"class_list":{"0":"post-8615","1":"product","2":"type-product","3":"status-publish","4":"has-post-thumbnail","6":"product_cat-non-classe","7":"product_cat-promotion-es","9":"first","10":"instock","11":"virtual","12":"taxable","13":"purchasable","14":"product-type-woosb"},"_links":{"self":[{"href":"https:\/\/hammampacha.com\/shop\/wp-json\/wp\/v2\/product\/8615","targetHints":{"allow":["GET"]}}],"collection":[{"href":"https:\/\/hammampacha.com\/shop\/wp-json\/wp\/v2\/product"}],"about":[{"href":"https:\/\/hammampacha.com\/shop\/wp-json\/wp\/v2\/types\/product"}],"wp:featuredmedia":[{"embeddable":true,"href":"https:\/\/hammampacha.com\/shop\/wp-json\/wp\/v2\/media\/560"}],"wp:attachment":[{"href":"https:\/\/hammampacha.com\/shop\/wp-json\/wp\/v2\/media?parent=8615"}],"wp:term":[{"taxonomy":"product_brand","embeddable":true,"href":"https:\/\/hammampacha.com\/shop\/wp-json\/wp\/v2\/product_brand?post=8615"},{"taxonomy":"product_cat","embeddable":true,"href":"https:\/\/hammampacha.com\/shop\/wp-json\/wp\/v2\/product_cat?post=8615"},{"taxonomy":"product_tag","embeddable":true,"href":"https:\/\/hammampacha.com\/shop\/wp-json\/wp\/v2\/product_tag?post=8615"}],"curies":[{"name":"wp","href":"https:\/\/api.w.org\/{rel}","templated":true}]}}