{"id":9078,"date":"2019-12-08T07:00:19","date_gmt":"2019-12-08T06:00:19","guid":{"rendered":"http:\/\/hammampacha.com\/shop\/produit\/creme-de-jour-a-lhuile-dargan-50ml\/"},"modified":"2023-07-12T20:59:36","modified_gmt":"2023-07-12T18:59:36","slug":"creme-de-jour-a-lhuile-dargan-50ml","status":"publish","type":"product","link":"https:\/\/hammampacha.com\/shop\/produit\/creme-de-jour-a-lhuile-dargan-50ml\/?lang=es","title":{"rendered":"Cr\u00e8me de jour \u00e0 l\u2019Huile d\u2019Argan 50ml"},"content":{"rendered":"<p><strong>La sublime<br \/>\nCr\u00e8me de jour \u00e0 l\u2019Huile d\u2019Argan 50ml<\/strong><\/p>\n<p>Origines<br \/>\nUtilis\u00e9e depuis des si\u00e8cles par les femmes<br \/>\nmarocaines, l\u2019huile d\u2019Argan est originaire<br \/>\ndu Maroc et plus particuli\u00e8rement du<br \/>\nfruit de l\u2019arganier.<\/p>\n<p>Les vertus de la cr\u00e8me de jour du Hammam Pacha<br \/>\nNous vous proposons une cr\u00e8me de jour \u00e0 l\u2019Argan qui poss\u00e8de des vertus<br \/>\nr\u00e9g\u00e9n\u00e9rantes pour votre peau et lui procurera douceur et hydratation.<\/p>\n<p>Pot de 50 ml 20\u20ac<\/p>\n<p><strong><u>Frais de port gratuits pour la France \u00e0 partir de 25 \u20ac d&rsquo;exp\u00e9dition<\/u><\/strong><\/p>\n<div class=\"short-description\">\n<p><strong>2 options pour commander : <\/strong><\/p>\n<p><strong>En t\u00e9l\u00e9chargement imm\u00e9diat : les produits seront \u00e0 votre disposition lors de votre venue au Hammam Pacha. <\/strong><\/p>\n<p><strong>Par la poste : Les produits seront exp\u00e9di\u00e9s en colissimo \u00e0 votre adresse dans un coffret cadeau.<\/strong><\/p>\n<\/div>\n","protected":false},"excerpt":{"rendered":"<p><strong>Cr\u00e8me \u00e0 l\u2019Huile d\u2019Argan 50ml<\/strong><\/p>\n","protected":false},"featured_media":4656,"template":"","meta":[],"product_brand":[],"product_cat":[122],"product_tag":[],"class_list":{"0":"post-9078","1":"product","2":"type-product","3":"status-publish","4":"has-post-thumbnail","6":"product_cat-nos-produits-es","8":"first","9":"instock","10":"virtual","11":"taxable","12":"purchasable","13":"product-type-simple"},"_links":{"self":[{"href":"https:\/\/hammampacha.com\/shop\/wp-json\/wp\/v2\/product\/9078","targetHints":{"allow":["GET"]}}],"collection":[{"href":"https:\/\/hammampacha.com\/shop\/wp-json\/wp\/v2\/product"}],"about":[{"href":"https:\/\/hammampacha.com\/shop\/wp-json\/wp\/v2\/types\/product"}],"wp:featuredmedia":[{"embeddable":true,"href":"https:\/\/hammampacha.com\/shop\/wp-json\/wp\/v2\/media\/4656"}],"wp:attachment":[{"href":"https:\/\/hammampacha.com\/shop\/wp-json\/wp\/v2\/media?parent=9078"}],"wp:term":[{"taxonomy":"product_brand","embeddable":true,"href":"https:\/\/hammampacha.com\/shop\/wp-json\/wp\/v2\/product_brand?post=9078"},{"taxonomy":"product_cat","embeddable":true,"href":"https:\/\/hammampacha.com\/shop\/wp-json\/wp\/v2\/product_cat?post=9078"},{"taxonomy":"product_tag","embeddable":true,"href":"https:\/\/hammampacha.com\/shop\/wp-json\/wp\/v2\/product_tag?post=9078"}],"curies":[{"name":"wp","href":"https:\/\/api.w.org\/{rel}","templated":true}]}}