{"id":9106,"date":"2019-11-16T09:56:43","date_gmt":"2019-11-16T08:56:43","guid":{"rendered":"http:\/\/hammampacha.com\/shop\/produit\/masaje-de-pies-de-15-minutos-hammam-pacha\/"},"modified":"2023-08-05T23:49:52","modified_gmt":"2023-08-05T21:49:52","slug":"masaje-de-pies-de-15-minutos-hammam-pacha","status":"publish","type":"product","link":"https:\/\/hammampacha.com\/shop\/produit\/masaje-de-pies-de-15-minutos-hammam-pacha\/?lang=es","title":{"rendered":"Masaje de pies de 15 minutos Hammam Pacha"},"content":{"rendered":"<p><strong>Masaje de pies de 15 minutos Hammam Pacha<\/strong><\/p>\n<p><span style=\"color: #4e2222;\">Masaje con aceites de su elecci\u00f3n <\/span><\/p>\n<p><u><strong>NB : Los masajes y cuidados requieren la compra de una entrada al Hammam o un paquete.<\/strong><\/u><\/p>\n<p><strong>M\u00ednimo de 2 a 4 horas, dependiendo de la ocupaci\u00f3n <\/strong>&#8211; <strong>Sin cita previa<\/strong><\/p>\n<p><strong>Los tiempos indicados para cada procedimiento pueden ser m\u00e1s largos en funci\u00f3n de la carga de trabajo y se dan a t\u00edtulo orientativo.<\/strong><\/p>\n<p>Esta entrada tiene vigencia durante 1 a\u00f1o a partir de su fecha de emisi\u00f3n.<\/p>\n<p>V\u00e1lido \u00fanicamente en el Hammam Pacha de Paris.<\/p>\n<p><strong><span style=\"color: #4e2222;\">Masajes no terap\u00e9uticos.<\/span><\/strong><\/p>\n<p><b>Ahora puede descargar e imprimir directamente sus bonos de regalo en cuanto su pedido est\u00e9 terminado.<\/b><\/p>\n","protected":false},"excerpt":{"rendered":"<p><strong>Masaje de pies de 15 minutos Hammam Pacha<\/strong><\/p>\n","protected":false},"featured_media":760,"template":"","meta":[],"product_brand":[],"product_cat":[123],"product_tag":[],"class_list":{"0":"post-9106","1":"product","2":"type-product","3":"status-publish","4":"has-post-thumbnail","6":"product_cat-nos-soins-es","8":"first","9":"instock","10":"virtual","11":"taxable","12":"purchasable","13":"product-type-simple"},"_links":{"self":[{"href":"https:\/\/hammampacha.com\/shop\/wp-json\/wp\/v2\/product\/9106","targetHints":{"allow":["GET"]}}],"collection":[{"href":"https:\/\/hammampacha.com\/shop\/wp-json\/wp\/v2\/product"}],"about":[{"href":"https:\/\/hammampacha.com\/shop\/wp-json\/wp\/v2\/types\/product"}],"wp:featuredmedia":[{"embeddable":true,"href":"https:\/\/hammampacha.com\/shop\/wp-json\/wp\/v2\/media\/760"}],"wp:attachment":[{"href":"https:\/\/hammampacha.com\/shop\/wp-json\/wp\/v2\/media?parent=9106"}],"wp:term":[{"taxonomy":"product_brand","embeddable":true,"href":"https:\/\/hammampacha.com\/shop\/wp-json\/wp\/v2\/product_brand?post=9106"},{"taxonomy":"product_cat","embeddable":true,"href":"https:\/\/hammampacha.com\/shop\/wp-json\/wp\/v2\/product_cat?post=9106"},{"taxonomy":"product_tag","embeddable":true,"href":"https:\/\/hammampacha.com\/shop\/wp-json\/wp\/v2\/product_tag?post=9106"}],"curies":[{"name":"wp","href":"https:\/\/api.w.org\/{rel}","templated":true}]}}