{"id":9137,"date":"2019-10-23T06:25:08","date_gmt":"2019-10-23T04:25:08","guid":{"rendered":"http:\/\/hammampacha.com\/shop\/produit\/paquete-belleza-paris-3\/"},"modified":"2023-08-05T02:08:41","modified_gmt":"2023-08-05T00:08:41","slug":"paquete-belleza-paris","status":"publish","type":"product","link":"https:\/\/hammampacha.com\/shop\/produit\/paquete-belleza-paris\/?lang=es","title":{"rendered":"PAQUETE BELLEZA PARIS"},"content":{"rendered":"<p>Este forfait incluye:<\/p>\n<table class=\" cke_show_border\" border=\"0\" cellspacing=\"0\" cellpadding=\"0\">\n<tbody>\n<tr>\n<td>1 entrada con albornoz, toalla y zapatillas<\/td>\n<td>39 \u20ac<\/td>\n<\/tr>\n<tr>\n<td>1 jab\u00f3n negro<\/td>\n<td>12 \u20ac<\/td>\n<\/tr>\n<tr>\n<td>1 guante de engomado<\/td>\n<td>12 \u20ac<\/td>\n<\/tr>\n<tr>\n<td>1 Exfoliaci\u00f3n realizada por uno de nuestros exfoliadore<\/td>\n<td>20 \u20ac<\/td>\n<\/tr>\n<tr>\n<td>1 masaje 15 mn<\/td>\n<td>28 \u20ac<\/td>\n<\/tr>\n<tr>\n<td>1 comida ( 1 plato principal + 1 postre + 1 refresco )<\/td>\n<td>30 \u20ac<\/td>\n<\/tr>\n<tr>\n<td>Total \u00ab\u00a0a la carta\u00a0\u00bb<\/td>\n<td><span style=\"text-decoration: line-through;\">141 \u20ac<\/span><\/td>\n<\/tr>\n<tr>\n<td><strong>En el paquete <\/strong><\/td>\n<td><strong>100 \u20ac<\/strong><\/td>\n<\/tr>\n<\/tbody>\n<\/table>\n<p><strong>El paquete de introducci\u00f3n por excelencia, relajaci\u00f3n garantizada.<\/strong><\/p>\n<p>M\u00ednimo 4 horas y 30 minutos \u2013 <strong>Sin cita previa<\/strong><\/p>\n<p><strong>Los tiempos indicados para cada procedimiento pueden ser m\u00e1s largos en funci\u00f3n de la carga de trabajo y se dan a t\u00edtulo orientativo.<\/strong><\/p>\n<p>Esta entrada tiene vigencia durante 1 a\u00f1o a partir de su fecha de emisi\u00f3n.<br \/>\nV\u00e1lido \u00fanicamente en el Hammam Pacha de Paris.<\/p>\n<p><strong>Masaje no terap\u00e9utico<\/strong><\/p>\n<p><b>Ahora puede descargar e imprimir directamente sus bonos de regalo en cuanto su pedido est\u00e9 terminado.\u00a0<\/b><span style=\"color: #4e2222;\"><b><br \/>\n<\/b><\/span><\/p>\n","protected":false},"excerpt":{"rendered":"<p><strong>El paquete de introducci\u00f3n por excelencia, relajaci\u00f3n garantizada.<\/strong><\/p>\n","protected":false},"featured_media":552,"template":"","meta":[],"product_brand":[],"product_cat":[121],"product_tag":[],"class_list":{"0":"post-9137","1":"product","2":"type-product","3":"status-publish","4":"has-post-thumbnail","6":"product_cat-forfaits","8":"first","9":"instock","10":"featured","11":"virtual","12":"taxable","13":"purchasable","14":"product-type-simple"},"_links":{"self":[{"href":"https:\/\/hammampacha.com\/shop\/wp-json\/wp\/v2\/product\/9137","targetHints":{"allow":["GET"]}}],"collection":[{"href":"https:\/\/hammampacha.com\/shop\/wp-json\/wp\/v2\/product"}],"about":[{"href":"https:\/\/hammampacha.com\/shop\/wp-json\/wp\/v2\/types\/product"}],"wp:featuredmedia":[{"embeddable":true,"href":"https:\/\/hammampacha.com\/shop\/wp-json\/wp\/v2\/media\/552"}],"wp:attachment":[{"href":"https:\/\/hammampacha.com\/shop\/wp-json\/wp\/v2\/media?parent=9137"}],"wp:term":[{"taxonomy":"product_brand","embeddable":true,"href":"https:\/\/hammampacha.com\/shop\/wp-json\/wp\/v2\/product_brand?post=9137"},{"taxonomy":"product_cat","embeddable":true,"href":"https:\/\/hammampacha.com\/shop\/wp-json\/wp\/v2\/product_cat?post=9137"},{"taxonomy":"product_tag","embeddable":true,"href":"https:\/\/hammampacha.com\/shop\/wp-json\/wp\/v2\/product_tag?post=9137"}],"curies":[{"name":"wp","href":"https:\/\/api.w.org\/{rel}","templated":true}]}}