{"id":9142,"date":"2019-11-16T08:35:32","date_gmt":"2019-11-16T07:35:32","guid":{"rendered":"http:\/\/hammampacha.com\/shop\/produit\/paquete-cambio-de-imagen-paris\/"},"modified":"2023-08-05T02:33:21","modified_gmt":"2023-08-05T00:33:21","slug":"paquete-cambio-de-imagen-paris","status":"publish","type":"product","link":"https:\/\/hammampacha.com\/shop\/produit\/paquete-cambio-de-imagen-paris\/?lang=es","title":{"rendered":"PAQUETE CAMBIO DE IMAGEN PARIS"},"content":{"rendered":"<p>Este forfait incluye :<\/p>\n<table class=\" cke_show_border\" border=\"0\" cellspacing=\"0\" cellpadding=\"0\">\n<tbody>\n<tr>\n<td>1 entrada (con albornoz, toalla y zapatillas)<\/td>\n<td>39 \u20ac<\/td>\n<\/tr>\n<tr>\n<td>1 guante de engomado<\/td>\n<td>12 \u20ac<\/td>\n<\/tr>\n<tr>\n<td>1 jab\u00f3n negro<\/td>\n<td>12 \u20ac<\/td>\n<\/tr>\n<tr>\n<td>1 Exfoliaci\u00f3n realizada por uno de nuestros exfoliadore<\/td>\n<td>20 \u20ac<\/td>\n<\/tr>\n<tr>\n<td>\n<div id=\"gt-src-tools\">\n<div id=\"gt-src-tools-l\"><span id=\"result_box\" class=\"short_text\" lang=\"en\">1 envoltura con arcilla suave + enjabonado con flor de azahar<\/span><\/div>\n<\/div>\n<\/td>\n<td>30 \u20ac<\/td>\n<\/tr>\n<tr>\n<td>Total \u00ab\u00a0a la carta\u00a0\u00bb<\/td>\n<td><span style=\"text-decoration: line-through;\">113 \u20ac<\/span><\/td>\n<\/tr>\n<tr>\n<td><strong>En el paquete <\/strong><\/td>\n<td><strong>85 \u20ac<\/strong><\/td>\n<\/tr>\n<\/tbody>\n<\/table>\n<p><strong><span lang=\"es\">Un paquete calmante que le dar\u00e1 la piel del beb\u00e9 suave y fragante<\/span><\/strong><\/p>\n<p>M\u00ednimo 3 horas\u00a0\u2013 <strong>Sin cita previa<\/strong><\/p>\n<p><strong>Los tiempos indicados para cada procedimiento pueden ser m\u00e1s largos en funci\u00f3n de la carga de trabajo y se dan a t\u00edtulo orientativo.<\/strong><\/p>\n<p>Esta entrada tiene vigencia durante 1 a\u00f1o a partir de su fecha de emisi\u00f3n.<br \/>\nV\u00e1lido \u00fanicamente en el Hammam Pacha de Paris<\/p>\n<p><strong>Ahora puede descargar e imprimir directamente sus bonos de regalo en cuanto su pedido est\u00e9 terminado.\u00a0<\/strong><\/p>\n","protected":false},"excerpt":{"rendered":"<p><strong><span lang=\"es\">Un paquete calmante que le dar\u00e1 la piel del beb\u00e9 suave y fragante<\/span><\/strong><\/p>\n","protected":false},"featured_media":640,"template":"","meta":[],"product_brand":[],"product_cat":[121],"product_tag":[],"class_list":{"0":"post-9142","1":"product","2":"type-product","3":"status-publish","4":"has-post-thumbnail","6":"product_cat-forfaits","8":"first","9":"instock","10":"featured","11":"virtual","12":"taxable","13":"purchasable","14":"product-type-simple"},"_links":{"self":[{"href":"https:\/\/hammampacha.com\/shop\/wp-json\/wp\/v2\/product\/9142","targetHints":{"allow":["GET"]}}],"collection":[{"href":"https:\/\/hammampacha.com\/shop\/wp-json\/wp\/v2\/product"}],"about":[{"href":"https:\/\/hammampacha.com\/shop\/wp-json\/wp\/v2\/types\/product"}],"wp:featuredmedia":[{"embeddable":true,"href":"https:\/\/hammampacha.com\/shop\/wp-json\/wp\/v2\/media\/640"}],"wp:attachment":[{"href":"https:\/\/hammampacha.com\/shop\/wp-json\/wp\/v2\/media?parent=9142"}],"wp:term":[{"taxonomy":"product_brand","embeddable":true,"href":"https:\/\/hammampacha.com\/shop\/wp-json\/wp\/v2\/product_brand?post=9142"},{"taxonomy":"product_cat","embeddable":true,"href":"https:\/\/hammampacha.com\/shop\/wp-json\/wp\/v2\/product_cat?post=9142"},{"taxonomy":"product_tag","embeddable":true,"href":"https:\/\/hammampacha.com\/shop\/wp-json\/wp\/v2\/product_tag?post=9142"}],"curies":[{"name":"wp","href":"https:\/\/api.w.org\/{rel}","templated":true}]}}