{"id":9146,"date":"2019-11-16T14:08:02","date_gmt":"2019-11-16T13:08:02","guid":{"rendered":"http:\/\/hammampacha.com\/shop\/produit\/cheque-de-regalo-de-5e\/"},"modified":"2020-01-27T15:04:46","modified_gmt":"2020-01-27T14:04:46","slug":"cheque-de-regalo-de-5e","status":"publish","type":"product","link":"https:\/\/hammampacha.com\/shop\/produit\/cheque-de-regalo-de-5e\/?lang=es","title":{"rendered":"Cheque de regalo de 5\u20ac"},"content":{"rendered":"<p>\u00bfNo sabe que forfait elegir?<br \/>\nOfrezca cheques de regalo a sus amigas. Pueden utilizarse en los Hammam Pacha de Par\u00eds<br \/>\nDimensiones: 17,5 x 8 cm<\/p>\n<p>Los cheques de regalo Hammam Pacha existen en 10 \u20ac, 20 \u20ac y 50 \u20ac.<\/p>\n<p><b>Ofrezca un regalo del importe que desee !<\/b><\/p>\n<p>Nota: Pedido m\u00ednimo de 50 \u20ac por env\u00edo<\/p>\n<p><span style=\"font-size: small;\"><b>Condiciones de utilizaci\u00f3n :<br \/>\n<span style=\"font-size: xx-small;\"> Cada cheque de regalo puede utilizarse en una sola vez, no siendo reembolsable ni intercambiable, v\u00e1lido \u00fanicamente en los Hammam Pacha de Par\u00eds.<br \/>\nA cambio de este cheque de regalo no se ofrecer\u00e1 ninguna contrapartida financiera ni dinero alguno en el momento de su utilizaci\u00f3n.<br \/>\nTampoco podr\u00e1 ser cambiada ni reembolsada en caso de p\u00e9rdida o de robo o al terminar su fecha de vigencia. <\/span><\/b><\/span><\/p>\n<p>Los cheques de regalo tienen vigencia durante 1 a\u00f1o.<\/p>\n<p>Ahora puede descargar e imprimir directamente sus bonos de regalo en cuanto su pedido est\u00e9 terminado. Ver las condiciones de venta para m\u00e1s informaci\u00f3n.<\/p>\n","protected":false},"excerpt":{"rendered":"<p>Cheque de regalo de 5\u20ac<\/p>\n","protected":false},"featured_media":856,"template":"","meta":[],"product_brand":[],"product_cat":[124],"product_tag":[],"class_list":{"0":"post-9146","1":"product","2":"type-product","3":"status-publish","4":"has-post-thumbnail","6":"product_cat-cheques-cadeaux-es","8":"first","9":"instock","10":"virtual","11":"taxable","12":"purchasable","13":"product-type-simple"},"_links":{"self":[{"href":"https:\/\/hammampacha.com\/shop\/wp-json\/wp\/v2\/product\/9146","targetHints":{"allow":["GET"]}}],"collection":[{"href":"https:\/\/hammampacha.com\/shop\/wp-json\/wp\/v2\/product"}],"about":[{"href":"https:\/\/hammampacha.com\/shop\/wp-json\/wp\/v2\/types\/product"}],"wp:featuredmedia":[{"embeddable":true,"href":"https:\/\/hammampacha.com\/shop\/wp-json\/wp\/v2\/media\/856"}],"wp:attachment":[{"href":"https:\/\/hammampacha.com\/shop\/wp-json\/wp\/v2\/media?parent=9146"}],"wp:term":[{"taxonomy":"product_brand","embeddable":true,"href":"https:\/\/hammampacha.com\/shop\/wp-json\/wp\/v2\/product_brand?post=9146"},{"taxonomy":"product_cat","embeddable":true,"href":"https:\/\/hammampacha.com\/shop\/wp-json\/wp\/v2\/product_cat?post=9146"},{"taxonomy":"product_tag","embeddable":true,"href":"https:\/\/hammampacha.com\/shop\/wp-json\/wp\/v2\/product_tag?post=9146"}],"curies":[{"name":"wp","href":"https:\/\/api.w.org\/{rel}","templated":true}]}}