{"id":9387,"date":"2019-12-06T14:35:49","date_gmt":"2019-12-06T13:35:49","guid":{"rendered":"http:\/\/hammampacha.com\/shop\/produit\/tarjeta-illimitado-entradas-valida-1-ano-2\/"},"modified":"2020-01-28T13:29:55","modified_gmt":"2020-01-28T12:29:55","slug":"tarjeta-illimitado-entradas-valida-1-ano-2","status":"publish","type":"product","link":"https:\/\/hammampacha.com\/shop\/produit\/tarjeta-illimitado-entradas-valida-1-ano-2\/?lang=es","title":{"rendered":"TARJETA ILLIMITADO ENTRADAS V\u00c1LIDA 1 A\u00d1O"},"content":{"rendered":"<p>TARJETA ILLIMITADO ENTRADAS V\u00c1LIDA 1 A\u00d1O<\/p>\n<p>Pago en 3 o 4 veces en el sitio o por tel\u00e9fono<\/p>\n<p>Esta suscripci\u00f3n le permite ir a la Hammam Pacha Par\u00eds<br \/>\ntantas veces como desee durante 1 a\u00f1o.<br \/>\n(V\u00e1lido todos los d\u00edas, incluyendo fines de semana y d\u00edas festivos)<\/p>\n<p>2 invitaciones incluyen: Aproveche sus 2 amigos los beneficios de vapor.<\/p>\n<p>invitaci\u00f3n utilizable 1 o 2 veces.<\/p>\n<p>Disfrutar de todas nuestras instalaciones ilimitada durante 1 a\u00f1o:<br \/>\nentrada, vestuarios, sala de vapor, sauna, hidromasaje, sala de relajaci\u00f3n.<\/p>\n<p>El pase ser\u00e1 entregado a usted en su primera visita<br \/>\nestar\u00e1 presente en cada visita al Hammam Pacha PARIS1 A\u00d1O<\/p>\n<p>Pago en 3 o 4 veces en el sitio o por tel\u00e9fono<\/p>\n<p>Esta suscripci\u00f3n le permite ir a la Hammam Pacha Par\u00eds<br \/>\ntantas veces como desee durante 1 a\u00f1o.<br \/>\n(V\u00e1lido todos los d\u00edas, incluyendo fines de semana y d\u00edas festivos)<\/p>\n<p>2 invitaciones incluyen: Aproveche sus 2 amigos los beneficios de vapor.<\/p>\n<p>invitaci\u00f3n utilizable in 1 o 2 veces.<\/p>\n<p>Disfrutar de todas nuestras instalaciones ilimitada durante 1 a\u00f1o:<br \/>\nentrada, vestuarios, sala de vapor, sauna, hidromasaje, sala de relajaci\u00f3n.<\/p>\n<p>El pase ser\u00e1 entregado a usted en su primera visita<br \/>\nestar\u00e1 presente en cada visita al Hammam Pacha PARIS<\/p>\n","protected":false},"excerpt":{"rendered":"<p>TARJETA ILLIMITADO ENTRADAS V\u00c1LIDA 1 A\u00d1O<\/p>\n","protected":false},"featured_media":2305,"template":"","meta":[],"product_brand":[],"product_cat":[138],"product_tag":[],"class_list":{"0":"post-9387","1":"product","2":"type-product","3":"status-publish","4":"has-post-thumbnail","6":"product_cat-suscripciones","8":"first","9":"instock","10":"virtual","11":"taxable","12":"purchasable","13":"product-type-simple"},"_links":{"self":[{"href":"https:\/\/hammampacha.com\/shop\/wp-json\/wp\/v2\/product\/9387","targetHints":{"allow":["GET"]}}],"collection":[{"href":"https:\/\/hammampacha.com\/shop\/wp-json\/wp\/v2\/product"}],"about":[{"href":"https:\/\/hammampacha.com\/shop\/wp-json\/wp\/v2\/types\/product"}],"wp:featuredmedia":[{"embeddable":true,"href":"https:\/\/hammampacha.com\/shop\/wp-json\/wp\/v2\/media\/2305"}],"wp:attachment":[{"href":"https:\/\/hammampacha.com\/shop\/wp-json\/wp\/v2\/media?parent=9387"}],"wp:term":[{"taxonomy":"product_brand","embeddable":true,"href":"https:\/\/hammampacha.com\/shop\/wp-json\/wp\/v2\/product_brand?post=9387"},{"taxonomy":"product_cat","embeddable":true,"href":"https:\/\/hammampacha.com\/shop\/wp-json\/wp\/v2\/product_cat?post=9387"},{"taxonomy":"product_tag","embeddable":true,"href":"https:\/\/hammampacha.com\/shop\/wp-json\/wp\/v2\/product_tag?post=9387"}],"curies":[{"name":"wp","href":"https:\/\/api.w.org\/{rel}","templated":true}]}}