{"id":9388,"date":"2019-12-06T14:53:20","date_gmt":"2019-12-06T13:53:20","guid":{"rendered":"http:\/\/hammampacha.com\/shop\/produit\/tarjeta-de-cuidados-valida-1-ano\/"},"modified":"2020-01-28T13:17:23","modified_gmt":"2020-01-28T12:17:23","slug":"tarjeta-de-cuidados-valida-1-ano","status":"publish","type":"product","link":"https:\/\/hammampacha.com\/shop\/produit\/tarjeta-de-cuidados-valida-1-ano\/?lang=es","title":{"rendered":"TARJETA DE CUIDADOS V\u00c1LIDA 1 A\u00d1O"},"content":{"rendered":"<p>Tarjeta de 46 prestaciones v\u00e1lida 1 a\u00f1o, consta de:<\/p>\n<p>(tarjeta nominativa para presentar en cada visita)<\/p>\n<p><strong>NUEVO : Pago en 3 \u00f3 4 veces<\/strong><\/p>\n<p><strong>5 invitaciones incluidas: invite hasta cinco de sus amigas para compartir los beneficios del Hammam<\/strong><\/p>\n<p><strong>Contactez-nous pendant les horaires d&rsquo;ouverture du Hammam Pacha pour plus de renseignements<\/strong><\/p>\n<table class=\" cke_show_border\">\n<tbody>\n<tr>\n<td valign=\"top\" width=\"44%\">\n<div align=\"left\"><strong>25 entradas en el Hamman Pacha de Par\u00eds <\/strong>con albornoz, toalla y chanclas<\/div>\n<div align=\"left\"><strong>10 Exfoliaci\u00f3ns corporal<\/strong><\/div>\n<div align=\"left\"><strong>6 Masajes corporal de 15 minutos<\/strong><\/div>\n<div align=\"left\"><strong>2 Envolturas de algas<\/strong><\/div>\n<div align=\"left\"><strong>3 Mascarillas de belleza<\/strong><\/div>\n<div><strong>Total\u00a0 : <\/strong><\/div>\n<div align=\"left\"><strong>TARIF SPECIAL : <\/strong><\/div>\n<\/td>\n<td align=\"right\" valign=\"top\" width=\"20%\"><strong>875,00 Euros<br \/>\n200,00 Euros<br \/>\n150,00 Euros<br \/>\n76,00 Euros<br \/>\n90,00 Euros<br \/>\n<span style=\"text-decoration: line-through;\">1 391,00 Euros <\/span><br \/>\n990,00 euros <\/strong><\/p>\n<p><strong>\u00a0<\/strong><\/td>\n<\/tr>\n<\/tbody>\n<\/table>\n","protected":false},"excerpt":{"rendered":"<p>Tarjeta de 46 prestaciones v\u00e1lida 1 a\u00f1o, consta de: (tarjeta nominativa para presentar en cada visita) NUEVO : Pago en 3 \u00f3 4 veces 5 invitaciones incluidas: invite hasta cinco de sus amigas para compartir los beneficios del Hammam Contactez-nous pendant les horaires d&rsquo;ouverture du Hammam Pacha pour plus de renseignements 25 entradas en el [&hellip;]<\/p>\n","protected":false},"featured_media":2296,"template":"","meta":[],"product_brand":[],"product_cat":[138],"product_tag":[],"class_list":{"0":"post-9388","1":"product","2":"type-product","3":"status-publish","4":"has-post-thumbnail","6":"product_cat-suscripciones","8":"first","9":"instock","10":"taxable","11":"shipping-taxable","12":"purchasable","13":"product-type-simple"},"_links":{"self":[{"href":"https:\/\/hammampacha.com\/shop\/wp-json\/wp\/v2\/product\/9388","targetHints":{"allow":["GET"]}}],"collection":[{"href":"https:\/\/hammampacha.com\/shop\/wp-json\/wp\/v2\/product"}],"about":[{"href":"https:\/\/hammampacha.com\/shop\/wp-json\/wp\/v2\/types\/product"}],"wp:featuredmedia":[{"embeddable":true,"href":"https:\/\/hammampacha.com\/shop\/wp-json\/wp\/v2\/media\/2296"}],"wp:attachment":[{"href":"https:\/\/hammampacha.com\/shop\/wp-json\/wp\/v2\/media?parent=9388"}],"wp:term":[{"taxonomy":"product_brand","embeddable":true,"href":"https:\/\/hammampacha.com\/shop\/wp-json\/wp\/v2\/product_brand?post=9388"},{"taxonomy":"product_cat","embeddable":true,"href":"https:\/\/hammampacha.com\/shop\/wp-json\/wp\/v2\/product_cat?post=9388"},{"taxonomy":"product_tag","embeddable":true,"href":"https:\/\/hammampacha.com\/shop\/wp-json\/wp\/v2\/product_tag?post=9388"}],"curies":[{"name":"wp","href":"https:\/\/api.w.org\/{rel}","templated":true}]}}