{"id":9403,"date":"2019-10-23T06:24:07","date_gmt":"2019-10-23T04:24:07","guid":{"rendered":"http:\/\/hammampacha.com\/shop\/produit\/komplettangebot-basic-paris\/"},"modified":"2023-08-05T02:14:26","modified_gmt":"2023-08-05T00:14:26","slug":"komplettangebot-basic-paris","status":"publish","type":"product","link":"https:\/\/hammampacha.com\/shop\/produit\/komplettangebot-basic-paris\/?lang=de","title":{"rendered":"KOMPLETTANGEBOT BASIC PARIS"},"content":{"rendered":"<p>Dieses Angebot umfasst:<\/p>\n<table class=\" cke_show_border\" border=\"0\" cellspacing=\"0\" cellpadding=\"0\">\n<tbody>\n<tr>\n<td>1 Eintritt einschlie\u00dflich Bademantel, Handtuch und Badeschuhe<\/td>\n<td>39 \u20ac<\/td>\n<\/tr>\n<tr>\n<td>1 schwarze Seife<\/td>\n<td>12 \u20ac<\/td>\n<\/tr>\n<tr>\n<td>1 Peelinghandschuh<\/td>\n<td>12 \u20ac<\/td>\n<\/tr>\n<tr>\n<td>1 Peeling, das von einer unserer Peeling-M\u00e4dchen durchgef\u00fchrt wurde<\/td>\n<td>20 \u20ac<\/td>\n<\/tr>\n<tr>\n<td>Gesamt<\/td>\n<td><span style=\"text-decoration: line-through;\">83 \u20ac<\/span><\/td>\n<\/tr>\n<tr>\n<td><strong>In Paket<\/strong><\/td>\n<td><strong>65 \u20ac<\/strong><\/td>\n<\/tr>\n<\/tbody>\n<\/table>\n<p><strong>Unerl\u00e4ssliche Pflegeanwendung im Hammam. Detox-Kur f\u00fcr die Haut: K\u00f6rper-Peeeling f\u00fcr glatte und reine Haut von Kopf bis Fu\u00df.<\/strong><\/p>\n<p>Minimum 2 Stunden \u2013 <strong>Ohne Termin<\/strong><\/p>\n<p><strong>Die f\u00fcr die einzelnen Verfahren angegebenen Zeiten k\u00f6nnen je nach Arbeitsaufwand l\u00e4nger sein und dienen nur als Richtwerte.<\/strong><\/p>\n<p>Dieser Eintritt ist ab dem Ausstellungsdatum 1 Jahr lang g\u00fcltig.<br \/>\nNur g\u00fcltig f\u00fcr das Hammam Pacha in Paris.<\/p>\n<p><b>Sie k\u00f6nnen Ihre Geschenkgutscheine jetzt auch direkt nach Abschluss der Bestellung herunterladen und drucken.\u00a0<\/b><span style=\"color: #4e2222;\"><b><br \/>\n<\/b><\/span><\/p>\n","protected":false},"excerpt":{"rendered":"<p><strong>Unerl\u00e4ssliche Pflegeanwendung im Hammam. Detox-Kur f\u00fcr die Haut: K\u00f6rper-Peeeling f\u00fcr glatte und reine Haut von Kopf bis Fu\u00df.<\/strong><\/p>\n","protected":false},"featured_media":555,"template":"","meta":[],"product_brand":[],"product_cat":[125],"product_tag":[],"class_list":{"0":"post-9403","1":"product","2":"type-product","3":"status-publish","4":"has-post-thumbnail","6":"product_cat-komplettangebote","8":"first","9":"instock","10":"featured","11":"virtual","12":"taxable","13":"purchasable","14":"product-type-simple"},"_links":{"self":[{"href":"https:\/\/hammampacha.com\/shop\/wp-json\/wp\/v2\/product\/9403","targetHints":{"allow":["GET"]}}],"collection":[{"href":"https:\/\/hammampacha.com\/shop\/wp-json\/wp\/v2\/product"}],"about":[{"href":"https:\/\/hammampacha.com\/shop\/wp-json\/wp\/v2\/types\/product"}],"wp:featuredmedia":[{"embeddable":true,"href":"https:\/\/hammampacha.com\/shop\/wp-json\/wp\/v2\/media\/555"}],"wp:attachment":[{"href":"https:\/\/hammampacha.com\/shop\/wp-json\/wp\/v2\/media?parent=9403"}],"wp:term":[{"taxonomy":"product_brand","embeddable":true,"href":"https:\/\/hammampacha.com\/shop\/wp-json\/wp\/v2\/product_brand?post=9403"},{"taxonomy":"product_cat","embeddable":true,"href":"https:\/\/hammampacha.com\/shop\/wp-json\/wp\/v2\/product_cat?post=9403"},{"taxonomy":"product_tag","embeddable":true,"href":"https:\/\/hammampacha.com\/shop\/wp-json\/wp\/v2\/product_tag?post=9403"}],"curies":[{"name":"wp","href":"https:\/\/api.w.org\/{rel}","templated":true}]}}