{"id":9407,"date":"2019-10-23T06:24:07","date_gmt":"2019-10-23T04:24:07","guid":{"rendered":"http:\/\/hammampacha.com\/shop\/produit\/pacote-basico-paris\/"},"modified":"2023-08-05T02:17:51","modified_gmt":"2023-08-05T00:17:51","slug":"pacote-basico-paris","status":"publish","type":"product","link":"https:\/\/hammampacha.com\/shop\/produit\/pacote-basico-paris\/?lang=pt-pt","title":{"rendered":"PACOTE BASICO  PARIS"},"content":{"rendered":"<p>Este pacote inclui<\/p>\n<table class=\" cke_show_border\" border=\"0\" cellspacing=\"0\" cellpadding=\"0\">\n<tbody>\n<tr>\n<td>1 entrada com roup\u00e3o, toalha e chinelos<\/td>\n<td>39 \u20ac<\/td>\n<\/tr>\n<tr>\n<td>1 sab\u00e3o preto<\/td>\n<td>12 \u20ac<\/td>\n<\/tr>\n<tr>\n<td>1 luva de esfolia\u00e7\u00e3o<\/td>\n<td>12 \u20ac<\/td>\n<\/tr>\n<tr>\n<td>1 esfolia\u00e7\u00e3o feita por uma das nossas profissionais<\/td>\n<td>20 \u20ac<\/td>\n<\/tr>\n<tr>\n<td>Total \u00ab\u00a0cuidados adicionais\u00a0\u00bb :<\/td>\n<td><span style=\"text-decoration: line-through;\">83 \u20ac<\/span><\/td>\n<\/tr>\n<tr>\n<td><strong>Total\u00a0 pacote :<\/strong><\/td>\n<td><strong>65 \u20ac<\/strong><\/td>\n<\/tr>\n<\/tbody>\n<\/table>\n<p><strong>Cuidado de beleza indispens\u00e1vel no Hammam. Detox cut\u00e2neo: a pele do corpo fica limpa, saud\u00e1vel, e sem celulas mortas<\/strong><\/p>\n<p>M\u00ednimo de 2 horas &#8211; <strong>Sem marca\u00e7\u00e3o<\/strong><\/p>\n<p><strong>Os tempos indicados para cada procedimento podem ser mais longos em fun\u00e7\u00e3o do volume de trabalho e s\u00e3o dados a t\u00edtulo indicativo.<\/strong><\/p>\n<p>Estes pacotes s\u00e3o v\u00e1lidos durante 1 ano<br \/>\nV\u00e1lido exclusivamente no Hammam Pacha de PARIS<\/p>\n<p><b>Poder\u00e1fazer o downloade imprimirdiretamente os seusvales de ofertaaoterminar a encomenda.<\/b><br \/>\n<span style=\"color: #4e2222;\"><b><br \/>\n<\/b><\/span><\/p>\n","protected":false},"excerpt":{"rendered":"<p><strong>Cuidado de beleza indispens\u00e1vel no Hammam. Detox cut\u00e2neo: a pele do corpo fica limpa, saud\u00e1vel, e sem celulas mortas<\/strong><\/p>\n","protected":false},"featured_media":558,"template":"","meta":[],"product_brand":[],"product_cat":[129],"product_tag":[],"class_list":{"0":"post-9407","1":"product","2":"type-product","3":"status-publish","4":"has-post-thumbnail","6":"product_cat-pacotes","8":"first","9":"instock","10":"featured","11":"virtual","12":"taxable","13":"purchasable","14":"product-type-simple"},"_links":{"self":[{"href":"https:\/\/hammampacha.com\/shop\/wp-json\/wp\/v2\/product\/9407","targetHints":{"allow":["GET"]}}],"collection":[{"href":"https:\/\/hammampacha.com\/shop\/wp-json\/wp\/v2\/product"}],"about":[{"href":"https:\/\/hammampacha.com\/shop\/wp-json\/wp\/v2\/types\/product"}],"wp:featuredmedia":[{"embeddable":true,"href":"https:\/\/hammampacha.com\/shop\/wp-json\/wp\/v2\/media\/558"}],"wp:attachment":[{"href":"https:\/\/hammampacha.com\/shop\/wp-json\/wp\/v2\/media?parent=9407"}],"wp:term":[{"taxonomy":"product_brand","embeddable":true,"href":"https:\/\/hammampacha.com\/shop\/wp-json\/wp\/v2\/product_brand?post=9407"},{"taxonomy":"product_cat","embeddable":true,"href":"https:\/\/hammampacha.com\/shop\/wp-json\/wp\/v2\/product_cat?post=9407"},{"taxonomy":"product_tag","embeddable":true,"href":"https:\/\/hammampacha.com\/shop\/wp-json\/wp\/v2\/product_tag?post=9407"}],"curies":[{"name":"wp","href":"https:\/\/api.w.org\/{rel}","templated":true}]}}