{"id":9409,"date":"2019-10-23T06:25:08","date_gmt":"2019-10-23T04:25:08","guid":{"rendered":"http:\/\/hammampacha.com\/shop\/produit\/komplettangebot-beauty-paris\/"},"modified":"2023-08-05T02:04:09","modified_gmt":"2023-08-05T00:04:09","slug":"komplettangebot-beauty-paris","status":"publish","type":"product","link":"https:\/\/hammampacha.com\/shop\/produit\/komplettangebot-beauty-paris\/?lang=de","title":{"rendered":"KOMPLETTANGEBOT BEAUTY PARIS"},"content":{"rendered":"<p>Dieses Angebot umfasst :<\/p>\n<table class=\" cke_show_border\" border=\"0\" cellspacing=\"0\" cellpadding=\"0\">\n<tbody>\n<tr>\n<td>1 Eintritt einschlie\u00dflich Bademantel, Handtuch und Badeschuhe<\/td>\n<td>39 \u20ac<\/td>\n<\/tr>\n<tr>\n<td>1 schwarze Seife<\/td>\n<td>12 \u20ac<\/td>\n<\/tr>\n<tr>\n<td>1 Peelinghandschuh<\/td>\n<td>12 \u20ac<\/td>\n<\/tr>\n<tr>\n<td>1 Peeling, das von einer unserer Peeling-M\u00e4dchen durchgef\u00fchrt wurde<\/td>\n<td>20 \u20ac<\/td>\n<\/tr>\n<tr>\n<td>1 massage 15 min<\/td>\n<td>28 \u20ac<\/td>\n<\/tr>\n<tr>\n<td>1 Mahlzeit ( 1 Hauptgericht + 1 Nachspeise + 1 Softdrink )<\/td>\n<td>30 \u20ac<\/td>\n<\/tr>\n<tr>\n<td>Gesamt :<\/td>\n<td><span style=\"text-decoration: line-through;\">141 \u20ac<\/span><\/td>\n<\/tr>\n<tr>\n<td><strong>In Paket<\/strong><\/td>\n<td><strong>100 \u20ac<\/strong><\/td>\n<\/tr>\n<\/tbody>\n<\/table>\n<p><strong>Das Kennlernangebot par excellence, Entspannung garantiert.<\/strong><\/p>\n<p>Minimum 4 Stunde 30 Minuten\u00a0 \u2013 <strong>Ohne Termin<\/strong><\/p>\n<p><strong>Die f\u00fcr die einzelnen Verfahren angegebenen Zeiten k\u00f6nnen je nach Arbeitsaufwand l\u00e4nger sein und dienen nur als Richtwerte.<\/strong><\/p>\n<p>Dieser Eintritt ist ab dem Ausstellungsdatum 1 Jahr lang g\u00fcltig.<br \/>\nNur g\u00fcltig f\u00fcr das Hammam Pacha in Paris.<\/p>\n<p><strong>Nicht-therapeutische Massage<\/strong><\/p>\n<p><b>Sie k\u00f6nnen Ihre Geschenkgutscheine jetzt auch direkt nach Abschluss der Bestellung herunterladen und drucken.\u00a0<\/b><span style=\"color: #4e2222;\"><b><br \/>\n<\/b><\/span><\/p>\n","protected":false},"excerpt":{"rendered":"<p><strong>Das Kennlernangebot par excellence, Entspannung garantiert.<\/strong><\/p>\n","protected":false},"featured_media":547,"template":"","meta":[],"product_brand":[],"product_cat":[125],"product_tag":[],"class_list":{"0":"post-9409","1":"product","2":"type-product","3":"status-publish","4":"has-post-thumbnail","6":"product_cat-komplettangebote","8":"first","9":"instock","10":"virtual","11":"taxable","12":"purchasable","13":"product-type-simple"},"_links":{"self":[{"href":"https:\/\/hammampacha.com\/shop\/wp-json\/wp\/v2\/product\/9409","targetHints":{"allow":["GET"]}}],"collection":[{"href":"https:\/\/hammampacha.com\/shop\/wp-json\/wp\/v2\/product"}],"about":[{"href":"https:\/\/hammampacha.com\/shop\/wp-json\/wp\/v2\/types\/product"}],"wp:featuredmedia":[{"embeddable":true,"href":"https:\/\/hammampacha.com\/shop\/wp-json\/wp\/v2\/media\/547"}],"wp:attachment":[{"href":"https:\/\/hammampacha.com\/shop\/wp-json\/wp\/v2\/media?parent=9409"}],"wp:term":[{"taxonomy":"product_brand","embeddable":true,"href":"https:\/\/hammampacha.com\/shop\/wp-json\/wp\/v2\/product_brand?post=9409"},{"taxonomy":"product_cat","embeddable":true,"href":"https:\/\/hammampacha.com\/shop\/wp-json\/wp\/v2\/product_cat?post=9409"},{"taxonomy":"product_tag","embeddable":true,"href":"https:\/\/hammampacha.com\/shop\/wp-json\/wp\/v2\/product_tag?post=9409"}],"curies":[{"name":"wp","href":"https:\/\/api.w.org\/{rel}","templated":true}]}}