{"id":9438,"date":"2019-11-16T08:35:32","date_gmt":"2019-11-16T07:35:32","guid":{"rendered":"http:\/\/hammampacha.com\/shop\/produit\/komplettangebot-hautpflege-paris\/"},"modified":"2023-08-05T02:26:39","modified_gmt":"2023-08-05T00:26:39","slug":"komplettangebot-hautpflege-paris","status":"publish","type":"product","link":"https:\/\/hammampacha.com\/shop\/produit\/komplettangebot-hautpflege-paris\/?lang=de","title":{"rendered":"KOMPLETTANGEBOT HAUTPFLEGE PARIS"},"content":{"rendered":"<p>Dieses Angebot umfasst :<\/p>\n<table class=\" cke_show_border\" border=\"0\" cellspacing=\"0\" cellpadding=\"0\">\n<tbody>\n<tr>\n<td>1 Eintritt Bereitstellung von Bademantel, Handtuch und Badeschuhen<\/td>\n<td>39 \u20ac<\/td>\n<\/tr>\n<tr>\n<td>1 Peelinghandschuh<\/td>\n<td>12 \u20ac<\/td>\n<\/tr>\n<tr>\n<td>1 schwarze Seife<\/td>\n<td>12 \u20ac<\/td>\n<\/tr>\n<tr>\n<td>1 Peeling, das von einer unserer Peeling-M\u00e4dchen durchgef\u00fchrt wurde<\/td>\n<td>20 \u20ac<\/td>\n<\/tr>\n<tr>\n<td>\n<div id=\"gt-src-tools\">\n<div id=\"gt-src-tools-l\"><span id=\"result_box\" class=\"short_text\" lang=\"en\">1 Mineralerdepackung + Seifenmassage Orangenbl\u00fcte <\/span><\/div>\n<\/div>\n<\/td>\n<td>30 \u20ac<\/td>\n<\/tr>\n<tr>\n<td>Gesamt :<\/td>\n<td><span style=\"text-decoration: line-through;\">113 \u20ac<\/span><\/td>\n<\/tr>\n<tr>\n<td><strong>In Paket<\/strong><\/td>\n<td><strong>85 \u20ac<\/strong><\/td>\n<\/tr>\n<\/tbody>\n<\/table>\n<p><strong><span id=\"result_box\" lang=\"de\">Eine beruhigende Paket, das Sie eines Babys Haut weich und duftend geben<\/span><\/strong><\/p>\n<p>Minimum 3 Stunden\u00a0\u2013 <strong>Ohne Termin<\/strong><\/p>\n<p><strong>Die f\u00fcr die einzelnen Verfahren angegebenen Zeiten k\u00f6nnen je nach Arbeitsaufwand l\u00e4nger sein und dienen nur als Richtwerte.<\/strong><\/p>\n<p>Dieser Eintritt ist ab dem Ausstellungsdatum 1 Jahr lang g\u00fcltig.<br \/>\nNur g\u00fcltig f\u00fcr das Hammam Pacha in Paris.<\/p>\n<p><b> Sie k\u00f6nnen Ihre Geschenkgutscheine jetzt auch direkt nach Abschluss der Bestellung herunterladen und drucken.\u00a0<\/b><\/p>\n","protected":false},"excerpt":{"rendered":"<p><strong><span id=\"result_box\" lang=\"de\">Eine beruhigende Paket, das Sie eines Babys Haut weich und duftend geben<\/span><\/strong><\/p>\n","protected":false},"featured_media":635,"template":"","meta":[],"product_brand":[],"product_cat":[125],"product_tag":[],"class_list":{"0":"post-9438","1":"product","2":"type-product","3":"status-publish","4":"has-post-thumbnail","6":"product_cat-komplettangebote","8":"first","9":"instock","10":"featured","11":"virtual","12":"taxable","13":"purchasable","14":"product-type-simple"},"_links":{"self":[{"href":"https:\/\/hammampacha.com\/shop\/wp-json\/wp\/v2\/product\/9438","targetHints":{"allow":["GET"]}}],"collection":[{"href":"https:\/\/hammampacha.com\/shop\/wp-json\/wp\/v2\/product"}],"about":[{"href":"https:\/\/hammampacha.com\/shop\/wp-json\/wp\/v2\/types\/product"}],"wp:featuredmedia":[{"embeddable":true,"href":"https:\/\/hammampacha.com\/shop\/wp-json\/wp\/v2\/media\/635"}],"wp:attachment":[{"href":"https:\/\/hammampacha.com\/shop\/wp-json\/wp\/v2\/media?parent=9438"}],"wp:term":[{"taxonomy":"product_brand","embeddable":true,"href":"https:\/\/hammampacha.com\/shop\/wp-json\/wp\/v2\/product_brand?post=9438"},{"taxonomy":"product_cat","embeddable":true,"href":"https:\/\/hammampacha.com\/shop\/wp-json\/wp\/v2\/product_cat?post=9438"},{"taxonomy":"product_tag","embeddable":true,"href":"https:\/\/hammampacha.com\/shop\/wp-json\/wp\/v2\/product_tag?post=9438"}],"curies":[{"name":"wp","href":"https:\/\/api.w.org\/{rel}","templated":true}]}}