{"id":9441,"date":"2019-11-16T08:35:32","date_gmt":"2019-11-16T07:35:32","guid":{"rendered":"http:\/\/hammampacha.com\/shop\/produit\/pacote-de-reforma-paris\/"},"modified":"2023-08-05T02:31:04","modified_gmt":"2023-08-05T00:31:04","slug":"pacote-de-reforma-paris","status":"publish","type":"product","link":"https:\/\/hammampacha.com\/shop\/produit\/pacote-de-reforma-paris\/?lang=pt-pt","title":{"rendered":"PACOTE DE REFORMA PARIS"},"content":{"rendered":"<p><span id=\"result_box\" lang=\"pt\">Este pacote inclui:<\/span><\/p>\n<table class=\" cke_show_border\" border=\"0\" cellspacing=\"0\" cellpadding=\"0\">\n<tbody>\n<tr>\n<td>1 entrada com roup\u00e3o, toalha e chinelos<\/td>\n<td>39 \u20ac<\/td>\n<\/tr>\n<tr>\n<td>1 luva de esfolia\u00e7\u00e3o<\/td>\n<td>12 \u20ac<\/td>\n<\/tr>\n<tr>\n<td>1 sab\u00e3o preto<\/td>\n<td>12 \u20ac<\/td>\n<\/tr>\n<tr>\n<td>1 esfolia\u00e7\u00e3o \u00e9 feita por uma das nossas profissionais<\/td>\n<td>20 \u20ac<\/td>\n<\/tr>\n<tr>\n<td>\n<div id=\"gt-src-tools\">\n<div id=\"gt-src-tools-l\"><span id=\"result_box\" class=\"short_text\" lang=\"en\">1 envolvimento com argila suave + remo\u00e7\u00e3o\u00a0 com sabonete de flor de laranjeira <\/span><\/div>\n<\/div>\n<\/td>\n<td>30 \u20ac<\/td>\n<\/tr>\n<tr>\n<td>Total &#8220;cuidados adicionais&#8221; :<\/td>\n<td><span style=\"text-decoration: line-through;\">113 \u20ac<\/span><\/td>\n<\/tr>\n<tr>\n<td><strong><span id=\"result_box\" lang=\"pt\">Total\u00a0 pacotes :<\/span><\/strong><\/td>\n<td><strong>85 \u20ac<\/strong><\/td>\n<\/tr>\n<\/tbody>\n<\/table>\n<p><strong><span id=\"result_box\" lang=\"pt\">Um pacote calmante que vai dar-lhe a pele do beb\u00ea macia e perfumada<\/span><\/strong><\/p>\n<p>M\u00ednimo de 3 horas &#8211; <strong>Sem marca\u00e7\u00e3o<\/strong><\/p>\n<p><strong>Os tempos indicados para cada procedimento podem ser mais longos em fun\u00e7\u00e3o do volume de trabalho e s\u00e3o dados a t\u00edtulo indicativo.<\/strong><\/p>\n<p>Estes S\u00e3o pacotes validos Durante 1 ano.<br \/>\nV\u00e1lido somente em Hammam Pacha PARIS<\/p>\n<p><strong>Voc\u00ea pode baixar e imprimir directamente os seus vales de oferta, assim que o pedido for conclu\u00eddo.<br \/>\n<\/strong><\/p>\n","protected":false},"excerpt":{"rendered":"<p><strong><span id=\"result_box\" lang=\"pt\">Um pacote calmante que vai dar-lhe a pele do beb\u00ea macia e perfumada<\/span><\/strong><\/p>\n","protected":false},"featured_media":638,"template":"","meta":[],"product_brand":[],"product_cat":[129],"product_tag":[],"class_list":{"0":"post-9441","1":"product","2":"type-product","3":"status-publish","4":"has-post-thumbnail","6":"product_cat-pacotes","8":"first","9":"instock","10":"featured","11":"virtual","12":"taxable","13":"purchasable","14":"product-type-simple"},"_links":{"self":[{"href":"https:\/\/hammampacha.com\/shop\/wp-json\/wp\/v2\/product\/9441","targetHints":{"allow":["GET"]}}],"collection":[{"href":"https:\/\/hammampacha.com\/shop\/wp-json\/wp\/v2\/product"}],"about":[{"href":"https:\/\/hammampacha.com\/shop\/wp-json\/wp\/v2\/types\/product"}],"wp:featuredmedia":[{"embeddable":true,"href":"https:\/\/hammampacha.com\/shop\/wp-json\/wp\/v2\/media\/638"}],"wp:attachment":[{"href":"https:\/\/hammampacha.com\/shop\/wp-json\/wp\/v2\/media?parent=9441"}],"wp:term":[{"taxonomy":"product_brand","embeddable":true,"href":"https:\/\/hammampacha.com\/shop\/wp-json\/wp\/v2\/product_brand?post=9441"},{"taxonomy":"product_cat","embeddable":true,"href":"https:\/\/hammampacha.com\/shop\/wp-json\/wp\/v2\/product_cat?post=9441"},{"taxonomy":"product_tag","embeddable":true,"href":"https:\/\/hammampacha.com\/shop\/wp-json\/wp\/v2\/product_tag?post=9441"}],"curies":[{"name":"wp","href":"https:\/\/api.w.org\/{rel}","templated":true}]}}