{"id":9447,"date":"2019-11-16T08:38:15","date_gmt":"2019-11-16T07:38:15","guid":{"rendered":"http:\/\/hammampacha.com\/shop\/produit\/pacotes-grande-beleza-paris\/"},"modified":"2023-08-05T02:56:58","modified_gmt":"2023-08-05T00:56:58","slug":"pacotes-grande-beleza-paris","status":"publish","type":"product","link":"https:\/\/hammampacha.com\/shop\/produit\/pacotes-grande-beleza-paris\/?lang=pt-pt","title":{"rendered":"PACOTES GRANDE BELEZA PARIS"},"content":{"rendered":"<p><strong>Este pacote inclui :<\/strong><\/p>\n<table class=\" cke_show_border\" border=\"0\" cellspacing=\"0\" cellpadding=\"0\">\n<tbody>\n<tr>\n<td>1 entrada com roup\u00e3o, toalha e chinelos<\/td>\n<td>39 \u20ac<\/td>\n<\/tr>\n<tr>\n<td>1 sab\u00e3o preto<\/td>\n<td>12 \u20ac<\/td>\n<\/tr>\n<tr>\n<td>1 luva de esfolia\u00e7\u00e3o<\/td>\n<td>12 \u20ac<\/td>\n<\/tr>\n<tr>\n<td>1 boi\u00e3o de creme de Arg\u00e3o<\/td>\n<td>20 \u20ac<\/td>\n<\/tr>\n<tr>\n<td>1 esfolia\u00e7\u00e3o \u00e9 feita por uma das nossas profissionais<\/td>\n<td>20 \u20ac<\/td>\n<\/tr>\n<tr>\n<td>1 massagem corporal 15 mn<\/td>\n<td>28 \u20ac<\/td>\n<\/tr>\n<tr>\n<td>1 m\u00e1scara de beleza + massagem facial<\/td>\n<td>30 \u20ac<\/td>\n<\/tr>\n<tr>\n<td>1 refei\u00e7\u00e3o inclui 1 prato + 1 sobremesa + 1 bebida soft.<\/td>\n<td>30 \u20ac<\/td>\n<\/tr>\n<tr>\n<td>Total \u00ab\u00a0cuidados adicionais\u00a0\u00bb :<\/td>\n<td><span style=\"text-decoration: line-through;\">191 \u20ac<\/span><\/td>\n<\/tr>\n<tr>\n<td><strong>Total\u00a0 pacote :<\/strong><\/td>\n<td><strong>140 \u20ac<\/strong><\/td>\n<\/tr>\n<\/tbody>\n<\/table>\n<p><strong>Um cuidado de beleza completo, que permite descontrair e hidratar intensamente o rosto e o corpo.\u00a0 N\u00e3o perca&#8230;<\/strong><\/p>\n<p>M\u00ednimo de 4 horas e 30 minutos &#8211; <strong>Senza appuntamento<\/strong><\/p>\n<p><strong>Os tempos indicados para cada procedimento podem ser mais longos em fun\u00e7\u00e3o do volume de trabalho e s\u00e3o dados a t\u00edtulo indicativo.<\/strong><\/p>\n<p>Estes pacotes s\u00e3o v\u00e1lidos durante 1 ano<br \/>\nV\u00e1lido exclusivamente no Hammam Pacha de PARIS<\/p>\n<p><strong>Massagem n\u00e3o terap\u00eautica<\/strong><\/p>\n<p><b>Depois de validar a sua encomenda poder\u00e1 fazer o download e imprimir diretamente os seus vales de oferta.<\/b><span style=\"color: #4e2222;\"><b><br \/>\n<\/b><\/span><\/p>\n","protected":false},"excerpt":{"rendered":"<p><strong>Um cuidado de beleza completo, que permite descontrair e hidratar intensamente o rosto e o corpo.\u00a0 N\u00e3o perca&#8230;<\/strong><\/p>\n","protected":false},"featured_media":29052,"template":"","meta":[],"product_brand":[],"product_cat":[129],"product_tag":[],"class_list":{"0":"post-9447","1":"product","2":"type-product","3":"status-publish","4":"has-post-thumbnail","6":"product_cat-pacotes","8":"first","9":"instock","10":"featured","11":"virtual","12":"taxable","13":"purchasable","14":"product-type-simple"},"_links":{"self":[{"href":"https:\/\/hammampacha.com\/shop\/wp-json\/wp\/v2\/product\/9447","targetHints":{"allow":["GET"]}}],"collection":[{"href":"https:\/\/hammampacha.com\/shop\/wp-json\/wp\/v2\/product"}],"about":[{"href":"https:\/\/hammampacha.com\/shop\/wp-json\/wp\/v2\/types\/product"}],"wp:featuredmedia":[{"embeddable":true,"href":"https:\/\/hammampacha.com\/shop\/wp-json\/wp\/v2\/media\/29052"}],"wp:attachment":[{"href":"https:\/\/hammampacha.com\/shop\/wp-json\/wp\/v2\/media?parent=9447"}],"wp:term":[{"taxonomy":"product_brand","embeddable":true,"href":"https:\/\/hammampacha.com\/shop\/wp-json\/wp\/v2\/product_brand?post=9447"},{"taxonomy":"product_cat","embeddable":true,"href":"https:\/\/hammampacha.com\/shop\/wp-json\/wp\/v2\/product_cat?post=9447"},{"taxonomy":"product_tag","embeddable":true,"href":"https:\/\/hammampacha.com\/shop\/wp-json\/wp\/v2\/product_tag?post=9447"}],"curies":[{"name":"wp","href":"https:\/\/api.w.org\/{rel}","templated":true}]}}