{"id":9909,"date":"2019-11-16T10:00:22","date_gmt":"2019-11-16T09:00:22","guid":{"rendered":"http:\/\/hammampacha.com\/shop\/produit\/envoltura-de-arcilla-suave-enjabonado-con-flor-de-naranja\/"},"modified":"2023-08-06T00:29:19","modified_gmt":"2023-08-05T22:29:19","slug":"envoltura-de-arcilla-suave-enjabonado-con-flor-de-naranja","status":"publish","type":"product","link":"https:\/\/hammampacha.com\/shop\/produit\/envoltura-de-arcilla-suave-enjabonado-con-flor-de-naranja\/?lang=es","title":{"rendered":"Envoltura de arcilla suave + enjabonado con flor de naranja"},"content":{"rendered":"<p><strong>Envoltura de arcilla suave + enjabonado con flor de naranja<\/strong><\/p>\n<p><u><strong>NB : Los masajes y cuidados requieren la compra de una entrada al Hammam o un paquete.<\/strong><\/u><\/p>\n<p><strong>M\u00ednimo de 2 a 4 horas, dependiendo de la ocupaci\u00f3n<\/strong> \u2013 <strong>Sin cita previa<\/strong><\/p>\n<p><strong>Los tiempos indicados para cada procedimiento pueden ser m\u00e1s largos en funci\u00f3n de la carga de trabajo y se dan a t\u00edtulo orientativo.<\/strong><\/p>\n<p>Esta entrada tiene vigencia durante 1 a\u00f1o a partir de su fecha de emisi\u00f3n.<\/p>\n<p>V\u00e1lido \u00fanicamente en el Hammam Pacha de Paris.<\/p>\n<p><b>Ahora puede descargar e imprimir directamente sus bonos de regalo en cuanto su pedido est\u00e9 terminado.<\/b><b><\/b><\/p>\n","protected":false},"excerpt":{"rendered":"<p><strong>Envoltura de arcilla suave + enjabonado con flor de naranja<\/strong><\/p>\n","protected":false},"featured_media":752,"template":"","meta":[],"product_brand":[],"product_cat":[123],"product_tag":[],"class_list":{"0":"post-9909","1":"product","2":"type-product","3":"status-publish","4":"has-post-thumbnail","6":"product_cat-nos-soins-es","8":"first","9":"instock","10":"virtual","11":"taxable","12":"purchasable","13":"product-type-simple"},"_links":{"self":[{"href":"https:\/\/hammampacha.com\/shop\/wp-json\/wp\/v2\/product\/9909","targetHints":{"allow":["GET"]}}],"collection":[{"href":"https:\/\/hammampacha.com\/shop\/wp-json\/wp\/v2\/product"}],"about":[{"href":"https:\/\/hammampacha.com\/shop\/wp-json\/wp\/v2\/types\/product"}],"wp:featuredmedia":[{"embeddable":true,"href":"https:\/\/hammampacha.com\/shop\/wp-json\/wp\/v2\/media\/752"}],"wp:attachment":[{"href":"https:\/\/hammampacha.com\/shop\/wp-json\/wp\/v2\/media?parent=9909"}],"wp:term":[{"taxonomy":"product_brand","embeddable":true,"href":"https:\/\/hammampacha.com\/shop\/wp-json\/wp\/v2\/product_brand?post=9909"},{"taxonomy":"product_cat","embeddable":true,"href":"https:\/\/hammampacha.com\/shop\/wp-json\/wp\/v2\/product_cat?post=9909"},{"taxonomy":"product_tag","embeddable":true,"href":"https:\/\/hammampacha.com\/shop\/wp-json\/wp\/v2\/product_tag?post=9909"}],"curies":[{"name":"wp","href":"https:\/\/api.w.org\/{rel}","templated":true}]}}