{"id":9916,"date":"2019-11-16T10:52:31","date_gmt":"2019-11-16T09:52:31","guid":{"rendered":"http:\/\/hammampacha.com\/shop\/produit\/schonheitsmaskeund-gesichtsmassage\/"},"modified":"2023-08-06T00:36:01","modified_gmt":"2023-08-05T22:36:01","slug":"maschera-di-bellezza-massaggio-viso","status":"publish","type":"product","link":"https:\/\/hammampacha.com\/shop\/produit\/maschera-di-bellezza-massaggio-viso\/?lang=it","title":{"rendered":"Maschera di bellezza + massaggio viso\u00a0"},"content":{"rendered":"<p><strong>Maschera di bellezza + massaggio viso\u00a0 Hammam Pacha<\/strong><\/p>\n<p><u><strong>NB : Per approfittare di questi trattamenti, \u00e8 necessario acquistare un biglietto d\u2019ingresso o un forfait<\/strong><\/u><\/p>\n<p><strong>Minimo 2-4 ore, a seconda dell&rsquo;affluenza<\/strong>\u00a0&#8211; <strong>Senza appuntamento<\/strong><\/p>\n<p><strong>Die f\u00fcr die einzelnen Verfahren angegebenen Zeiten k\u00f6nnen je nach Arbeitsaufwand l\u00e4nger sein und dienen nur als Richtwerte.<\/strong><\/p>\n<p>Tutti i nostri pacchetto sono validi 1 anno<br \/>\nValido solo a Hammam Pacha PARIS<\/p>\n<p><strong>\u00c8 possibile scaricare e stampare direttamente i vostri buoni regalo non appena l&rsquo;ordine \u00e8 completo.\u00a0<\/strong><\/p>\n","protected":false},"excerpt":{"rendered":"<p><strong>Maschera di bellezza + massaggio viso\u00a0<\/strong><\/p>\n","protected":false},"featured_media":772,"template":"","meta":[],"product_brand":[],"product_cat":[161],"product_tag":[],"class_list":{"0":"post-9916","1":"product","2":"type-product","3":"status-publish","4":"has-post-thumbnail","6":"product_cat-trattamenti-a-la-carte","8":"first","9":"instock","10":"virtual","11":"taxable","12":"purchasable","13":"product-type-simple"},"_links":{"self":[{"href":"https:\/\/hammampacha.com\/shop\/wp-json\/wp\/v2\/product\/9916","targetHints":{"allow":["GET"]}}],"collection":[{"href":"https:\/\/hammampacha.com\/shop\/wp-json\/wp\/v2\/product"}],"about":[{"href":"https:\/\/hammampacha.com\/shop\/wp-json\/wp\/v2\/types\/product"}],"wp:featuredmedia":[{"embeddable":true,"href":"https:\/\/hammampacha.com\/shop\/wp-json\/wp\/v2\/media\/772"}],"wp:attachment":[{"href":"https:\/\/hammampacha.com\/shop\/wp-json\/wp\/v2\/media?parent=9916"}],"wp:term":[{"taxonomy":"product_brand","embeddable":true,"href":"https:\/\/hammampacha.com\/shop\/wp-json\/wp\/v2\/product_brand?post=9916"},{"taxonomy":"product_cat","embeddable":true,"href":"https:\/\/hammampacha.com\/shop\/wp-json\/wp\/v2\/product_cat?post=9916"},{"taxonomy":"product_tag","embeddable":true,"href":"https:\/\/hammampacha.com\/shop\/wp-json\/wp\/v2\/product_tag?post=9916"}],"curies":[{"name":"wp","href":"https:\/\/api.w.org\/{rel}","templated":true}]}}