{"id":9931,"date":"2019-11-16T11:05:15","date_gmt":"2019-11-16T10:05:15","guid":{"rendered":"http:\/\/hammampacha.com\/shop\/produit\/envolvimento-com-algas-remocao-com-sabonete-de-flor-de-laranj\/"},"modified":"2023-08-06T01:13:18","modified_gmt":"2023-08-05T23:13:18","slug":"envolvimento-com-algas-remocao-com-sabonete-de-flor-de-laranj","status":"publish","type":"product","link":"https:\/\/hammampacha.com\/shop\/produit\/envolvimento-com-algas-remocao-com-sabonete-de-flor-de-laranj\/?lang=pt-pt","title":{"rendered":"Envolvimento com algas + remo\u00e7\u00e3o  com sabonete de flor de laranj"},"content":{"rendered":"<p><strong>Envolvimento com algas + remo\u00e7\u00e3o\u00a0 com sabonete de flor de laranjeira<\/strong><\/p>\n<p><strong><u>NB: as massagens e cuidados s\u00f3 podem ser efetuados mediante a compra de uma entrada no Hammam ou de um pacote.<\/u><\/strong><\/p>\n<p><strong>M\u00ednimo de 2 a 4 horas, consoante a ocupa\u00e7\u00e3o<\/strong> &#8211; <strong>Sem marca\u00e7\u00e3o<\/strong><\/p>\n<p><strong>Os tempos indicados para cada procedimento podem ser mais longos em fun\u00e7\u00e3o do volume de trabalho e s\u00e3o dados a t\u00edtulo indicativo.<\/strong><\/p>\n<p>Estes pacotes s\u00e3o v\u00e1lidos durante 1 ano<br \/>\nV\u00e1lido exclusivamente no Hammam Pacha de PARIS<\/p>\n<p><b>Depois de validar a sua encomenda poder\u00e1 fazer o download e imprimir diretamente os seus vales de oferta.\u00a0<\/b><\/p>\n","protected":false},"excerpt":{"rendered":"<p><strong>Envolvimento com algas + remo\u00e7\u00e3o com sabonete de flor de laranj<\/strong><\/p>\n","protected":false},"featured_media":734,"template":"","meta":[],"product_brand":[],"product_cat":[163],"product_tag":[],"class_list":{"0":"post-9931","1":"product","2":"type-product","3":"status-publish","4":"has-post-thumbnail","6":"product_cat-cuidados-a-carta","8":"first","9":"instock","10":"virtual","11":"taxable","12":"purchasable","13":"product-type-simple"},"_links":{"self":[{"href":"https:\/\/hammampacha.com\/shop\/wp-json\/wp\/v2\/product\/9931","targetHints":{"allow":["GET"]}}],"collection":[{"href":"https:\/\/hammampacha.com\/shop\/wp-json\/wp\/v2\/product"}],"about":[{"href":"https:\/\/hammampacha.com\/shop\/wp-json\/wp\/v2\/types\/product"}],"wp:featuredmedia":[{"embeddable":true,"href":"https:\/\/hammampacha.com\/shop\/wp-json\/wp\/v2\/media\/734"}],"wp:attachment":[{"href":"https:\/\/hammampacha.com\/shop\/wp-json\/wp\/v2\/media?parent=9931"}],"wp:term":[{"taxonomy":"product_brand","embeddable":true,"href":"https:\/\/hammampacha.com\/shop\/wp-json\/wp\/v2\/product_brand?post=9931"},{"taxonomy":"product_cat","embeddable":true,"href":"https:\/\/hammampacha.com\/shop\/wp-json\/wp\/v2\/product_cat?post=9931"},{"taxonomy":"product_tag","embeddable":true,"href":"https:\/\/hammampacha.com\/shop\/wp-json\/wp\/v2\/product_tag?post=9931"}],"curies":[{"name":"wp","href":"https:\/\/api.w.org\/{rel}","templated":true}]}}